{"id":203,"date":"2025-07-05T14:00:08","date_gmt":"2025-07-05T13:00:08","guid":{"rendered":"https:\/\/archimedeskirent.com\/?post_type=product&#038;p=203"},"modified":"2025-11-02T21:58:00","modified_gmt":"2025-11-02T20:58:00","slug":"coupe-vent","status":"publish","type":"product","link":"https:\/\/archimedeskirent.com\/fr\/prodotto\/coupe-vent\/","title":{"rendered":"Coupe-vent"},"content":{"rendered":"<p>Une veste de ski est con\u00e7ue pour offrir un maximum de confort et de protection sur les pistes, alliant des mat\u00e9riaux techniques de haute qualit\u00e9, une isolation thermique efficace et une r\u00e9sistance au vent. Dot\u00e9e de coutures \u00e9tanches, d\u2019une capuche r\u00e9glable et de nombreuses poches fonctionnelles, cette veste garantit chaleur, libert\u00e9 de mouvement et praticit\u00e9 par tous les temps. Id\u00e9ale pour profiter pleinement des journ\u00e9es sur la neige en toute s\u00e9curit\u00e9 et avec style, gr\u00e2ce \u00e0 des d\u00e9tails soign\u00e9s, une bonne respirabilit\u00e9 et un design moderne. Indispensable pour affronter aussi les descentes les plus exigeantes, tout en restant au sec et prot\u00e9g\u00e9.<\/p>\n","protected":false},"excerpt":{"rendered":"<p>Mati\u00e8re technique id\u00e9ale pour se prot\u00e9ger du froid et du vent et profiter de vos journ\u00e9es.<br \/>\nSi vous souhaitez r\u00e9server une veste de ski chaude \u00e0 votre taille <a href=\"https:\/\/archimedeskirent.com\/fr\/contatti\/\" class=\"wp-block-button__link has-text-align-center wp-element-button btn\" style=\"margin-left: 2rem; padding:5px\">CONTACTEZ-NOUS<\/a><\/p>\n","protected":false},"featured_media":1671,"template":"","meta":[],"product_brand":[],"product_cat":[36,49],"product_tag":[],"class_list":{"0":"post-203","1":"product","2":"type-product","3":"status-publish","4":"has-post-thumbnail","6":"product_cat-accessoires","7":"product_cat-vetements","9":"first","10":"instock","11":"shipping-taxable","12":"product-type-simple"},"yoast_head":"<!-- This site is optimized with the Yoast SEO plugin v26.6 - https:\/\/yoast.com\/wordpress\/plugins\/seo\/ -->\n<title>Coupe-vent - Archimede SkiRent<\/title>\n<meta name=\"robots\" content=\"index, follow, max-snippet:-1, max-image-preview:large, max-video-preview:-1\" \/>\n<link rel=\"canonical\" href=\"https:\/\/archimedeskirent.com\/fr\/prodotto\/coupe-vent\/\" \/>\n<meta property=\"og:locale\" content=\"fr_FR\" \/>\n<meta property=\"og:type\" content=\"article\" \/>\n<meta property=\"og:title\" content=\"Coupe-vent - Archimede SkiRent\" \/>\n<meta property=\"og:description\" content=\"Mati\u00e8re technique id\u00e9ale pour se prot\u00e9ger du froid et du vent et profiter de vos journ\u00e9es. Si vous souhaitez r\u00e9server une veste de ski chaude \u00e0 votre taille CONTACTEZ-NOUS\" \/>\n<meta property=\"og:url\" content=\"https:\/\/archimedeskirent.com\/fr\/prodotto\/coupe-vent\/\" \/>\n<meta property=\"og:site_name\" content=\"Archimede SkiRent\" \/>\n<meta property=\"article:modified_time\" content=\"2025-11-02T20:58:00+00:00\" \/>\n<meta property=\"og:image\" content=\"https:\/\/archimedeskirent.com\/wp-content\/uploads\/2025\/10\/Giacca_a_vento.jpg\" \/>\n\t<meta property=\"og:image:width\" content=\"800\" \/>\n\t<meta property=\"og:image:height\" content=\"800\" \/>\n\t<meta property=\"og:image:type\" content=\"image\/jpeg\" \/>\n<meta name=\"twitter:card\" content=\"summary_large_image\" \/>\n<meta name=\"twitter:label1\" content=\"Dur\u00e9e de lecture estim\u00e9e\" \/>\n\t<meta name=\"twitter:data1\" content=\"1 minute\" \/>\n<script type=\"application\/ld+json\" class=\"yoast-schema-graph\">{\"@context\":\"https:\/\/schema.org\",\"@graph\":[{\"@type\":\"WebPage\",\"@id\":\"https:\/\/archimedeskirent.com\/fr\/prodotto\/coupe-vent\/\",\"url\":\"https:\/\/archimedeskirent.com\/fr\/prodotto\/coupe-vent\/\",\"name\":\"Coupe-vent - Archimede SkiRent\",\"isPartOf\":{\"@id\":\"https:\/\/archimedeskirent.com\/#website\"},\"primaryImageOfPage\":{\"@id\":\"https:\/\/archimedeskirent.com\/fr\/prodotto\/coupe-vent\/#primaryimage\"},\"image\":{\"@id\":\"https:\/\/archimedeskirent.com\/fr\/prodotto\/coupe-vent\/#primaryimage\"},\"thumbnailUrl\":\"https:\/\/archimedeskirent.com\/wp-content\/uploads\/2025\/10\/Giacca_a_vento.jpg\",\"datePublished\":\"2025-07-05T13:00:08+00:00\",\"dateModified\":\"2025-11-02T20:58:00+00:00\",\"breadcrumb\":{\"@id\":\"https:\/\/archimedeskirent.com\/fr\/prodotto\/coupe-vent\/#breadcrumb\"},\"inLanguage\":\"fr-FR\",\"potentialAction\":[{\"@type\":\"ReadAction\",\"target\":[\"https:\/\/archimedeskirent.com\/fr\/prodotto\/coupe-vent\/\"]}]},{\"@type\":\"ImageObject\",\"inLanguage\":\"fr-FR\",\"@id\":\"https:\/\/archimedeskirent.com\/fr\/prodotto\/coupe-vent\/#primaryimage\",\"url\":\"https:\/\/archimedeskirent.com\/wp-content\/uploads\/2025\/10\/Giacca_a_vento.jpg\",\"contentUrl\":\"https:\/\/archimedeskirent.com\/wp-content\/uploads\/2025\/10\/Giacca_a_vento.jpg\",\"width\":800,\"height\":800},{\"@type\":\"BreadcrumbList\",\"@id\":\"https:\/\/archimedeskirent.com\/fr\/prodotto\/coupe-vent\/#breadcrumb\",\"itemListElement\":[{\"@type\":\"ListItem\",\"position\":1,\"name\":\"Home\",\"item\":\"https:\/\/archimedeskirent.com\/fr\/\"},{\"@type\":\"ListItem\",\"position\":2,\"name\":\"Boutique\",\"item\":\"https:\/\/archimedeskirent.com\/negozio\/\"},{\"@type\":\"ListItem\",\"position\":3,\"name\":\"Coupe-vent\"}]},{\"@type\":\"WebSite\",\"@id\":\"https:\/\/archimedeskirent.com\/#website\",\"url\":\"https:\/\/archimedeskirent.com\/\",\"name\":\"Archimede SkiRent\",\"description\":\"\",\"potentialAction\":[{\"@type\":\"SearchAction\",\"target\":{\"@type\":\"EntryPoint\",\"urlTemplate\":\"https:\/\/archimedeskirent.com\/?s={search_term_string}\"},\"query-input\":{\"@type\":\"PropertyValueSpecification\",\"valueRequired\":true,\"valueName\":\"search_term_string\"}}],\"inLanguage\":\"fr-FR\"}]}<\/script>\n<!-- \/ Yoast SEO plugin. -->","yoast_head_json":{"title":"Coupe-vent - Archimede SkiRent","robots":{"index":"index","follow":"follow","max-snippet":"max-snippet:-1","max-image-preview":"max-image-preview:large","max-video-preview":"max-video-preview:-1"},"canonical":"https:\/\/archimedeskirent.com\/fr\/prodotto\/coupe-vent\/","og_locale":"fr_FR","og_type":"article","og_title":"Coupe-vent - Archimede SkiRent","og_description":"Mati\u00e8re technique id\u00e9ale pour se prot\u00e9ger du froid et du vent et profiter de vos journ\u00e9es. Si vous souhaitez r\u00e9server une veste de ski chaude \u00e0 votre taille CONTACTEZ-NOUS","og_url":"https:\/\/archimedeskirent.com\/fr\/prodotto\/coupe-vent\/","og_site_name":"Archimede SkiRent","article_modified_time":"2025-11-02T20:58:00+00:00","og_image":[{"width":800,"height":800,"url":"https:\/\/archimedeskirent.com\/wp-content\/uploads\/2025\/10\/Giacca_a_vento.jpg","type":"image\/jpeg"}],"twitter_card":"summary_large_image","twitter_misc":{"Dur\u00e9e de lecture estim\u00e9e":"1 minute"},"schema":{"@context":"https:\/\/schema.org","@graph":[{"@type":"WebPage","@id":"https:\/\/archimedeskirent.com\/fr\/prodotto\/coupe-vent\/","url":"https:\/\/archimedeskirent.com\/fr\/prodotto\/coupe-vent\/","name":"Coupe-vent - Archimede SkiRent","isPartOf":{"@id":"https:\/\/archimedeskirent.com\/#website"},"primaryImageOfPage":{"@id":"https:\/\/archimedeskirent.com\/fr\/prodotto\/coupe-vent\/#primaryimage"},"image":{"@id":"https:\/\/archimedeskirent.com\/fr\/prodotto\/coupe-vent\/#primaryimage"},"thumbnailUrl":"https:\/\/archimedeskirent.com\/wp-content\/uploads\/2025\/10\/Giacca_a_vento.jpg","datePublished":"2025-07-05T13:00:08+00:00","dateModified":"2025-11-02T20:58:00+00:00","breadcrumb":{"@id":"https:\/\/archimedeskirent.com\/fr\/prodotto\/coupe-vent\/#breadcrumb"},"inLanguage":"fr-FR","potentialAction":[{"@type":"ReadAction","target":["https:\/\/archimedeskirent.com\/fr\/prodotto\/coupe-vent\/"]}]},{"@type":"ImageObject","inLanguage":"fr-FR","@id":"https:\/\/archimedeskirent.com\/fr\/prodotto\/coupe-vent\/#primaryimage","url":"https:\/\/archimedeskirent.com\/wp-content\/uploads\/2025\/10\/Giacca_a_vento.jpg","contentUrl":"https:\/\/archimedeskirent.com\/wp-content\/uploads\/2025\/10\/Giacca_a_vento.jpg","width":800,"height":800},{"@type":"BreadcrumbList","@id":"https:\/\/archimedeskirent.com\/fr\/prodotto\/coupe-vent\/#breadcrumb","itemListElement":[{"@type":"ListItem","position":1,"name":"Home","item":"https:\/\/archimedeskirent.com\/fr\/"},{"@type":"ListItem","position":2,"name":"Boutique","item":"https:\/\/archimedeskirent.com\/negozio\/"},{"@type":"ListItem","position":3,"name":"Coupe-vent"}]},{"@type":"WebSite","@id":"https:\/\/archimedeskirent.com\/#website","url":"https:\/\/archimedeskirent.com\/","name":"Archimede SkiRent","description":"","potentialAction":[{"@type":"SearchAction","target":{"@type":"EntryPoint","urlTemplate":"https:\/\/archimedeskirent.com\/?s={search_term_string}"},"query-input":{"@type":"PropertyValueSpecification","valueRequired":true,"valueName":"search_term_string"}}],"inLanguage":"fr-FR"}]}},"jetpack_sharing_enabled":true,"_links":{"self":[{"href":"https:\/\/archimedeskirent.com\/fr\/wp-json\/wp\/v2\/product\/203","targetHints":{"allow":["GET"]}}],"collection":[{"href":"https:\/\/archimedeskirent.com\/fr\/wp-json\/wp\/v2\/product"}],"about":[{"href":"https:\/\/archimedeskirent.com\/fr\/wp-json\/wp\/v2\/types\/product"}],"wp:featuredmedia":[{"embeddable":true,"href":"https:\/\/archimedeskirent.com\/fr\/wp-json\/wp\/v2\/media\/1671"}],"wp:attachment":[{"href":"https:\/\/archimedeskirent.com\/fr\/wp-json\/wp\/v2\/media?parent=203"}],"wp:term":[{"taxonomy":"product_brand","embeddable":true,"href":"https:\/\/archimedeskirent.com\/fr\/wp-json\/wp\/v2\/product_brand?post=203"},{"taxonomy":"product_cat","embeddable":true,"href":"https:\/\/archimedeskirent.com\/fr\/wp-json\/wp\/v2\/product_cat?post=203"},{"taxonomy":"product_tag","embeddable":true,"href":"https:\/\/archimedeskirent.com\/fr\/wp-json\/wp\/v2\/product_tag?post=203"}],"curies":[{"name":"wp","href":"https:\/\/api.w.org\/{rel}","templated":true}]}}