{"id":1610,"date":"2025-09-25T15:53:30","date_gmt":"2025-09-25T14:53:30","guid":{"rendered":"https:\/\/archimedeskirent.com\/?post_type=product&#038;p=1610"},"modified":"2025-11-02T22:01:05","modified_gmt":"2025-11-02T21:01:05","slug":"pantalon-de-ski","status":"publish","type":"product","link":"https:\/\/archimedeskirent.com\/fr\/prodotto\/pantalon-de-ski\/","title":{"rendered":"Pantalon de ski"},"content":{"rendered":"<p>Les pantalons de ski sont con\u00e7us pour garantir confort, protection contre le froid et libert\u00e9 de mouvement durant toutes les activit\u00e9s sur la neige. R\u00e9alis\u00e9s avec des tissus techniques, imperm\u00e9ables et respirants, ils assurent une isolation thermique m\u00eame dans les conditions les plus extr\u00eames. Avec des coutures scell\u00e9es, des fermetures r\u00e9glables et des poches pratiques, ces pantalons sont id\u00e9aux pour profiter au maximum de vos journ\u00e9es en montagne, en restant toujours au chaud et au sec. Un v\u00eatement essentiel pour affronter chaque descente en toute s\u00e9curit\u00e9 et avec style, adapt\u00e9 aussi bien aux skieurs experts qu&rsquo;aux d\u00e9butants.<\/p>\n","protected":false},"excerpt":{"rendered":"<p>Pour r\u00e9server des pantalons chauds, techniques et \u00e0 votre taille <a class=\"wp-block-button__link has-text-align-center wp-element-button btn\" style=\"margin-left: 2rem; padding: 5px;\" href=\"https:\/\/archimedeskirent.com\/fr\/contatti\/\">CONTACTEZ-NOUS<\/a><\/p>\n","protected":false},"featured_media":1674,"template":"","meta":[],"product_brand":[],"product_cat":[36,49],"product_tag":[],"class_list":{"0":"post-1610","1":"product","2":"type-product","3":"status-publish","4":"has-post-thumbnail","6":"product_cat-accessoires","7":"product_cat-vetements","9":"first","10":"instock","11":"virtual","12":"product-type-simple"},"yoast_head":"<!-- This site is optimized with the Yoast SEO plugin v26.6 - https:\/\/yoast.com\/wordpress\/plugins\/seo\/ -->\n<title>Pantalon de ski - Archimede SkiRent<\/title>\n<meta name=\"robots\" content=\"index, follow, max-snippet:-1, max-image-preview:large, max-video-preview:-1\" \/>\n<link rel=\"canonical\" href=\"https:\/\/archimedeskirent.com\/fr\/prodotto\/pantalon-de-ski\/\" \/>\n<meta property=\"og:locale\" content=\"fr_FR\" \/>\n<meta property=\"og:type\" content=\"article\" \/>\n<meta property=\"og:title\" content=\"Pantalon de ski - Archimede SkiRent\" \/>\n<meta property=\"og:description\" content=\"Pour r\u00e9server des pantalons chauds, techniques et \u00e0 votre taille CONTACTEZ-NOUS\" \/>\n<meta property=\"og:url\" content=\"https:\/\/archimedeskirent.com\/fr\/prodotto\/pantalon-de-ski\/\" \/>\n<meta property=\"og:site_name\" content=\"Archimede SkiRent\" \/>\n<meta property=\"article:modified_time\" content=\"2025-11-02T21:01:05+00:00\" \/>\n<meta property=\"og:image\" content=\"https:\/\/archimedeskirent.com\/wp-content\/uploads\/2025\/10\/Pantaloni.jpg\" \/>\n\t<meta property=\"og:image:width\" content=\"800\" \/>\n\t<meta property=\"og:image:height\" content=\"800\" \/>\n\t<meta property=\"og:image:type\" content=\"image\/jpeg\" \/>\n<meta name=\"twitter:card\" content=\"summary_large_image\" \/>\n<meta name=\"twitter:label1\" content=\"Dur\u00e9e de lecture estim\u00e9e\" \/>\n\t<meta name=\"twitter:data1\" content=\"1 minute\" \/>\n<script type=\"application\/ld+json\" class=\"yoast-schema-graph\">{\"@context\":\"https:\/\/schema.org\",\"@graph\":[{\"@type\":\"WebPage\",\"@id\":\"https:\/\/archimedeskirent.com\/fr\/prodotto\/pantalon-de-ski\/\",\"url\":\"https:\/\/archimedeskirent.com\/fr\/prodotto\/pantalon-de-ski\/\",\"name\":\"Pantalon de ski - Archimede SkiRent\",\"isPartOf\":{\"@id\":\"https:\/\/archimedeskirent.com\/#website\"},\"primaryImageOfPage\":{\"@id\":\"https:\/\/archimedeskirent.com\/fr\/prodotto\/pantalon-de-ski\/#primaryimage\"},\"image\":{\"@id\":\"https:\/\/archimedeskirent.com\/fr\/prodotto\/pantalon-de-ski\/#primaryimage\"},\"thumbnailUrl\":\"https:\/\/archimedeskirent.com\/wp-content\/uploads\/2025\/10\/Pantaloni.jpg\",\"datePublished\":\"2025-09-25T14:53:30+00:00\",\"dateModified\":\"2025-11-02T21:01:05+00:00\",\"breadcrumb\":{\"@id\":\"https:\/\/archimedeskirent.com\/fr\/prodotto\/pantalon-de-ski\/#breadcrumb\"},\"inLanguage\":\"fr-FR\",\"potentialAction\":[{\"@type\":\"ReadAction\",\"target\":[\"https:\/\/archimedeskirent.com\/fr\/prodotto\/pantalon-de-ski\/\"]}]},{\"@type\":\"ImageObject\",\"inLanguage\":\"fr-FR\",\"@id\":\"https:\/\/archimedeskirent.com\/fr\/prodotto\/pantalon-de-ski\/#primaryimage\",\"url\":\"https:\/\/archimedeskirent.com\/wp-content\/uploads\/2025\/10\/Pantaloni.jpg\",\"contentUrl\":\"https:\/\/archimedeskirent.com\/wp-content\/uploads\/2025\/10\/Pantaloni.jpg\",\"width\":800,\"height\":800},{\"@type\":\"BreadcrumbList\",\"@id\":\"https:\/\/archimedeskirent.com\/fr\/prodotto\/pantalon-de-ski\/#breadcrumb\",\"itemListElement\":[{\"@type\":\"ListItem\",\"position\":1,\"name\":\"Home\",\"item\":\"https:\/\/archimedeskirent.com\/fr\/\"},{\"@type\":\"ListItem\",\"position\":2,\"name\":\"Boutique\",\"item\":\"https:\/\/archimedeskirent.com\/negozio\/\"},{\"@type\":\"ListItem\",\"position\":3,\"name\":\"Pantalon de ski\"}]},{\"@type\":\"WebSite\",\"@id\":\"https:\/\/archimedeskirent.com\/#website\",\"url\":\"https:\/\/archimedeskirent.com\/\",\"name\":\"Archimede SkiRent\",\"description\":\"\",\"potentialAction\":[{\"@type\":\"SearchAction\",\"target\":{\"@type\":\"EntryPoint\",\"urlTemplate\":\"https:\/\/archimedeskirent.com\/?s={search_term_string}\"},\"query-input\":{\"@type\":\"PropertyValueSpecification\",\"valueRequired\":true,\"valueName\":\"search_term_string\"}}],\"inLanguage\":\"fr-FR\"}]}<\/script>\n<!-- \/ Yoast SEO plugin. -->","yoast_head_json":{"title":"Pantalon de ski - Archimede SkiRent","robots":{"index":"index","follow":"follow","max-snippet":"max-snippet:-1","max-image-preview":"max-image-preview:large","max-video-preview":"max-video-preview:-1"},"canonical":"https:\/\/archimedeskirent.com\/fr\/prodotto\/pantalon-de-ski\/","og_locale":"fr_FR","og_type":"article","og_title":"Pantalon de ski - Archimede SkiRent","og_description":"Pour r\u00e9server des pantalons chauds, techniques et \u00e0 votre taille CONTACTEZ-NOUS","og_url":"https:\/\/archimedeskirent.com\/fr\/prodotto\/pantalon-de-ski\/","og_site_name":"Archimede SkiRent","article_modified_time":"2025-11-02T21:01:05+00:00","og_image":[{"width":800,"height":800,"url":"https:\/\/archimedeskirent.com\/wp-content\/uploads\/2025\/10\/Pantaloni.jpg","type":"image\/jpeg"}],"twitter_card":"summary_large_image","twitter_misc":{"Dur\u00e9e de lecture estim\u00e9e":"1 minute"},"schema":{"@context":"https:\/\/schema.org","@graph":[{"@type":"WebPage","@id":"https:\/\/archimedeskirent.com\/fr\/prodotto\/pantalon-de-ski\/","url":"https:\/\/archimedeskirent.com\/fr\/prodotto\/pantalon-de-ski\/","name":"Pantalon de ski - Archimede SkiRent","isPartOf":{"@id":"https:\/\/archimedeskirent.com\/#website"},"primaryImageOfPage":{"@id":"https:\/\/archimedeskirent.com\/fr\/prodotto\/pantalon-de-ski\/#primaryimage"},"image":{"@id":"https:\/\/archimedeskirent.com\/fr\/prodotto\/pantalon-de-ski\/#primaryimage"},"thumbnailUrl":"https:\/\/archimedeskirent.com\/wp-content\/uploads\/2025\/10\/Pantaloni.jpg","datePublished":"2025-09-25T14:53:30+00:00","dateModified":"2025-11-02T21:01:05+00:00","breadcrumb":{"@id":"https:\/\/archimedeskirent.com\/fr\/prodotto\/pantalon-de-ski\/#breadcrumb"},"inLanguage":"fr-FR","potentialAction":[{"@type":"ReadAction","target":["https:\/\/archimedeskirent.com\/fr\/prodotto\/pantalon-de-ski\/"]}]},{"@type":"ImageObject","inLanguage":"fr-FR","@id":"https:\/\/archimedeskirent.com\/fr\/prodotto\/pantalon-de-ski\/#primaryimage","url":"https:\/\/archimedeskirent.com\/wp-content\/uploads\/2025\/10\/Pantaloni.jpg","contentUrl":"https:\/\/archimedeskirent.com\/wp-content\/uploads\/2025\/10\/Pantaloni.jpg","width":800,"height":800},{"@type":"BreadcrumbList","@id":"https:\/\/archimedeskirent.com\/fr\/prodotto\/pantalon-de-ski\/#breadcrumb","itemListElement":[{"@type":"ListItem","position":1,"name":"Home","item":"https:\/\/archimedeskirent.com\/fr\/"},{"@type":"ListItem","position":2,"name":"Boutique","item":"https:\/\/archimedeskirent.com\/negozio\/"},{"@type":"ListItem","position":3,"name":"Pantalon de ski"}]},{"@type":"WebSite","@id":"https:\/\/archimedeskirent.com\/#website","url":"https:\/\/archimedeskirent.com\/","name":"Archimede SkiRent","description":"","potentialAction":[{"@type":"SearchAction","target":{"@type":"EntryPoint","urlTemplate":"https:\/\/archimedeskirent.com\/?s={search_term_string}"},"query-input":{"@type":"PropertyValueSpecification","valueRequired":true,"valueName":"search_term_string"}}],"inLanguage":"fr-FR"}]}},"jetpack_sharing_enabled":true,"_links":{"self":[{"href":"https:\/\/archimedeskirent.com\/fr\/wp-json\/wp\/v2\/product\/1610","targetHints":{"allow":["GET"]}}],"collection":[{"href":"https:\/\/archimedeskirent.com\/fr\/wp-json\/wp\/v2\/product"}],"about":[{"href":"https:\/\/archimedeskirent.com\/fr\/wp-json\/wp\/v2\/types\/product"}],"wp:featuredmedia":[{"embeddable":true,"href":"https:\/\/archimedeskirent.com\/fr\/wp-json\/wp\/v2\/media\/1674"}],"wp:attachment":[{"href":"https:\/\/archimedeskirent.com\/fr\/wp-json\/wp\/v2\/media?parent=1610"}],"wp:term":[{"taxonomy":"product_brand","embeddable":true,"href":"https:\/\/archimedeskirent.com\/fr\/wp-json\/wp\/v2\/product_brand?post=1610"},{"taxonomy":"product_cat","embeddable":true,"href":"https:\/\/archimedeskirent.com\/fr\/wp-json\/wp\/v2\/product_cat?post=1610"},{"taxonomy":"product_tag","embeddable":true,"href":"https:\/\/archimedeskirent.com\/fr\/wp-json\/wp\/v2\/product_tag?post=1610"}],"curies":[{"name":"wp","href":"https:\/\/api.w.org\/{rel}","templated":true}]}}