{"id":151,"date":"2025-06-24T15:40:12","date_gmt":"2025-06-24T14:40:12","guid":{"rendered":"https:\/\/archimedeskirent.com\/?post_type=product&#038;p=151"},"modified":"2025-09-19T11:42:11","modified_gmt":"2025-09-19T10:42:11","slug":"ski-bronze","status":"publish","type":"product","link":"https:\/\/archimedeskirent.com\/fr\/prodotto\/ski-bronze\/","title":{"rendered":"Ski bronze"},"content":{"rendered":"<p>Les skieurs d\u00e9butants ou en p\u00e9riode d\u2019apprentissage privil\u00e9gieront la gamme bronze, qui leur apportera s\u00e9curit\u00e9, maniabilit\u00e9, stabilit\u00e9 et confort, pour une pratique rassurante.<br \/>\nPour la location en ligne, les raquettes sont gratuites !<\/p>\n","protected":false},"excerpt":{"rendered":"<p>Skis Bronze \u2014 s\u00e9curit\u00e9, confort et maniabilit\u00e9 pour d\u00e9butants. Raquettes offertes en location en ligne\u202f!<\/p>\n","protected":false},"featured_media":801,"template":"","meta":[],"product_brand":[],"product_cat":[38],"product_tag":[],"class_list":{"0":"post-151","1":"product","2":"type-product","3":"status-publish","4":"has-post-thumbnail","6":"product_cat-ski-fr","8":"first","9":"instock","10":"virtual","11":"purchasable","12":"product-type-simple"},"yoast_head":"<!-- This site is optimized with the Yoast SEO plugin v27.4 - https:\/\/yoast.com\/product\/yoast-seo-wordpress\/ -->\n<title>Ski bronze - Archimede SkiRent<\/title>\n<meta name=\"robots\" content=\"index, follow, max-snippet:-1, max-image-preview:large, max-video-preview:-1\" \/>\n<link rel=\"canonical\" href=\"https:\/\/archimedeskirent.com\/prodotto\/sci-bronzo\/\" \/>\n<meta property=\"og:locale\" content=\"fr_FR\" \/>\n<meta property=\"og:type\" content=\"article\" \/>\n<meta property=\"og:title\" content=\"Ski bronze - Archimede SkiRent\" \/>\n<meta property=\"og:description\" content=\"Skis Bronze \u2014 s\u00e9curit\u00e9, confort et maniabilit\u00e9 pour d\u00e9butants. Raquettes offertes en location en ligne\u202f!\" \/>\n<meta property=\"og:url\" content=\"https:\/\/archimedeskirent.com\/prodotto\/sci-bronzo\/\" \/>\n<meta property=\"og:site_name\" content=\"Archimede SkiRent\" \/>\n<meta property=\"article:modified_time\" content=\"2025-09-19T10:42:11+00:00\" \/>\n<meta property=\"og:image\" content=\"https:\/\/archimedeskirent.com\/wp-content\/uploads\/2025\/07\/Sci-Ski-bronzo.png\" \/>\n\t<meta property=\"og:image:width\" content=\"2000\" \/>\n\t<meta property=\"og:image:height\" content=\"2000\" \/>\n\t<meta property=\"og:image:type\" content=\"image\/png\" \/>\n<meta name=\"twitter:card\" content=\"summary_large_image\" \/>\n<script type=\"application\/ld+json\" class=\"yoast-schema-graph\">{\"@context\":\"https:\\\/\\\/schema.org\",\"@graph\":[{\"@type\":\"WebPage\",\"@id\":\"https:\\\/\\\/archimedeskirent.com\\\/prodotto\\\/sci-bronzo\\\/\",\"url\":\"https:\\\/\\\/archimedeskirent.com\\\/prodotto\\\/sci-bronzo\\\/\",\"name\":\"Ski bronze - Archimede SkiRent\",\"isPartOf\":{\"@id\":\"https:\\\/\\\/archimedeskirent.com\\\/#website\"},\"primaryImageOfPage\":{\"@id\":\"https:\\\/\\\/archimedeskirent.com\\\/prodotto\\\/sci-bronzo\\\/#primaryimage\"},\"image\":{\"@id\":\"https:\\\/\\\/archimedeskirent.com\\\/prodotto\\\/sci-bronzo\\\/#primaryimage\"},\"thumbnailUrl\":\"https:\\\/\\\/archimedeskirent.com\\\/wp-content\\\/uploads\\\/2025\\\/07\\\/Sci-Ski-bronzo.png\",\"datePublished\":\"2025-06-24T14:40:12+00:00\",\"dateModified\":\"2025-09-19T10:42:11+00:00\",\"breadcrumb\":{\"@id\":\"https:\\\/\\\/archimedeskirent.com\\\/prodotto\\\/sci-bronzo\\\/#breadcrumb\"},\"inLanguage\":\"fr-FR\",\"potentialAction\":[{\"@type\":\"ReadAction\",\"target\":[\"https:\\\/\\\/archimedeskirent.com\\\/prodotto\\\/sci-bronzo\\\/\"]}]},{\"@type\":\"ImageObject\",\"inLanguage\":\"fr-FR\",\"@id\":\"https:\\\/\\\/archimedeskirent.com\\\/prodotto\\\/sci-bronzo\\\/#primaryimage\",\"url\":\"https:\\\/\\\/archimedeskirent.com\\\/wp-content\\\/uploads\\\/2025\\\/07\\\/Sci-Ski-bronzo.png\",\"contentUrl\":\"https:\\\/\\\/archimedeskirent.com\\\/wp-content\\\/uploads\\\/2025\\\/07\\\/Sci-Ski-bronzo.png\",\"width\":2000,\"height\":2000},{\"@type\":\"BreadcrumbList\",\"@id\":\"https:\\\/\\\/archimedeskirent.com\\\/prodotto\\\/sci-bronzo\\\/#breadcrumb\",\"itemListElement\":[{\"@type\":\"ListItem\",\"position\":1,\"name\":\"Home\",\"item\":\"https:\\\/\\\/archimedeskirent.com\\\/fr\\\/\"},{\"@type\":\"ListItem\",\"position\":2,\"name\":\"Boutique\",\"item\":\"https:\\\/\\\/archimedeskirent.com\\\/negozio\\\/\"},{\"@type\":\"ListItem\",\"position\":3,\"name\":\"Ski bronze\"}]},{\"@type\":\"WebSite\",\"@id\":\"https:\\\/\\\/archimedeskirent.com\\\/#website\",\"url\":\"https:\\\/\\\/archimedeskirent.com\\\/\",\"name\":\"Archimede SkiRent\",\"description\":\"\",\"potentialAction\":[{\"@type\":\"SearchAction\",\"target\":{\"@type\":\"EntryPoint\",\"urlTemplate\":\"https:\\\/\\\/archimedeskirent.com\\\/?s={search_term_string}\"},\"query-input\":{\"@type\":\"PropertyValueSpecification\",\"valueRequired\":true,\"valueName\":\"search_term_string\"}}],\"inLanguage\":\"fr-FR\"}]}<\/script>\n<!-- \/ Yoast SEO plugin. -->","yoast_head_json":{"title":"Ski bronze - Archimede SkiRent","robots":{"index":"index","follow":"follow","max-snippet":"max-snippet:-1","max-image-preview":"max-image-preview:large","max-video-preview":"max-video-preview:-1"},"canonical":"https:\/\/archimedeskirent.com\/prodotto\/sci-bronzo\/","og_locale":"fr_FR","og_type":"article","og_title":"Ski bronze - Archimede SkiRent","og_description":"Skis Bronze \u2014 s\u00e9curit\u00e9, confort et maniabilit\u00e9 pour d\u00e9butants. Raquettes offertes en location en ligne\u202f!","og_url":"https:\/\/archimedeskirent.com\/prodotto\/sci-bronzo\/","og_site_name":"Archimede SkiRent","article_modified_time":"2025-09-19T10:42:11+00:00","og_image":[{"width":2000,"height":2000,"url":"https:\/\/archimedeskirent.com\/wp-content\/uploads\/2025\/07\/Sci-Ski-bronzo.png","type":"image\/png"}],"twitter_card":"summary_large_image","schema":{"@context":"https:\/\/schema.org","@graph":[{"@type":"WebPage","@id":"https:\/\/archimedeskirent.com\/prodotto\/sci-bronzo\/","url":"https:\/\/archimedeskirent.com\/prodotto\/sci-bronzo\/","name":"Ski bronze - Archimede SkiRent","isPartOf":{"@id":"https:\/\/archimedeskirent.com\/#website"},"primaryImageOfPage":{"@id":"https:\/\/archimedeskirent.com\/prodotto\/sci-bronzo\/#primaryimage"},"image":{"@id":"https:\/\/archimedeskirent.com\/prodotto\/sci-bronzo\/#primaryimage"},"thumbnailUrl":"https:\/\/archimedeskirent.com\/wp-content\/uploads\/2025\/07\/Sci-Ski-bronzo.png","datePublished":"2025-06-24T14:40:12+00:00","dateModified":"2025-09-19T10:42:11+00:00","breadcrumb":{"@id":"https:\/\/archimedeskirent.com\/prodotto\/sci-bronzo\/#breadcrumb"},"inLanguage":"fr-FR","potentialAction":[{"@type":"ReadAction","target":["https:\/\/archimedeskirent.com\/prodotto\/sci-bronzo\/"]}]},{"@type":"ImageObject","inLanguage":"fr-FR","@id":"https:\/\/archimedeskirent.com\/prodotto\/sci-bronzo\/#primaryimage","url":"https:\/\/archimedeskirent.com\/wp-content\/uploads\/2025\/07\/Sci-Ski-bronzo.png","contentUrl":"https:\/\/archimedeskirent.com\/wp-content\/uploads\/2025\/07\/Sci-Ski-bronzo.png","width":2000,"height":2000},{"@type":"BreadcrumbList","@id":"https:\/\/archimedeskirent.com\/prodotto\/sci-bronzo\/#breadcrumb","itemListElement":[{"@type":"ListItem","position":1,"name":"Home","item":"https:\/\/archimedeskirent.com\/fr\/"},{"@type":"ListItem","position":2,"name":"Boutique","item":"https:\/\/archimedeskirent.com\/negozio\/"},{"@type":"ListItem","position":3,"name":"Ski bronze"}]},{"@type":"WebSite","@id":"https:\/\/archimedeskirent.com\/#website","url":"https:\/\/archimedeskirent.com\/","name":"Archimede SkiRent","description":"","potentialAction":[{"@type":"SearchAction","target":{"@type":"EntryPoint","urlTemplate":"https:\/\/archimedeskirent.com\/?s={search_term_string}"},"query-input":{"@type":"PropertyValueSpecification","valueRequired":true,"valueName":"search_term_string"}}],"inLanguage":"fr-FR"}]}},"jetpack_sharing_enabled":true,"_links":{"self":[{"href":"https:\/\/archimedeskirent.com\/fr\/wp-json\/wp\/v2\/product\/151","targetHints":{"allow":["GET"]}}],"collection":[{"href":"https:\/\/archimedeskirent.com\/fr\/wp-json\/wp\/v2\/product"}],"about":[{"href":"https:\/\/archimedeskirent.com\/fr\/wp-json\/wp\/v2\/types\/product"}],"wp:featuredmedia":[{"embeddable":true,"href":"https:\/\/archimedeskirent.com\/fr\/wp-json\/wp\/v2\/media\/801"}],"wp:attachment":[{"href":"https:\/\/archimedeskirent.com\/fr\/wp-json\/wp\/v2\/media?parent=151"}],"wp:term":[{"taxonomy":"product_brand","embeddable":true,"href":"https:\/\/archimedeskirent.com\/fr\/wp-json\/wp\/v2\/product_brand?post=151"},{"taxonomy":"product_cat","embeddable":true,"href":"https:\/\/archimedeskirent.com\/fr\/wp-json\/wp\/v2\/product_cat?post=151"},{"taxonomy":"product_tag","embeddable":true,"href":"https:\/\/archimedeskirent.com\/fr\/wp-json\/wp\/v2\/product_tag?post=151"}],"curies":[{"name":"wp","href":"https:\/\/api.w.org\/{rel}","templated":true}]}}