{"id":129,"date":"2025-06-30T14:52:16","date_gmt":"2025-06-30T13:52:16","guid":{"rendered":"https:\/\/archimedeskirent.com\/?post_type=product&#038;p=129"},"modified":"2025-09-19T11:42:11","modified_gmt":"2025-09-19T10:42:11","slug":"chaussure-de-snowboard-pour-adultes","status":"publish","type":"product","link":"https:\/\/archimedeskirent.com\/fr\/prodotto\/chaussure-de-snowboard-pour-adultes\/","title":{"rendered":"Chaussure de snowboard pour adultes"},"content":{"rendered":"<p>Des chaussures l\u00e9g\u00e8res et chaudes, pour un niveau de confort optimal tout au long de la journ\u00e9e.<\/p>\n","protected":false},"excerpt":{"rendered":"<p>Des chaussures l\u00e9g\u00e8res et chaudes, pour un niveau de confort optimal tout au long de la journ\u00e9e.<\/p>\n","protected":false},"featured_media":825,"template":"","meta":[],"product_brand":[],"product_cat":[37],"product_tag":[],"class_list":{"0":"post-129","1":"product","2":"type-product","3":"status-publish","4":"has-post-thumbnail","6":"product_cat-chaussure","8":"first","9":"instock","10":"virtual","11":"purchasable","12":"product-type-simple"},"yoast_head":"<!-- This site is optimized with the Yoast SEO plugin v26.6 - https:\/\/yoast.com\/wordpress\/plugins\/seo\/ -->\n<title>Chaussure de snowboard pour adultes - Archimede SkiRent<\/title>\n<meta name=\"robots\" content=\"index, follow, max-snippet:-1, max-image-preview:large, max-video-preview:-1\" \/>\n<link rel=\"canonical\" href=\"https:\/\/archimedeskirent.com\/prodotto\/scarponi-snowboard-adulto\/\" \/>\n<meta property=\"og:locale\" content=\"fr_FR\" \/>\n<meta property=\"og:type\" content=\"article\" \/>\n<meta property=\"og:title\" content=\"Chaussure de snowboard pour adultes - Archimede SkiRent\" \/>\n<meta property=\"og:description\" content=\"Des chaussures l\u00e9g\u00e8res et chaudes, pour un niveau de confort optimal tout au long de la journ\u00e9e.\" \/>\n<meta property=\"og:url\" content=\"https:\/\/archimedeskirent.com\/prodotto\/scarponi-snowboard-adulto\/\" \/>\n<meta property=\"og:site_name\" content=\"Archimede SkiRent\" \/>\n<meta property=\"article:modified_time\" content=\"2025-09-19T10:42:11+00:00\" \/>\n<meta property=\"og:image\" content=\"https:\/\/archimedeskirent.com\/wp-content\/uploads\/2025\/07\/Scarpone-Boot-Chaussure-snowboard-adulto.jpg\" \/>\n\t<meta property=\"og:image:width\" content=\"400\" \/>\n\t<meta property=\"og:image:height\" content=\"400\" \/>\n\t<meta property=\"og:image:type\" content=\"image\/jpeg\" \/>\n<meta name=\"twitter:card\" content=\"summary_large_image\" \/>\n<script type=\"application\/ld+json\" class=\"yoast-schema-graph\">{\"@context\":\"https:\/\/schema.org\",\"@graph\":[{\"@type\":\"WebPage\",\"@id\":\"https:\/\/archimedeskirent.com\/prodotto\/scarponi-snowboard-adulto\/\",\"url\":\"https:\/\/archimedeskirent.com\/prodotto\/scarponi-snowboard-adulto\/\",\"name\":\"Chaussure de snowboard pour adultes - Archimede SkiRent\",\"isPartOf\":{\"@id\":\"https:\/\/archimedeskirent.com\/#website\"},\"primaryImageOfPage\":{\"@id\":\"https:\/\/archimedeskirent.com\/prodotto\/scarponi-snowboard-adulto\/#primaryimage\"},\"image\":{\"@id\":\"https:\/\/archimedeskirent.com\/prodotto\/scarponi-snowboard-adulto\/#primaryimage\"},\"thumbnailUrl\":\"https:\/\/archimedeskirent.com\/wp-content\/uploads\/2025\/07\/Scarpone-Boot-Chaussure-snowboard-adulto.jpg\",\"datePublished\":\"2025-06-30T13:52:16+00:00\",\"dateModified\":\"2025-09-19T10:42:11+00:00\",\"breadcrumb\":{\"@id\":\"https:\/\/archimedeskirent.com\/prodotto\/scarponi-snowboard-adulto\/#breadcrumb\"},\"inLanguage\":\"fr-FR\",\"potentialAction\":[{\"@type\":\"ReadAction\",\"target\":[\"https:\/\/archimedeskirent.com\/prodotto\/scarponi-snowboard-adulto\/\"]}]},{\"@type\":\"ImageObject\",\"inLanguage\":\"fr-FR\",\"@id\":\"https:\/\/archimedeskirent.com\/prodotto\/scarponi-snowboard-adulto\/#primaryimage\",\"url\":\"https:\/\/archimedeskirent.com\/wp-content\/uploads\/2025\/07\/Scarpone-Boot-Chaussure-snowboard-adulto.jpg\",\"contentUrl\":\"https:\/\/archimedeskirent.com\/wp-content\/uploads\/2025\/07\/Scarpone-Boot-Chaussure-snowboard-adulto.jpg\",\"width\":400,\"height\":400},{\"@type\":\"BreadcrumbList\",\"@id\":\"https:\/\/archimedeskirent.com\/prodotto\/scarponi-snowboard-adulto\/#breadcrumb\",\"itemListElement\":[{\"@type\":\"ListItem\",\"position\":1,\"name\":\"Home\",\"item\":\"https:\/\/archimedeskirent.com\/fr\/\"},{\"@type\":\"ListItem\",\"position\":2,\"name\":\"Boutique\",\"item\":\"https:\/\/archimedeskirent.com\/negozio\/\"},{\"@type\":\"ListItem\",\"position\":3,\"name\":\"Chaussure de snowboard pour adultes\"}]},{\"@type\":\"WebSite\",\"@id\":\"https:\/\/archimedeskirent.com\/#website\",\"url\":\"https:\/\/archimedeskirent.com\/\",\"name\":\"Archimede SkiRent\",\"description\":\"\",\"potentialAction\":[{\"@type\":\"SearchAction\",\"target\":{\"@type\":\"EntryPoint\",\"urlTemplate\":\"https:\/\/archimedeskirent.com\/?s={search_term_string}\"},\"query-input\":{\"@type\":\"PropertyValueSpecification\",\"valueRequired\":true,\"valueName\":\"search_term_string\"}}],\"inLanguage\":\"fr-FR\"}]}<\/script>\n<!-- \/ Yoast SEO plugin. -->","yoast_head_json":{"title":"Chaussure de snowboard pour adultes - Archimede SkiRent","robots":{"index":"index","follow":"follow","max-snippet":"max-snippet:-1","max-image-preview":"max-image-preview:large","max-video-preview":"max-video-preview:-1"},"canonical":"https:\/\/archimedeskirent.com\/prodotto\/scarponi-snowboard-adulto\/","og_locale":"fr_FR","og_type":"article","og_title":"Chaussure de snowboard pour adultes - Archimede SkiRent","og_description":"Des chaussures l\u00e9g\u00e8res et chaudes, pour un niveau de confort optimal tout au long de la journ\u00e9e.","og_url":"https:\/\/archimedeskirent.com\/prodotto\/scarponi-snowboard-adulto\/","og_site_name":"Archimede SkiRent","article_modified_time":"2025-09-19T10:42:11+00:00","og_image":[{"width":400,"height":400,"url":"https:\/\/archimedeskirent.com\/wp-content\/uploads\/2025\/07\/Scarpone-Boot-Chaussure-snowboard-adulto.jpg","type":"image\/jpeg"}],"twitter_card":"summary_large_image","schema":{"@context":"https:\/\/schema.org","@graph":[{"@type":"WebPage","@id":"https:\/\/archimedeskirent.com\/prodotto\/scarponi-snowboard-adulto\/","url":"https:\/\/archimedeskirent.com\/prodotto\/scarponi-snowboard-adulto\/","name":"Chaussure de snowboard pour adultes - Archimede SkiRent","isPartOf":{"@id":"https:\/\/archimedeskirent.com\/#website"},"primaryImageOfPage":{"@id":"https:\/\/archimedeskirent.com\/prodotto\/scarponi-snowboard-adulto\/#primaryimage"},"image":{"@id":"https:\/\/archimedeskirent.com\/prodotto\/scarponi-snowboard-adulto\/#primaryimage"},"thumbnailUrl":"https:\/\/archimedeskirent.com\/wp-content\/uploads\/2025\/07\/Scarpone-Boot-Chaussure-snowboard-adulto.jpg","datePublished":"2025-06-30T13:52:16+00:00","dateModified":"2025-09-19T10:42:11+00:00","breadcrumb":{"@id":"https:\/\/archimedeskirent.com\/prodotto\/scarponi-snowboard-adulto\/#breadcrumb"},"inLanguage":"fr-FR","potentialAction":[{"@type":"ReadAction","target":["https:\/\/archimedeskirent.com\/prodotto\/scarponi-snowboard-adulto\/"]}]},{"@type":"ImageObject","inLanguage":"fr-FR","@id":"https:\/\/archimedeskirent.com\/prodotto\/scarponi-snowboard-adulto\/#primaryimage","url":"https:\/\/archimedeskirent.com\/wp-content\/uploads\/2025\/07\/Scarpone-Boot-Chaussure-snowboard-adulto.jpg","contentUrl":"https:\/\/archimedeskirent.com\/wp-content\/uploads\/2025\/07\/Scarpone-Boot-Chaussure-snowboard-adulto.jpg","width":400,"height":400},{"@type":"BreadcrumbList","@id":"https:\/\/archimedeskirent.com\/prodotto\/scarponi-snowboard-adulto\/#breadcrumb","itemListElement":[{"@type":"ListItem","position":1,"name":"Home","item":"https:\/\/archimedeskirent.com\/fr\/"},{"@type":"ListItem","position":2,"name":"Boutique","item":"https:\/\/archimedeskirent.com\/negozio\/"},{"@type":"ListItem","position":3,"name":"Chaussure de snowboard pour adultes"}]},{"@type":"WebSite","@id":"https:\/\/archimedeskirent.com\/#website","url":"https:\/\/archimedeskirent.com\/","name":"Archimede SkiRent","description":"","potentialAction":[{"@type":"SearchAction","target":{"@type":"EntryPoint","urlTemplate":"https:\/\/archimedeskirent.com\/?s={search_term_string}"},"query-input":{"@type":"PropertyValueSpecification","valueRequired":true,"valueName":"search_term_string"}}],"inLanguage":"fr-FR"}]}},"jetpack_sharing_enabled":true,"_links":{"self":[{"href":"https:\/\/archimedeskirent.com\/fr\/wp-json\/wp\/v2\/product\/129","targetHints":{"allow":["GET"]}}],"collection":[{"href":"https:\/\/archimedeskirent.com\/fr\/wp-json\/wp\/v2\/product"}],"about":[{"href":"https:\/\/archimedeskirent.com\/fr\/wp-json\/wp\/v2\/types\/product"}],"wp:featuredmedia":[{"embeddable":true,"href":"https:\/\/archimedeskirent.com\/fr\/wp-json\/wp\/v2\/media\/825"}],"wp:attachment":[{"href":"https:\/\/archimedeskirent.com\/fr\/wp-json\/wp\/v2\/media?parent=129"}],"wp:term":[{"taxonomy":"product_brand","embeddable":true,"href":"https:\/\/archimedeskirent.com\/fr\/wp-json\/wp\/v2\/product_brand?post=129"},{"taxonomy":"product_cat","embeddable":true,"href":"https:\/\/archimedeskirent.com\/fr\/wp-json\/wp\/v2\/product_cat?post=129"},{"taxonomy":"product_tag","embeddable":true,"href":"https:\/\/archimedeskirent.com\/fr\/wp-json\/wp\/v2\/product_tag?post=129"}],"curies":[{"name":"wp","href":"https:\/\/api.w.org\/{rel}","templated":true}]}}