{"id":1225,"date":"2025-07-29T09:01:26","date_gmt":"2025-07-29T08:01:26","guid":{"rendered":"https:\/\/archimedeskirent.com\/?post_type=product&#038;p=1225"},"modified":"2025-12-22T12:38:52","modified_gmt":"2025-12-22T11:38:52","slug":"option-flex","status":"publish","type":"product","link":"https:\/\/archimedeskirent.com\/fr\/prodotto\/option-flex\/","title":{"rendered":"Option Flex"},"content":{"rendered":"<p>Activez l\u2019option FLEX pour essayer un autre \u00e9quipement pendant votre p\u00e9riode de location. Testez un snowboard si vous avez r\u00e9serv\u00e9 des skis \u2014 ou inversement!<br \/>\nL\u2019option FLEX donne droit \u00e0 un seul changement de mat\u00e9riel pour toute la dur\u00e9e de la location. Le changement est personnel, non renouvelable et utilisable uniquement par le titulaire de la r\u00e9servation<\/p>\n","protected":false},"excerpt":{"rendered":"<p>Option FLEX \u2014 changez d\u2019\u00e9quipement \u00e0 tout moment : testez un snowboard si vous avez r\u00e9serv\u00e9 des skis, ou l\u2019inverse!<br \/>\nL\u2019option FLEX donne droit \u00e0 un seul changement de mat\u00e9riel pour toute la dur\u00e9e de la location. Le changement est personnel, non renouvelable et utilisable uniquement par le titulaire de la r\u00e9servation<\/p>\n","protected":false},"featured_media":1590,"template":"","meta":[],"product_brand":[],"product_cat":[55,38,39],"product_tag":[],"class_list":{"0":"post-1225","1":"product","2":"type-product","3":"status-publish","4":"has-post-thumbnail","6":"product_cat-flex-fr","7":"product_cat-ski-fr","8":"product_cat-snowboard-fr","10":"first","11":"instock","12":"shipping-taxable","13":"purchasable","14":"product-type-simple"},"yoast_head":"<!-- This site is optimized with the Yoast SEO plugin v26.6 - https:\/\/yoast.com\/wordpress\/plugins\/seo\/ -->\n<title>Option Flex - Archimede SkiRent<\/title>\n<meta name=\"robots\" content=\"index, follow, max-snippet:-1, max-image-preview:large, max-video-preview:-1\" \/>\n<link rel=\"canonical\" href=\"https:\/\/archimedeskirent.com\/fr\/prodotto\/option-flex\/\" \/>\n<meta property=\"og:locale\" content=\"fr_FR\" \/>\n<meta property=\"og:type\" content=\"article\" \/>\n<meta property=\"og:title\" content=\"Option Flex - Archimede SkiRent\" \/>\n<meta property=\"og:description\" content=\"Option FLEX \u2014 changez d\u2019\u00e9quipement \u00e0 tout moment : testez un snowboard si vous avez r\u00e9serv\u00e9 des skis, ou l\u2019inverse! L\u2019option FLEX donne droit \u00e0 un seul changement de mat\u00e9riel pour toute la dur\u00e9e de la location. Le changement est personnel, non renouvelable et utilisable uniquement par le titulaire de la r\u00e9servation\" \/>\n<meta property=\"og:url\" content=\"https:\/\/archimedeskirent.com\/fr\/prodotto\/option-flex\/\" \/>\n<meta property=\"og:site_name\" content=\"Archimede SkiRent\" \/>\n<meta property=\"article:modified_time\" content=\"2025-12-22T11:38:52+00:00\" \/>\n<meta property=\"og:image\" content=\"https:\/\/archimedeskirent.com\/wp-content\/uploads\/2025\/07\/prodotto_flex.png\" \/>\n\t<meta property=\"og:image:width\" content=\"1024\" \/>\n\t<meta property=\"og:image:height\" content=\"1024\" \/>\n\t<meta property=\"og:image:type\" content=\"image\/png\" \/>\n<meta name=\"twitter:card\" content=\"summary_large_image\" \/>\n<meta name=\"twitter:label1\" content=\"Dur\u00e9e de lecture estim\u00e9e\" \/>\n\t<meta name=\"twitter:data1\" content=\"1 minute\" \/>\n<script type=\"application\/ld+json\" class=\"yoast-schema-graph\">{\"@context\":\"https:\/\/schema.org\",\"@graph\":[{\"@type\":\"WebPage\",\"@id\":\"https:\/\/archimedeskirent.com\/fr\/prodotto\/option-flex\/\",\"url\":\"https:\/\/archimedeskirent.com\/fr\/prodotto\/option-flex\/\",\"name\":\"Option Flex - Archimede SkiRent\",\"isPartOf\":{\"@id\":\"https:\/\/archimedeskirent.com\/#website\"},\"primaryImageOfPage\":{\"@id\":\"https:\/\/archimedeskirent.com\/fr\/prodotto\/option-flex\/#primaryimage\"},\"image\":{\"@id\":\"https:\/\/archimedeskirent.com\/fr\/prodotto\/option-flex\/#primaryimage\"},\"thumbnailUrl\":\"https:\/\/archimedeskirent.com\/wp-content\/uploads\/2025\/07\/prodotto_flex.png\",\"datePublished\":\"2025-07-29T08:01:26+00:00\",\"dateModified\":\"2025-12-22T11:38:52+00:00\",\"breadcrumb\":{\"@id\":\"https:\/\/archimedeskirent.com\/fr\/prodotto\/option-flex\/#breadcrumb\"},\"inLanguage\":\"fr-FR\",\"potentialAction\":[{\"@type\":\"ReadAction\",\"target\":[\"https:\/\/archimedeskirent.com\/fr\/prodotto\/option-flex\/\"]}]},{\"@type\":\"ImageObject\",\"inLanguage\":\"fr-FR\",\"@id\":\"https:\/\/archimedeskirent.com\/fr\/prodotto\/option-flex\/#primaryimage\",\"url\":\"https:\/\/archimedeskirent.com\/wp-content\/uploads\/2025\/07\/prodotto_flex.png\",\"contentUrl\":\"https:\/\/archimedeskirent.com\/wp-content\/uploads\/2025\/07\/prodotto_flex.png\",\"width\":1024,\"height\":1024},{\"@type\":\"BreadcrumbList\",\"@id\":\"https:\/\/archimedeskirent.com\/fr\/prodotto\/option-flex\/#breadcrumb\",\"itemListElement\":[{\"@type\":\"ListItem\",\"position\":1,\"name\":\"Home\",\"item\":\"https:\/\/archimedeskirent.com\/fr\/\"},{\"@type\":\"ListItem\",\"position\":2,\"name\":\"Boutique\",\"item\":\"https:\/\/archimedeskirent.com\/negozio\/\"},{\"@type\":\"ListItem\",\"position\":3,\"name\":\"Option Flex\"}]},{\"@type\":\"WebSite\",\"@id\":\"https:\/\/archimedeskirent.com\/#website\",\"url\":\"https:\/\/archimedeskirent.com\/\",\"name\":\"Archimede SkiRent\",\"description\":\"\",\"potentialAction\":[{\"@type\":\"SearchAction\",\"target\":{\"@type\":\"EntryPoint\",\"urlTemplate\":\"https:\/\/archimedeskirent.com\/?s={search_term_string}\"},\"query-input\":{\"@type\":\"PropertyValueSpecification\",\"valueRequired\":true,\"valueName\":\"search_term_string\"}}],\"inLanguage\":\"fr-FR\"}]}<\/script>\n<!-- \/ Yoast SEO plugin. -->","yoast_head_json":{"title":"Option Flex - Archimede SkiRent","robots":{"index":"index","follow":"follow","max-snippet":"max-snippet:-1","max-image-preview":"max-image-preview:large","max-video-preview":"max-video-preview:-1"},"canonical":"https:\/\/archimedeskirent.com\/fr\/prodotto\/option-flex\/","og_locale":"fr_FR","og_type":"article","og_title":"Option Flex - Archimede SkiRent","og_description":"Option FLEX \u2014 changez d\u2019\u00e9quipement \u00e0 tout moment : testez un snowboard si vous avez r\u00e9serv\u00e9 des skis, ou l\u2019inverse! L\u2019option FLEX donne droit \u00e0 un seul changement de mat\u00e9riel pour toute la dur\u00e9e de la location. Le changement est personnel, non renouvelable et utilisable uniquement par le titulaire de la r\u00e9servation","og_url":"https:\/\/archimedeskirent.com\/fr\/prodotto\/option-flex\/","og_site_name":"Archimede SkiRent","article_modified_time":"2025-12-22T11:38:52+00:00","og_image":[{"width":1024,"height":1024,"url":"https:\/\/archimedeskirent.com\/wp-content\/uploads\/2025\/07\/prodotto_flex.png","type":"image\/png"}],"twitter_card":"summary_large_image","twitter_misc":{"Dur\u00e9e de lecture estim\u00e9e":"1 minute"},"schema":{"@context":"https:\/\/schema.org","@graph":[{"@type":"WebPage","@id":"https:\/\/archimedeskirent.com\/fr\/prodotto\/option-flex\/","url":"https:\/\/archimedeskirent.com\/fr\/prodotto\/option-flex\/","name":"Option Flex - Archimede SkiRent","isPartOf":{"@id":"https:\/\/archimedeskirent.com\/#website"},"primaryImageOfPage":{"@id":"https:\/\/archimedeskirent.com\/fr\/prodotto\/option-flex\/#primaryimage"},"image":{"@id":"https:\/\/archimedeskirent.com\/fr\/prodotto\/option-flex\/#primaryimage"},"thumbnailUrl":"https:\/\/archimedeskirent.com\/wp-content\/uploads\/2025\/07\/prodotto_flex.png","datePublished":"2025-07-29T08:01:26+00:00","dateModified":"2025-12-22T11:38:52+00:00","breadcrumb":{"@id":"https:\/\/archimedeskirent.com\/fr\/prodotto\/option-flex\/#breadcrumb"},"inLanguage":"fr-FR","potentialAction":[{"@type":"ReadAction","target":["https:\/\/archimedeskirent.com\/fr\/prodotto\/option-flex\/"]}]},{"@type":"ImageObject","inLanguage":"fr-FR","@id":"https:\/\/archimedeskirent.com\/fr\/prodotto\/option-flex\/#primaryimage","url":"https:\/\/archimedeskirent.com\/wp-content\/uploads\/2025\/07\/prodotto_flex.png","contentUrl":"https:\/\/archimedeskirent.com\/wp-content\/uploads\/2025\/07\/prodotto_flex.png","width":1024,"height":1024},{"@type":"BreadcrumbList","@id":"https:\/\/archimedeskirent.com\/fr\/prodotto\/option-flex\/#breadcrumb","itemListElement":[{"@type":"ListItem","position":1,"name":"Home","item":"https:\/\/archimedeskirent.com\/fr\/"},{"@type":"ListItem","position":2,"name":"Boutique","item":"https:\/\/archimedeskirent.com\/negozio\/"},{"@type":"ListItem","position":3,"name":"Option Flex"}]},{"@type":"WebSite","@id":"https:\/\/archimedeskirent.com\/#website","url":"https:\/\/archimedeskirent.com\/","name":"Archimede SkiRent","description":"","potentialAction":[{"@type":"SearchAction","target":{"@type":"EntryPoint","urlTemplate":"https:\/\/archimedeskirent.com\/?s={search_term_string}"},"query-input":{"@type":"PropertyValueSpecification","valueRequired":true,"valueName":"search_term_string"}}],"inLanguage":"fr-FR"}]}},"jetpack_sharing_enabled":true,"_links":{"self":[{"href":"https:\/\/archimedeskirent.com\/fr\/wp-json\/wp\/v2\/product\/1225","targetHints":{"allow":["GET"]}}],"collection":[{"href":"https:\/\/archimedeskirent.com\/fr\/wp-json\/wp\/v2\/product"}],"about":[{"href":"https:\/\/archimedeskirent.com\/fr\/wp-json\/wp\/v2\/types\/product"}],"wp:featuredmedia":[{"embeddable":true,"href":"https:\/\/archimedeskirent.com\/fr\/wp-json\/wp\/v2\/media\/1590"}],"wp:attachment":[{"href":"https:\/\/archimedeskirent.com\/fr\/wp-json\/wp\/v2\/media?parent=1225"}],"wp:term":[{"taxonomy":"product_brand","embeddable":true,"href":"https:\/\/archimedeskirent.com\/fr\/wp-json\/wp\/v2\/product_brand?post=1225"},{"taxonomy":"product_cat","embeddable":true,"href":"https:\/\/archimedeskirent.com\/fr\/wp-json\/wp\/v2\/product_cat?post=1225"},{"taxonomy":"product_tag","embeddable":true,"href":"https:\/\/archimedeskirent.com\/fr\/wp-json\/wp\/v2\/product_tag?post=1225"}],"curies":[{"name":"wp","href":"https:\/\/api.w.org\/{rel}","templated":true}]}}