{"id":1222,"date":"2025-07-29T08:41:02","date_gmt":"2025-07-29T07:41:02","guid":{"rendered":"https:\/\/archimedeskirent.com\/?post_type=product&#038;p=1222"},"modified":"2025-11-02T21:53:53","modified_gmt":"2025-11-02T20:53:53","slug":"placard-chauffe","status":"publish","type":"product","link":"https:\/\/archimedeskirent.com\/fr\/prodotto\/placard-chauffe\/","title":{"rendered":"Placard chauff\u00e9"},"content":{"rendered":"<p>R\u00e9servez votre place personnelle dans l\u2019armoire chauffante et laissez vos skis, chaussures et casque en toute s\u00e9curit\u00e9, \u00e0 deux pas des remont\u00e9es m\u00e9caniques. Le matin, retrouvez votre \u00e9quipement parfaitement sec et pr\u00eat \u00e0 d\u00e9valer les pistes : confort et tranquillit\u00e9 pour profiter de la neige l\u2019esprit l\u00e9ger.<\/p>\n","protected":false},"excerpt":{"rendered":"<p>Casier chauff\u00e9 \u2014 rangez skis, boots et casque en toute s\u00e9curit\u00e9 pour une personne.<\/p>\n<p><a class=\"wp-block-button__link has-text-align-center wp-element-button btn\" style=\"margin-left: 2rem; padding: 5px;\" href=\"https:\/\/archimedeskirent.com\/fr\/contatti\/\">CONTACTEZ-NOUS<\/a><\/p>\n","protected":false},"featured_media":1216,"template":"","meta":[],"product_brand":[],"product_cat":[52,38,39],"product_tag":[],"class_list":{"0":"post-1222","1":"product","2":"type-product","3":"status-publish","4":"has-post-thumbnail","6":"product_cat-depot","7":"product_cat-ski-fr","8":"product_cat-snowboard-fr","10":"first","11":"instock","12":"shipping-taxable","13":"product-type-simple"},"yoast_head":"<!-- This site is optimized with the Yoast SEO plugin v26.6 - https:\/\/yoast.com\/wordpress\/plugins\/seo\/ -->\n<title>Placard chauff\u00e9 - Archimede SkiRent<\/title>\n<meta name=\"robots\" content=\"index, follow, max-snippet:-1, max-image-preview:large, max-video-preview:-1\" \/>\n<link rel=\"canonical\" href=\"https:\/\/archimedeskirent.com\/fr\/prodotto\/placard-chauffe\/\" \/>\n<meta property=\"og:locale\" content=\"fr_FR\" \/>\n<meta property=\"og:type\" content=\"article\" \/>\n<meta property=\"og:title\" content=\"Placard chauff\u00e9 - Archimede SkiRent\" \/>\n<meta property=\"og:description\" content=\"Casier chauff\u00e9 \u2014 rangez skis, boots et casque en toute s\u00e9curit\u00e9 pour une personne.  CONTACTEZ-NOUS\" \/>\n<meta property=\"og:url\" content=\"https:\/\/archimedeskirent.com\/fr\/prodotto\/placard-chauffe\/\" \/>\n<meta property=\"og:site_name\" content=\"Archimede SkiRent\" \/>\n<meta property=\"article:modified_time\" content=\"2025-11-02T20:53:53+00:00\" \/>\n<meta property=\"og:image\" content=\"https:\/\/archimedeskirent.com\/wp-content\/uploads\/2025\/07\/Armadio_riscaldato.jpg\" \/>\n\t<meta property=\"og:image:width\" content=\"800\" \/>\n\t<meta property=\"og:image:height\" content=\"800\" \/>\n\t<meta property=\"og:image:type\" content=\"image\/jpeg\" \/>\n<meta name=\"twitter:card\" content=\"summary_large_image\" \/>\n<meta name=\"twitter:label1\" content=\"Dur\u00e9e de lecture estim\u00e9e\" \/>\n\t<meta name=\"twitter:data1\" content=\"1 minute\" \/>\n<script type=\"application\/ld+json\" class=\"yoast-schema-graph\">{\"@context\":\"https:\/\/schema.org\",\"@graph\":[{\"@type\":\"WebPage\",\"@id\":\"https:\/\/archimedeskirent.com\/fr\/prodotto\/placard-chauffe\/\",\"url\":\"https:\/\/archimedeskirent.com\/fr\/prodotto\/placard-chauffe\/\",\"name\":\"Placard chauff\u00e9 - Archimede SkiRent\",\"isPartOf\":{\"@id\":\"https:\/\/archimedeskirent.com\/#website\"},\"primaryImageOfPage\":{\"@id\":\"https:\/\/archimedeskirent.com\/fr\/prodotto\/placard-chauffe\/#primaryimage\"},\"image\":{\"@id\":\"https:\/\/archimedeskirent.com\/fr\/prodotto\/placard-chauffe\/#primaryimage\"},\"thumbnailUrl\":\"https:\/\/archimedeskirent.com\/wp-content\/uploads\/2025\/07\/Armadio_riscaldato.jpg\",\"datePublished\":\"2025-07-29T07:41:02+00:00\",\"dateModified\":\"2025-11-02T20:53:53+00:00\",\"breadcrumb\":{\"@id\":\"https:\/\/archimedeskirent.com\/fr\/prodotto\/placard-chauffe\/#breadcrumb\"},\"inLanguage\":\"fr-FR\",\"potentialAction\":[{\"@type\":\"ReadAction\",\"target\":[\"https:\/\/archimedeskirent.com\/fr\/prodotto\/placard-chauffe\/\"]}]},{\"@type\":\"ImageObject\",\"inLanguage\":\"fr-FR\",\"@id\":\"https:\/\/archimedeskirent.com\/fr\/prodotto\/placard-chauffe\/#primaryimage\",\"url\":\"https:\/\/archimedeskirent.com\/wp-content\/uploads\/2025\/07\/Armadio_riscaldato.jpg\",\"contentUrl\":\"https:\/\/archimedeskirent.com\/wp-content\/uploads\/2025\/07\/Armadio_riscaldato.jpg\",\"width\":800,\"height\":800},{\"@type\":\"BreadcrumbList\",\"@id\":\"https:\/\/archimedeskirent.com\/fr\/prodotto\/placard-chauffe\/#breadcrumb\",\"itemListElement\":[{\"@type\":\"ListItem\",\"position\":1,\"name\":\"Home\",\"item\":\"https:\/\/archimedeskirent.com\/fr\/\"},{\"@type\":\"ListItem\",\"position\":2,\"name\":\"Boutique\",\"item\":\"https:\/\/archimedeskirent.com\/negozio\/\"},{\"@type\":\"ListItem\",\"position\":3,\"name\":\"Placard chauff\u00e9\"}]},{\"@type\":\"WebSite\",\"@id\":\"https:\/\/archimedeskirent.com\/#website\",\"url\":\"https:\/\/archimedeskirent.com\/\",\"name\":\"Archimede SkiRent\",\"description\":\"\",\"potentialAction\":[{\"@type\":\"SearchAction\",\"target\":{\"@type\":\"EntryPoint\",\"urlTemplate\":\"https:\/\/archimedeskirent.com\/?s={search_term_string}\"},\"query-input\":{\"@type\":\"PropertyValueSpecification\",\"valueRequired\":true,\"valueName\":\"search_term_string\"}}],\"inLanguage\":\"fr-FR\"}]}<\/script>\n<!-- \/ Yoast SEO plugin. -->","yoast_head_json":{"title":"Placard chauff\u00e9 - Archimede SkiRent","robots":{"index":"index","follow":"follow","max-snippet":"max-snippet:-1","max-image-preview":"max-image-preview:large","max-video-preview":"max-video-preview:-1"},"canonical":"https:\/\/archimedeskirent.com\/fr\/prodotto\/placard-chauffe\/","og_locale":"fr_FR","og_type":"article","og_title":"Placard chauff\u00e9 - Archimede SkiRent","og_description":"Casier chauff\u00e9 \u2014 rangez skis, boots et casque en toute s\u00e9curit\u00e9 pour une personne.  CONTACTEZ-NOUS","og_url":"https:\/\/archimedeskirent.com\/fr\/prodotto\/placard-chauffe\/","og_site_name":"Archimede SkiRent","article_modified_time":"2025-11-02T20:53:53+00:00","og_image":[{"width":800,"height":800,"url":"https:\/\/archimedeskirent.com\/wp-content\/uploads\/2025\/07\/Armadio_riscaldato.jpg","type":"image\/jpeg"}],"twitter_card":"summary_large_image","twitter_misc":{"Dur\u00e9e de lecture estim\u00e9e":"1 minute"},"schema":{"@context":"https:\/\/schema.org","@graph":[{"@type":"WebPage","@id":"https:\/\/archimedeskirent.com\/fr\/prodotto\/placard-chauffe\/","url":"https:\/\/archimedeskirent.com\/fr\/prodotto\/placard-chauffe\/","name":"Placard chauff\u00e9 - Archimede SkiRent","isPartOf":{"@id":"https:\/\/archimedeskirent.com\/#website"},"primaryImageOfPage":{"@id":"https:\/\/archimedeskirent.com\/fr\/prodotto\/placard-chauffe\/#primaryimage"},"image":{"@id":"https:\/\/archimedeskirent.com\/fr\/prodotto\/placard-chauffe\/#primaryimage"},"thumbnailUrl":"https:\/\/archimedeskirent.com\/wp-content\/uploads\/2025\/07\/Armadio_riscaldato.jpg","datePublished":"2025-07-29T07:41:02+00:00","dateModified":"2025-11-02T20:53:53+00:00","breadcrumb":{"@id":"https:\/\/archimedeskirent.com\/fr\/prodotto\/placard-chauffe\/#breadcrumb"},"inLanguage":"fr-FR","potentialAction":[{"@type":"ReadAction","target":["https:\/\/archimedeskirent.com\/fr\/prodotto\/placard-chauffe\/"]}]},{"@type":"ImageObject","inLanguage":"fr-FR","@id":"https:\/\/archimedeskirent.com\/fr\/prodotto\/placard-chauffe\/#primaryimage","url":"https:\/\/archimedeskirent.com\/wp-content\/uploads\/2025\/07\/Armadio_riscaldato.jpg","contentUrl":"https:\/\/archimedeskirent.com\/wp-content\/uploads\/2025\/07\/Armadio_riscaldato.jpg","width":800,"height":800},{"@type":"BreadcrumbList","@id":"https:\/\/archimedeskirent.com\/fr\/prodotto\/placard-chauffe\/#breadcrumb","itemListElement":[{"@type":"ListItem","position":1,"name":"Home","item":"https:\/\/archimedeskirent.com\/fr\/"},{"@type":"ListItem","position":2,"name":"Boutique","item":"https:\/\/archimedeskirent.com\/negozio\/"},{"@type":"ListItem","position":3,"name":"Placard chauff\u00e9"}]},{"@type":"WebSite","@id":"https:\/\/archimedeskirent.com\/#website","url":"https:\/\/archimedeskirent.com\/","name":"Archimede SkiRent","description":"","potentialAction":[{"@type":"SearchAction","target":{"@type":"EntryPoint","urlTemplate":"https:\/\/archimedeskirent.com\/?s={search_term_string}"},"query-input":{"@type":"PropertyValueSpecification","valueRequired":true,"valueName":"search_term_string"}}],"inLanguage":"fr-FR"}]}},"jetpack_sharing_enabled":true,"_links":{"self":[{"href":"https:\/\/archimedeskirent.com\/fr\/wp-json\/wp\/v2\/product\/1222","targetHints":{"allow":["GET"]}}],"collection":[{"href":"https:\/\/archimedeskirent.com\/fr\/wp-json\/wp\/v2\/product"}],"about":[{"href":"https:\/\/archimedeskirent.com\/fr\/wp-json\/wp\/v2\/types\/product"}],"wp:featuredmedia":[{"embeddable":true,"href":"https:\/\/archimedeskirent.com\/fr\/wp-json\/wp\/v2\/media\/1216"}],"wp:attachment":[{"href":"https:\/\/archimedeskirent.com\/fr\/wp-json\/wp\/v2\/media?parent=1222"}],"wp:term":[{"taxonomy":"product_brand","embeddable":true,"href":"https:\/\/archimedeskirent.com\/fr\/wp-json\/wp\/v2\/product_brand?post=1222"},{"taxonomy":"product_cat","embeddable":true,"href":"https:\/\/archimedeskirent.com\/fr\/wp-json\/wp\/v2\/product_cat?post=1222"},{"taxonomy":"product_tag","embeddable":true,"href":"https:\/\/archimedeskirent.com\/fr\/wp-json\/wp\/v2\/product_tag?post=1222"}],"curies":[{"name":"wp","href":"https:\/\/api.w.org\/{rel}","templated":true}]}}