{"id":591,"date":"2025-07-22T06:42:24","date_gmt":"2025-07-22T05:42:24","guid":{"rendered":"https:\/\/archimedeskirent.com\/?page_id=591"},"modified":"2025-08-01T11:16:09","modified_gmt":"2025-08-01T10:16:09","slug":"collaborazioni","status":"publish","type":"page","link":"https:\/\/archimedeskirent.com\/fr\/collaborazioni\/","title":{"rendered":"Collaborazioni"},"content":{"rendered":"\n<div class=\"wp-block-cover\" style=\"min-height:300px;aspect-ratio:unset;\"><img loading=\"lazy\" decoding=\"async\" width=\"1280\" height=\"853\" class=\"wp-block-cover__image-background wp-image-450 size-large\" alt=\"\" src=\"https:\/\/archimedeskirent.com\/wp-content\/uploads\/2025\/07\/pexels-visitalmaty-848612.jpg\" data-object-fit=\"cover\" srcset=\"https:\/\/archimedeskirent.com\/wp-content\/uploads\/2025\/07\/pexels-visitalmaty-848612.jpg 1280w, https:\/\/archimedeskirent.com\/wp-content\/uploads\/2025\/07\/pexels-visitalmaty-848612-300x200.jpg 300w, https:\/\/archimedeskirent.com\/wp-content\/uploads\/2025\/07\/pexels-visitalmaty-848612-1024x682.jpg 1024w, https:\/\/archimedeskirent.com\/wp-content\/uploads\/2025\/07\/pexels-visitalmaty-848612-768x512.jpg 768w, https:\/\/archimedeskirent.com\/wp-content\/uploads\/2025\/07\/pexels-visitalmaty-848612-600x400.jpg 600w\" sizes=\"auto, (max-width: 1280px) 100vw, 1280px\" \/><span aria-hidden=\"true\" class=\"wp-block-cover__background has-black-background-color has-background-dim-20 has-background-dim\"><\/span><div class=\"wp-block-cover__inner-container has-global-padding is-layout-constrained wp-block-cover-is-layout-constrained\">\n<p class=\"has-text-align-center ombra has-white-color has-text-color has-link-color wp-elements-d52c5c045bf6fa7b65624e0afe8fd542\" style=\"font-size:clamp(2.2rem, 2.2rem + ((1vw - 0.2rem) * 2.824), 4rem);font-style:normal;font-weight:800;text-transform:uppercase\">COLLABORATIONS<\/p>\n<\/div><\/div>\n\n\n\n<div class=\"wp-block-columns is-layout-flex wp-container-core-columns-is-layout-aee8bc1e wp-block-columns-is-layout-flex\" style=\"margin-top:var(--wp--preset--spacing--50);padding-right:var(--wp--preset--spacing--30);padding-left:var(--wp--preset--spacing--30);box-shadow:none\">\n<div class=\"wp-block-column has-accent-6-background-color has-background is-layout-flow wp-block-column-is-layout-flow\" style=\"border-width:1px;border-radius:30px\">\n<h1 class=\"wp-block-heading has-text-align-center\" id=\"laboratorio\" style=\"padding-top:var(--wp--preset--spacing--30);padding-bottom:0\">Yes Academy<\/h1>\n\n\n\n<div class=\"wp-block-columns are-vertically-aligned-center is-layout-flex wp-container-core-columns-is-layout-28f84493 wp-block-columns-is-layout-flex\">\n<div class=\"wp-block-column is-vertically-aligned-center is-layout-flow wp-container-core-column-is-layout-6f4a204d wp-block-column-is-layout-flow\" style=\"padding-right:var(--wp--preset--spacing--30);padding-left:var(--wp--preset--spacing--30);flex-basis:33.33%\">\n<figure class=\"wp-block-image aligncenter size-large has-custom-border\" style=\"margin-top:0;margin-bottom:0\"><img decoding=\"async\" src=\"\/wp-content\/uploads\/2025\/07\/archimede-ski-rent-yesaccademy.png\" alt=\"\" style=\"border-radius:30px\"\/><\/figure>\n<\/div>\n\n\n\n<div class=\"wp-block-column is-vertically-aligned-center is-layout-flow wp-block-column-is-layout-flow\" style=\"flex-basis:66.66%\">\n<p class=\"has-medium-font-size\" style=\"margin-right:var(--wp--preset--spacing--30);margin-left:var(--wp--preset--spacing--30)\">YES Academy est n\u00e9e pour ceux qui veulent apprendre le ski, le snowboard ou le telemark, pour ceux qui aiment le freeride et veulent d\u00e9couvrir nos montagnes, pour ceux qui veulent am\u00e9liorer leur style dans le snowpark ou sur les pistes.<br>L\u2019\u00e9cole est situ\u00e9e au centre du domaine skiable de la Vialattea, qui, avec ses 249 pistes, relie les villages de Sestriere, Sauze d\u2019Oulx, Oulx, Sansicario, Cesana, Pragelato, Claviere et la fran\u00e7aise Montgen\u00e8vre.<\/p>\n<\/div>\n<\/div>\n\n\n\n<div class=\"wp-block-columns is-layout-flex wp-container-core-columns-is-layout-28f84493 wp-block-columns-is-layout-flex\">\n<div class=\"wp-block-column is-layout-flow wp-block-column-is-layout-flow\" style=\"padding-right:var(--wp--preset--spacing--50);padding-left:var(--wp--preset--spacing--50)\">\n<div class=\"wp-block-buttons is-content-justification-center is-layout-flex wp-container-core-buttons-is-layout-41547d03 wp-block-buttons-is-layout-flex\" style=\"margin-bottom:var(--wp--preset--spacing--30)\">\n<div class=\"wp-block-button btn\"><a class=\"wp-block-button__link wp-element-button\" href=\"https:\/\/yes-academy.it\/\" target=\"_blank\" rel=\"noreferrer noopener\">Votre \u00e9cole sur la neige<\/a><\/div>\n<\/div>\n<\/div>\n<\/div>\n<\/div>\n<\/div>\n\n\n\n<div class=\"wp-block-columns is-layout-flex wp-container-core-columns-is-layout-aee8bc1e wp-block-columns-is-layout-flex\" style=\"margin-top:var(--wp--preset--spacing--50);padding-right:var(--wp--preset--spacing--30);padding-left:var(--wp--preset--spacing--30);box-shadow:none\">\n<div class=\"wp-block-column has-accent-6-background-color has-background is-layout-flow wp-block-column-is-layout-flow\" style=\"border-width:1px;border-radius:30px\">\n<h1 class=\"wp-block-heading has-text-align-center\" id=\"armadietto\" style=\"padding-top:var(--wp--preset--spacing--30);padding-bottom:0\">Archim\u00e8de R\u00e9novations<\/h1>\n\n\n\n<div class=\"wp-block-media-text has-media-on-the-right is-stacked-on-mobile has-medium-font-size\" style=\"margin-bottom:var(--wp--preset--spacing--20);padding-right:var(--wp--preset--spacing--30);padding-left:var(--wp--preset--spacing--30)\"><div class=\"wp-block-media-text__content\">\n<p class=\"has-medium-font-size\">Une maison est le point de r\u00e9f\u00e9rence quotidien, un lieu de rencontre avec la famille, avec les amis. C\u2019est un lieu de repos et de d\u00e9tente o\u00f9 nous passons nos moments les plus importants.<br>Pour cette raison, une maison confortable, belle et accueillante am\u00e9liore la qualit\u00e9 de vie.<br>L\u2019entreprise Archim\u00e8de, dirig\u00e9e par Diego Cordara, est sp\u00e9cialis\u00e9e dans les r\u00e9novations de style et de haute qualit\u00e9 pour rendre votre maison plus confortable, plus belle, plus accueillante<\/p>\n<\/div><figure class=\"wp-block-media-text__media\"><img loading=\"lazy\" decoding=\"async\" width=\"1024\" height=\"673\" src=\"https:\/\/archimedeskirent.com\/wp-content\/uploads\/2025\/07\/arhimede-ristrutturazioni-legno-1024x673.jpg\" alt=\"\" class=\"wp-image-576 size-full\" srcset=\"https:\/\/archimedeskirent.com\/wp-content\/uploads\/2025\/07\/arhimede-ristrutturazioni-legno-1024x673.jpg 1024w, https:\/\/archimedeskirent.com\/wp-content\/uploads\/2025\/07\/arhimede-ristrutturazioni-legno-300x197.jpg 300w, https:\/\/archimedeskirent.com\/wp-content\/uploads\/2025\/07\/arhimede-ristrutturazioni-legno-768x505.jpg 768w, https:\/\/archimedeskirent.com\/wp-content\/uploads\/2025\/07\/arhimede-ristrutturazioni-legno-600x395.jpg 600w, https:\/\/archimedeskirent.com\/wp-content\/uploads\/2025\/07\/arhimede-ristrutturazioni-legno.jpg 1136w\" sizes=\"auto, (max-width: 1024px) 100vw, 1024px\" \/><\/figure><\/div>\n\n\n\n<div class=\"wp-block-buttons is-content-justification-center is-layout-flex wp-container-core-buttons-is-layout-5e8e0b33 wp-block-buttons-is-layout-flex\" style=\"margin-bottom:var(--wp--preset--spacing--30)\">\n<div class=\"wp-block-button btn\"><a class=\"wp-block-button__link wp-element-button\" href=\"https:\/\/archimederistrutturazioni.com\/\" target=\"_blank\" rel=\"noreferrer noopener\">R\u00e9novations et d\u00e9corations \u00e0 Sestriere<\/a><\/div>\n<\/div>\n<\/div>\n<\/div>\n","protected":false},"excerpt":{"rendered":"<p>Yes Academy YES Academy est n\u00e9e pour ceux qui veulent apprendre le ski, le snowboard ou le telemark, pour ceux qui aiment le freeride et veulent d\u00e9couvrir nos montagnes, pour ceux qui veulent am\u00e9liorer leur style dans le snowpark ou sur les pistes.L\u2019\u00e9cole est situ\u00e9e au centre du domaine skiable de la Vialattea, qui, avec [&hellip;]<\/p>\n","protected":false},"author":2,"featured_media":0,"parent":0,"menu_order":0,"comment_status":"closed","ping_status":"closed","template":"page-no-title","meta":{"footnotes":""},"class_list":["post-591","page","type-page","status-publish","hentry"],"yoast_head":"<!-- This site is optimized with the Yoast SEO plugin v26.6 - https:\/\/yoast.com\/wordpress\/plugins\/seo\/ -->\n<title>Collaborazioni - Archimede SkiRent<\/title>\n<meta name=\"robots\" content=\"index, follow, max-snippet:-1, max-image-preview:large, max-video-preview:-1\" \/>\n<link rel=\"canonical\" href=\"https:\/\/archimedeskirent.com\/collaborazioni\/\" \/>\n<meta property=\"og:locale\" content=\"fr_FR\" \/>\n<meta property=\"og:type\" content=\"article\" \/>\n<meta property=\"og:title\" content=\"Collaborazioni - Archimede SkiRent\" \/>\n<meta property=\"og:description\" content=\"Yes Academy YES Academy est n\u00e9e pour ceux qui veulent apprendre le ski, le snowboard ou le telemark, pour ceux qui aiment le freeride et veulent d\u00e9couvrir nos montagnes, pour ceux qui veulent am\u00e9liorer leur style dans le snowpark ou sur les pistes.L\u2019\u00e9cole est situ\u00e9e au centre du domaine skiable de la Vialattea, qui, avec [&hellip;]\" \/>\n<meta property=\"og:url\" content=\"https:\/\/archimedeskirent.com\/collaborazioni\/\" \/>\n<meta property=\"og:site_name\" content=\"Archimede SkiRent\" \/>\n<meta property=\"article:modified_time\" content=\"2025-08-01T10:16:09+00:00\" \/>\n<meta property=\"og:image\" content=\"https:\/\/archimedeskirent.com\/wp-content\/uploads\/2025\/07\/pexels-visitalmaty-848612.jpg\" \/>\n\t<meta property=\"og:image:width\" content=\"1280\" \/>\n\t<meta property=\"og:image:height\" content=\"853\" \/>\n\t<meta property=\"og:image:type\" content=\"image\/jpeg\" \/>\n<meta name=\"twitter:card\" content=\"summary_large_image\" \/>\n<meta name=\"twitter:label1\" content=\"Dur\u00e9e de lecture estim\u00e9e\" \/>\n\t<meta name=\"twitter:data1\" content=\"1 minute\" \/>\n<script type=\"application\/ld+json\" class=\"yoast-schema-graph\">{\"@context\":\"https:\/\/schema.org\",\"@graph\":[{\"@type\":\"WebPage\",\"@id\":\"https:\/\/archimedeskirent.com\/collaborazioni\/\",\"url\":\"https:\/\/archimedeskirent.com\/collaborazioni\/\",\"name\":\"Collaborazioni - Archimede SkiRent\",\"isPartOf\":{\"@id\":\"https:\/\/archimedeskirent.com\/#website\"},\"primaryImageOfPage\":{\"@id\":\"https:\/\/archimedeskirent.com\/collaborazioni\/#primaryimage\"},\"image\":{\"@id\":\"https:\/\/archimedeskirent.com\/collaborazioni\/#primaryimage\"},\"thumbnailUrl\":\"https:\/\/archimedeskirent.com\/wp-content\/uploads\/2025\/07\/pexels-visitalmaty-848612.jpg\",\"datePublished\":\"2025-07-22T05:42:24+00:00\",\"dateModified\":\"2025-08-01T10:16:09+00:00\",\"breadcrumb\":{\"@id\":\"https:\/\/archimedeskirent.com\/collaborazioni\/#breadcrumb\"},\"inLanguage\":\"fr-FR\",\"potentialAction\":[{\"@type\":\"ReadAction\",\"target\":[\"https:\/\/archimedeskirent.com\/collaborazioni\/\"]}]},{\"@type\":\"ImageObject\",\"inLanguage\":\"fr-FR\",\"@id\":\"https:\/\/archimedeskirent.com\/collaborazioni\/#primaryimage\",\"url\":\"https:\/\/archimedeskirent.com\/wp-content\/uploads\/2025\/07\/pexels-visitalmaty-848612.jpg\",\"contentUrl\":\"https:\/\/archimedeskirent.com\/wp-content\/uploads\/2025\/07\/pexels-visitalmaty-848612.jpg\"},{\"@type\":\"BreadcrumbList\",\"@id\":\"https:\/\/archimedeskirent.com\/collaborazioni\/#breadcrumb\",\"itemListElement\":[{\"@type\":\"ListItem\",\"position\":1,\"name\":\"Home\",\"item\":\"https:\/\/archimedeskirent.com\/fr\/\"},{\"@type\":\"ListItem\",\"position\":2,\"name\":\"Collaborazioni\"}]},{\"@type\":\"WebSite\",\"@id\":\"https:\/\/archimedeskirent.com\/#website\",\"url\":\"https:\/\/archimedeskirent.com\/\",\"name\":\"Archimede SkiRent\",\"description\":\"\",\"potentialAction\":[{\"@type\":\"SearchAction\",\"target\":{\"@type\":\"EntryPoint\",\"urlTemplate\":\"https:\/\/archimedeskirent.com\/?s={search_term_string}\"},\"query-input\":{\"@type\":\"PropertyValueSpecification\",\"valueRequired\":true,\"valueName\":\"search_term_string\"}}],\"inLanguage\":\"fr-FR\"}]}<\/script>\n<!-- \/ Yoast SEO plugin. -->","yoast_head_json":{"title":"Collaborazioni - Archimede SkiRent","robots":{"index":"index","follow":"follow","max-snippet":"max-snippet:-1","max-image-preview":"max-image-preview:large","max-video-preview":"max-video-preview:-1"},"canonical":"https:\/\/archimedeskirent.com\/collaborazioni\/","og_locale":"fr_FR","og_type":"article","og_title":"Collaborazioni - Archimede SkiRent","og_description":"Yes Academy YES Academy est n\u00e9e pour ceux qui veulent apprendre le ski, le snowboard ou le telemark, pour ceux qui aiment le freeride et veulent d\u00e9couvrir nos montagnes, pour ceux qui veulent am\u00e9liorer leur style dans le snowpark ou sur les pistes.L\u2019\u00e9cole est situ\u00e9e au centre du domaine skiable de la Vialattea, qui, avec [&hellip;]","og_url":"https:\/\/archimedeskirent.com\/collaborazioni\/","og_site_name":"Archimede SkiRent","article_modified_time":"2025-08-01T10:16:09+00:00","og_image":[{"width":1280,"height":853,"url":"https:\/\/archimedeskirent.com\/wp-content\/uploads\/2025\/07\/pexels-visitalmaty-848612.jpg","type":"image\/jpeg"}],"twitter_card":"summary_large_image","twitter_misc":{"Dur\u00e9e de lecture estim\u00e9e":"1 minute"},"schema":{"@context":"https:\/\/schema.org","@graph":[{"@type":"WebPage","@id":"https:\/\/archimedeskirent.com\/collaborazioni\/","url":"https:\/\/archimedeskirent.com\/collaborazioni\/","name":"Collaborazioni - Archimede SkiRent","isPartOf":{"@id":"https:\/\/archimedeskirent.com\/#website"},"primaryImageOfPage":{"@id":"https:\/\/archimedeskirent.com\/collaborazioni\/#primaryimage"},"image":{"@id":"https:\/\/archimedeskirent.com\/collaborazioni\/#primaryimage"},"thumbnailUrl":"https:\/\/archimedeskirent.com\/wp-content\/uploads\/2025\/07\/pexels-visitalmaty-848612.jpg","datePublished":"2025-07-22T05:42:24+00:00","dateModified":"2025-08-01T10:16:09+00:00","breadcrumb":{"@id":"https:\/\/archimedeskirent.com\/collaborazioni\/#breadcrumb"},"inLanguage":"fr-FR","potentialAction":[{"@type":"ReadAction","target":["https:\/\/archimedeskirent.com\/collaborazioni\/"]}]},{"@type":"ImageObject","inLanguage":"fr-FR","@id":"https:\/\/archimedeskirent.com\/collaborazioni\/#primaryimage","url":"https:\/\/archimedeskirent.com\/wp-content\/uploads\/2025\/07\/pexels-visitalmaty-848612.jpg","contentUrl":"https:\/\/archimedeskirent.com\/wp-content\/uploads\/2025\/07\/pexels-visitalmaty-848612.jpg"},{"@type":"BreadcrumbList","@id":"https:\/\/archimedeskirent.com\/collaborazioni\/#breadcrumb","itemListElement":[{"@type":"ListItem","position":1,"name":"Home","item":"https:\/\/archimedeskirent.com\/fr\/"},{"@type":"ListItem","position":2,"name":"Collaborazioni"}]},{"@type":"WebSite","@id":"https:\/\/archimedeskirent.com\/#website","url":"https:\/\/archimedeskirent.com\/","name":"Archimede SkiRent","description":"","potentialAction":[{"@type":"SearchAction","target":{"@type":"EntryPoint","urlTemplate":"https:\/\/archimedeskirent.com\/?s={search_term_string}"},"query-input":{"@type":"PropertyValueSpecification","valueRequired":true,"valueName":"search_term_string"}}],"inLanguage":"fr-FR"}]}},"jetpack_sharing_enabled":true,"_links":{"self":[{"href":"https:\/\/archimedeskirent.com\/fr\/wp-json\/wp\/v2\/pages\/591","targetHints":{"allow":["GET"]}}],"collection":[{"href":"https:\/\/archimedeskirent.com\/fr\/wp-json\/wp\/v2\/pages"}],"about":[{"href":"https:\/\/archimedeskirent.com\/fr\/wp-json\/wp\/v2\/types\/page"}],"author":[{"embeddable":true,"href":"https:\/\/archimedeskirent.com\/fr\/wp-json\/wp\/v2\/users\/2"}],"replies":[{"embeddable":true,"href":"https:\/\/archimedeskirent.com\/fr\/wp-json\/wp\/v2\/comments?post=591"}],"version-history":[{"count":7,"href":"https:\/\/archimedeskirent.com\/fr\/wp-json\/wp\/v2\/pages\/591\/revisions"}],"predecessor-version":[{"id":1469,"href":"https:\/\/archimedeskirent.com\/fr\/wp-json\/wp\/v2\/pages\/591\/revisions\/1469"}],"wp:attachment":[{"href":"https:\/\/archimedeskirent.com\/fr\/wp-json\/wp\/v2\/media?parent=591"}],"curies":[{"name":"wp","href":"https:\/\/api.w.org\/{rel}","templated":true}]}}