{"id":555,"date":"2025-07-21T12:21:33","date_gmt":"2025-07-21T11:21:33","guid":{"rendered":"https:\/\/archimedeskirent.com\/?page_id=555"},"modified":"2025-10-21T14:52:08","modified_gmt":"2025-10-21T13:52:08","slug":"servizi","status":"publish","type":"page","link":"https:\/\/archimedeskirent.com\/fr\/servizi\/","title":{"rendered":"Servizi"},"content":{"rendered":"\n<div class=\"wp-block-cover\" style=\"min-height:300px;aspect-ratio:unset;\"><img loading=\"lazy\" decoding=\"async\" width=\"1280\" height=\"853\" class=\"wp-block-cover__image-background wp-image-450 size-large\" alt=\"\" src=\"https:\/\/archimedeskirent.com\/wp-content\/uploads\/2025\/07\/pexels-visitalmaty-848612.jpg\" data-object-fit=\"cover\" srcset=\"https:\/\/archimedeskirent.com\/wp-content\/uploads\/2025\/07\/pexels-visitalmaty-848612.jpg 1280w, https:\/\/archimedeskirent.com\/wp-content\/uploads\/2025\/07\/pexels-visitalmaty-848612-300x200.jpg 300w, https:\/\/archimedeskirent.com\/wp-content\/uploads\/2025\/07\/pexels-visitalmaty-848612-1024x682.jpg 1024w, https:\/\/archimedeskirent.com\/wp-content\/uploads\/2025\/07\/pexels-visitalmaty-848612-768x512.jpg 768w, https:\/\/archimedeskirent.com\/wp-content\/uploads\/2025\/07\/pexels-visitalmaty-848612-600x400.jpg 600w\" sizes=\"auto, (max-width: 1280px) 100vw, 1280px\" \/><span aria-hidden=\"true\" class=\"wp-block-cover__background has-black-background-color has-background-dim-20 has-background-dim\"><\/span><div class=\"wp-block-cover__inner-container has-global-padding is-layout-constrained wp-block-cover-is-layout-constrained\">\n<p class=\"has-text-align-center ombra has-white-color has-text-color has-link-color wp-elements-855eb174d39448fbf4f6ff940dc43ba0\" style=\"font-size:clamp(2.2rem, 2.2rem + ((1vw - 0.2rem) * 2.824), 4rem);font-style:normal;font-weight:800;text-transform:uppercase\">SERVICES<\/p>\n<\/div><\/div>\n\n\n\n<div class=\"wp-block-columns is-layout-flex wp-container-core-columns-is-layout-aee8bc1e wp-block-columns-is-layout-flex\" style=\"margin-top:var(--wp--preset--spacing--50);padding-right:var(--wp--preset--spacing--30);padding-left:var(--wp--preset--spacing--30);box-shadow:none\">\n<div class=\"wp-block-column has-accent-6-background-color has-background is-layout-flow wp-block-column-is-layout-flow\" style=\"border-width:1px;border-radius:30px\">\n<h1 class=\"wp-block-heading has-text-align-center\" id=\"atelier\" style=\"padding-top:var(--wp--preset--spacing--30);padding-bottom:0\">Atelier<\/h1>\n\n\n\n<div class=\"wp-block-media-text is-stacked-on-mobile is-vertically-aligned-center\" style=\"margin-bottom:0;padding-right:var(--wp--preset--spacing--30);padding-left:var(--wp--preset--spacing--30)\"><figure class=\"wp-block-media-text__media\"><img loading=\"lazy\" decoding=\"async\" width=\"1009\" height=\"600\" src=\"https:\/\/archimedeskirent.com\/wp-content\/uploads\/2025\/07\/archimede-ski-rent-laboratorio-manutenzione-sci.jpg\" alt=\"\" class=\"wp-image-458 size-full\" srcset=\"https:\/\/archimedeskirent.com\/wp-content\/uploads\/2025\/07\/archimede-ski-rent-laboratorio-manutenzione-sci.jpg 1009w, https:\/\/archimedeskirent.com\/wp-content\/uploads\/2025\/07\/archimede-ski-rent-laboratorio-manutenzione-sci-300x178.jpg 300w, https:\/\/archimedeskirent.com\/wp-content\/uploads\/2025\/07\/archimede-ski-rent-laboratorio-manutenzione-sci-768x457.jpg 768w, https:\/\/archimedeskirent.com\/wp-content\/uploads\/2025\/07\/archimede-ski-rent-laboratorio-manutenzione-sci-600x357.jpg 600w\" sizes=\"auto, (max-width: 1009px) 100vw, 1009px\" \/><\/figure><div class=\"wp-block-media-text__content\">\n<p class=\"has-medium-font-size\">Dans notre atelier, nous travaillons depuis longtemps \u00e0&nbsp;<strong>l\u2019entretien et \u00e0 la r\u00e9paration<\/strong>&nbsp;des skis et des snowboards, afin qu\u2019ils soient toujours performants et vous permettent de vous \u00e9clater en toute s\u00e9curit\u00e9.<br>Pourquoi est-ce important ? Des carres bien aff\u00fbt\u00e9es assurent une adh\u00e9rence optimale sur toute neige, ce qui augmente le contr\u00f4le. Le fart graisse la base et emp\u00eache la d\u00e9gradation, assurant ainsi la facilit\u00e9 de mouvement.<\/p>\n<\/div><\/div>\n\n\n\n<p class=\"has-medium-font-size\" style=\"margin-bottom:var(--wp--preset--spacing--20);padding-right:var(--wp--preset--spacing--30);padding-left:var(--wp--preset--spacing--30)\">Si vous\u00a0<a href=\"https:\/\/archimedeskirent.com\/fr\/noleggio\/\">louez votre mat\u00e9riel chez nous<\/a>, nous nous occupons de tout cela.<br>Mais notre atelier et notre exp\u00e9rience sont \u00e9galement \u00e0 votre disposition pour votre \u00e9quipement propri\u00e9taire. \u00c0 quelle fr\u00e9quence devez-vous faire v\u00e9rifier l\u2019\u00e9tat de vos carres ? Nous vous recommandons de les faire au d\u00e9but et \u00e0 la fin de la saison hivernale, ou si vous avez des difficult\u00e9s \u00e0 tourner, ou encore si vous perdez de la vitesse. Pour tous vos doutes, passez chez nous\u00a0!<br>Et si vous \u00eates un peu bricoleur et vous voulez vous en occuper vous-m\u00eame ? Aucun probl\u00e8me ! <a href=\"https:\/\/archimedeskirent.com\/fr\/noleggio\/\">Dans notre boutique<\/a>, vous trouverez tout ce dont vous avez besoin pour entretenir votre \u00e9quipement dans le confort de votre maison.<\/p>\n<\/div>\n<\/div>\n\n\n\n<div class=\"wp-block-columns is-layout-flex wp-container-core-columns-is-layout-aee8bc1e wp-block-columns-is-layout-flex\" style=\"margin-top:var(--wp--preset--spacing--50);padding-right:var(--wp--preset--spacing--30);padding-left:var(--wp--preset--spacing--30);box-shadow:none\">\n<div class=\"wp-block-column has-accent-6-background-color has-background is-layout-flow wp-block-column-is-layout-flow\" style=\"border-width:1px;border-radius:30px\">\n<h1 class=\"wp-block-heading has-text-align-center\" id=\"armadietto\" style=\"padding-top:var(--wp--preset--spacing--30);padding-bottom:0\">Consigne \u2013 casiers chauffants<\/h1>\n\n\n\n<div class=\"wp-block-media-text has-media-on-the-right is-stacked-on-mobile\" style=\"grid-template-columns:auto 35%\"><div class=\"wp-block-media-text__content\">\n<p class=\"has-medium-font-size\" style=\"margin-bottom:var(--wp--preset--spacing--20);padding-right:var(--wp--preset--spacing--30);padding-left:var(--wp--preset--spacing--30)\">Chez Archimede, nous pensons que le ski est une discipline suffisamment sportive pour vous \u00e9conomiser les situations difficiles et&nbsp;<strong>ne conserver ainsi que le plaisir<\/strong>&nbsp;!<br>Dit autrement, le casier \u00e0 skis est indispensable pour tous ceux qui n\u2019en disposent pas dans leur logement, ou tout simplement si ce logement est trop \u00e9loign\u00e9 des pistes de Sestri\u00e8res. Skis, board et chaussures seront&nbsp;<strong>aseptis\u00e9s et r\u00e9chauff\u00e9s<\/strong>, pr\u00eats pour la journ\u00e9e !<\/p>\n\n\n\n<div class=\"wp-block-buttons is-content-justification-center is-layout-flex wp-container-core-buttons-is-layout-a89b3969 wp-block-buttons-is-layout-flex\">\n<div class=\"wp-block-button\"><a class=\"wp-block-button__link wp-element-button\" href=\"https:\/\/archimedeskirent.com\/fr\/prodotto\/placard-chauffe\/\">R\u00e9servez<\/a><\/div>\n<\/div>\n<\/div><figure class=\"wp-block-media-text__media\"><img loading=\"lazy\" decoding=\"async\" width=\"1024\" height=\"641\" src=\"https:\/\/archimedeskirent.com\/wp-content\/uploads\/2025\/07\/archimede-ski-rent-sestriere-deposito-riscaldato-1024x641.jpg\" alt=\"\" class=\"wp-image-461 size-full\" srcset=\"https:\/\/archimedeskirent.com\/wp-content\/uploads\/2025\/07\/archimede-ski-rent-sestriere-deposito-riscaldato-1024x641.jpg 1024w, https:\/\/archimedeskirent.com\/wp-content\/uploads\/2025\/07\/archimede-ski-rent-sestriere-deposito-riscaldato-300x188.jpg 300w, https:\/\/archimedeskirent.com\/wp-content\/uploads\/2025\/07\/archimede-ski-rent-sestriere-deposito-riscaldato-768x480.jpg 768w, https:\/\/archimedeskirent.com\/wp-content\/uploads\/2025\/07\/archimede-ski-rent-sestriere-deposito-riscaldato-1536x961.jpg 1536w, https:\/\/archimedeskirent.com\/wp-content\/uploads\/2025\/07\/archimede-ski-rent-sestriere-deposito-riscaldato-600x375.jpg 600w, https:\/\/archimedeskirent.com\/wp-content\/uploads\/2025\/07\/archimede-ski-rent-sestriere-deposito-riscaldato.jpg 2000w\" sizes=\"auto, (max-width: 1024px) 100vw, 1024px\" \/><\/figure><\/div>\n<\/div>\n<\/div>\n\n\n\n<div class=\"wp-block-columns is-layout-flex wp-container-core-columns-is-layout-aee8bc1e wp-block-columns-is-layout-flex\" style=\"margin-top:var(--wp--preset--spacing--50);padding-right:var(--wp--preset--spacing--30);padding-left:var(--wp--preset--spacing--30);box-shadow:none\">\n<div class=\"wp-block-column has-accent-6-background-color has-background is-layout-flow wp-block-column-is-layout-flow\" style=\"border-width:1px;border-radius:30px\">\n<h1 class=\"wp-block-heading has-text-align-center\" id=\"boutique\" style=\"padding-top:var(--wp--preset--spacing--30);padding-bottom:0\">Boutique<\/h1>\n\n\n\n<div class=\"wp-block-media-text is-stacked-on-mobile\" style=\"grid-template-columns:35% auto\"><figure class=\"wp-block-media-text__media\"><img loading=\"lazy\" decoding=\"async\" width=\"1024\" height=\"641\" src=\"https:\/\/archimedeskirent.com\/wp-content\/uploads\/2025\/07\/archimede-ski-rent-sestriere-shop-1024x641.jpg\" alt=\"\" class=\"wp-image-449 size-full\" srcset=\"https:\/\/archimedeskirent.com\/wp-content\/uploads\/2025\/07\/archimede-ski-rent-sestriere-shop-1024x641.jpg 1024w, https:\/\/archimedeskirent.com\/wp-content\/uploads\/2025\/07\/archimede-ski-rent-sestriere-shop-300x188.jpg 300w, https:\/\/archimedeskirent.com\/wp-content\/uploads\/2025\/07\/archimede-ski-rent-sestriere-shop-768x480.jpg 768w, https:\/\/archimedeskirent.com\/wp-content\/uploads\/2025\/07\/archimede-ski-rent-sestriere-shop-1536x961.jpg 1536w, https:\/\/archimedeskirent.com\/wp-content\/uploads\/2025\/07\/archimede-ski-rent-sestriere-shop-600x375.jpg 600w, https:\/\/archimedeskirent.com\/wp-content\/uploads\/2025\/07\/archimede-ski-rent-sestriere-shop.jpg 2000w\" sizes=\"auto, (max-width: 1024px) 100vw, 1024px\" \/><\/figure><div class=\"wp-block-media-text__content\">\n<p class=\"has-medium-font-size\" style=\"margin-bottom:var(--wp--preset--spacing--20);padding-right:var(--wp--preset--spacing--30);padding-left:var(--wp--preset--spacing--30)\">Dans notre boutique, vous trouverez&nbsp;<strong>tout ce dont vous avez besoin<\/strong>&nbsp;: casques, lunettes de soleil, masques, gants, cr\u00e8mes solaires, bandeaux ou bonnets.<br>Des&nbsp;<strong>articles de qualit\u00e9 au bon prix<\/strong>, pour ne pas perdre une seule minute.<br>Gr\u00e2ce \u00e0 notre grande exp\u00e9rience, nous pourrons \u00e9galement vous conseiller dans l\u2019achat de tout ce dont vous avez besoin pour prendre soin de votre mat\u00e9riel, en vous garantissant une bonne adh\u00e9rence avec la satisfaction d\u2019avoir tout fait vous-m\u00eame avec nos kits de fartage et affutage.<\/p>\n<\/div><\/div>\n<\/div>\n<\/div>\n\n\n\n<div class=\"wp-block-columns is-layout-flex wp-container-core-columns-is-layout-aee8bc1e wp-block-columns-is-layout-flex\" style=\"margin-top:var(--wp--preset--spacing--50);padding-right:var(--wp--preset--spacing--30);padding-left:var(--wp--preset--spacing--30);box-shadow:none\">\n<div class=\"wp-block-column has-accent-6-background-color has-background is-layout-flow wp-block-column-is-layout-flow\" style=\"border-width:1px;border-radius:30px\">\n<h1 class=\"wp-block-heading has-text-align-center\" id=\"bootfitting\" style=\"padding-top:var(--wp--preset--spacing--30);padding-bottom:0\">Bootfitting<\/h1>\n\n\n\n<div class=\"wp-block-media-text has-media-on-the-right is-stacked-on-mobile is-vertically-aligned-center\" style=\"margin-bottom:var(--wp--preset--spacing--20);padding-right:var(--wp--preset--spacing--30);padding-left:var(--wp--preset--spacing--30);grid-template-columns:auto 35%\"><div class=\"wp-block-media-text__content\">\n<p>Le bootfitting est l\u2019ensemble des&nbsp;techniques qui permettent d\u2019adapter la chaussure de ski \u00e0 la morphologie et au contour de votre pied. Tous ceux qui recherchent confort et pr\u00e9cision seront combl\u00e9s par cette&nbsp;<strong>customisation sur mesure<\/strong>.<\/p>\n<\/div><figure class=\"wp-block-media-text__media\"><img loading=\"lazy\" decoding=\"async\" width=\"1009\" height=\"600\" src=\"https:\/\/archimedeskirent.com\/wp-content\/uploads\/2025\/07\/archimede-ski-rent-boots-1.jpg\" alt=\"\" class=\"wp-image-455 size-full\" srcset=\"https:\/\/archimedeskirent.com\/wp-content\/uploads\/2025\/07\/archimede-ski-rent-boots-1.jpg 1009w, https:\/\/archimedeskirent.com\/wp-content\/uploads\/2025\/07\/archimede-ski-rent-boots-1-300x178.jpg 300w, https:\/\/archimedeskirent.com\/wp-content\/uploads\/2025\/07\/archimede-ski-rent-boots-1-768x457.jpg 768w, https:\/\/archimedeskirent.com\/wp-content\/uploads\/2025\/07\/archimede-ski-rent-boots-1-600x357.jpg 600w\" sizes=\"auto, (max-width: 1009px) 100vw, 1009px\" \/><\/figure><\/div>\n<\/div>\n<\/div>\n","protected":false},"excerpt":{"rendered":"<p>Atelier Dans notre atelier, nous travaillons depuis longtemps \u00e0&nbsp;l\u2019entretien et \u00e0 la r\u00e9paration&nbsp;des skis et des snowboards, afin qu\u2019ils soient toujours performants et vous permettent de vous \u00e9clater en toute s\u00e9curit\u00e9.Pourquoi est-ce important ? Des carres bien aff\u00fbt\u00e9es assurent une adh\u00e9rence optimale sur toute neige, ce qui augmente le contr\u00f4le. Le fart graisse la base [&hellip;]<\/p>\n","protected":false},"author":2,"featured_media":0,"parent":0,"menu_order":0,"comment_status":"closed","ping_status":"closed","template":"page-no-title","meta":{"footnotes":""},"class_list":["post-555","page","type-page","status-publish","hentry"],"yoast_head":"<!-- This site is optimized with the Yoast SEO plugin v26.6 - https:\/\/yoast.com\/wordpress\/plugins\/seo\/ -->\n<title>Servizi - Archimede SkiRent<\/title>\n<meta name=\"description\" content=\"Louez-nous skis et snowboards pour obtenir des carres et du fartage parfaits pour toutes les conditions, en laissant tout dans notre stockage\" \/>\n<meta name=\"robots\" content=\"index, follow, max-snippet:-1, max-image-preview:large, max-video-preview:-1\" \/>\n<link rel=\"canonical\" href=\"https:\/\/archimedeskirent.com\/fr\/servizi\/\" \/>\n<meta property=\"og:locale\" content=\"fr_FR\" \/>\n<meta property=\"og:type\" content=\"article\" \/>\n<meta property=\"og:title\" content=\"Servizi - Archimede SkiRent\" \/>\n<meta property=\"og:description\" content=\"Louez-nous skis et snowboards pour obtenir des carres et du fartage parfaits pour toutes les conditions, en laissant tout dans notre stockage\" \/>\n<meta property=\"og:url\" content=\"https:\/\/archimedeskirent.com\/fr\/servizi\/\" \/>\n<meta property=\"og:site_name\" content=\"Archimede SkiRent\" \/>\n<meta property=\"article:modified_time\" content=\"2025-10-21T13:52:08+00:00\" \/>\n<meta property=\"og:image\" content=\"https:\/\/archimedeskirent.com\/wp-content\/uploads\/2025\/07\/pexels-visitalmaty-848612.jpg\" \/>\n\t<meta property=\"og:image:width\" content=\"1280\" \/>\n\t<meta property=\"og:image:height\" content=\"853\" \/>\n\t<meta property=\"og:image:type\" content=\"image\/jpeg\" \/>\n<meta name=\"twitter:card\" content=\"summary_large_image\" \/>\n<meta name=\"twitter:label1\" content=\"Dur\u00e9e de lecture estim\u00e9e\" \/>\n\t<meta name=\"twitter:data1\" content=\"3 minutes\" \/>\n<script type=\"application\/ld+json\" class=\"yoast-schema-graph\">{\"@context\":\"https:\/\/schema.org\",\"@graph\":[{\"@type\":\"WebPage\",\"@id\":\"https:\/\/archimedeskirent.com\/fr\/servizi\/\",\"url\":\"https:\/\/archimedeskirent.com\/fr\/servizi\/\",\"name\":\"Servizi - Archimede SkiRent\",\"isPartOf\":{\"@id\":\"https:\/\/archimedeskirent.com\/#website\"},\"primaryImageOfPage\":{\"@id\":\"https:\/\/archimedeskirent.com\/fr\/servizi\/#primaryimage\"},\"image\":{\"@id\":\"https:\/\/archimedeskirent.com\/fr\/servizi\/#primaryimage\"},\"thumbnailUrl\":\"https:\/\/archimedeskirent.com\/wp-content\/uploads\/2025\/07\/pexels-visitalmaty-848612.jpg\",\"datePublished\":\"2025-07-21T11:21:33+00:00\",\"dateModified\":\"2025-10-21T13:52:08+00:00\",\"description\":\"Louez-nous skis et snowboards pour obtenir des carres et du fartage parfaits pour toutes les conditions, en laissant tout dans notre stockage\",\"breadcrumb\":{\"@id\":\"https:\/\/archimedeskirent.com\/fr\/servizi\/#breadcrumb\"},\"inLanguage\":\"fr-FR\",\"potentialAction\":[{\"@type\":\"ReadAction\",\"target\":[\"https:\/\/archimedeskirent.com\/fr\/servizi\/\"]}]},{\"@type\":\"ImageObject\",\"inLanguage\":\"fr-FR\",\"@id\":\"https:\/\/archimedeskirent.com\/fr\/servizi\/#primaryimage\",\"url\":\"https:\/\/archimedeskirent.com\/wp-content\/uploads\/2025\/07\/pexels-visitalmaty-848612.jpg\",\"contentUrl\":\"https:\/\/archimedeskirent.com\/wp-content\/uploads\/2025\/07\/pexels-visitalmaty-848612.jpg\"},{\"@type\":\"BreadcrumbList\",\"@id\":\"https:\/\/archimedeskirent.com\/fr\/servizi\/#breadcrumb\",\"itemListElement\":[{\"@type\":\"ListItem\",\"position\":1,\"name\":\"Home\",\"item\":\"https:\/\/archimedeskirent.com\/fr\/\"},{\"@type\":\"ListItem\",\"position\":2,\"name\":\"Servizi\"}]},{\"@type\":\"WebSite\",\"@id\":\"https:\/\/archimedeskirent.com\/#website\",\"url\":\"https:\/\/archimedeskirent.com\/\",\"name\":\"Archimede SkiRent\",\"description\":\"\",\"potentialAction\":[{\"@type\":\"SearchAction\",\"target\":{\"@type\":\"EntryPoint\",\"urlTemplate\":\"https:\/\/archimedeskirent.com\/?s={search_term_string}\"},\"query-input\":{\"@type\":\"PropertyValueSpecification\",\"valueRequired\":true,\"valueName\":\"search_term_string\"}}],\"inLanguage\":\"fr-FR\"}]}<\/script>\n<!-- \/ Yoast SEO plugin. -->","yoast_head_json":{"title":"Servizi - Archimede SkiRent","description":"Louez-nous skis et snowboards pour obtenir des carres et du fartage parfaits pour toutes les conditions, en laissant tout dans notre stockage","robots":{"index":"index","follow":"follow","max-snippet":"max-snippet:-1","max-image-preview":"max-image-preview:large","max-video-preview":"max-video-preview:-1"},"canonical":"https:\/\/archimedeskirent.com\/fr\/servizi\/","og_locale":"fr_FR","og_type":"article","og_title":"Servizi - Archimede SkiRent","og_description":"Louez-nous skis et snowboards pour obtenir des carres et du fartage parfaits pour toutes les conditions, en laissant tout dans notre stockage","og_url":"https:\/\/archimedeskirent.com\/fr\/servizi\/","og_site_name":"Archimede SkiRent","article_modified_time":"2025-10-21T13:52:08+00:00","og_image":[{"width":1280,"height":853,"url":"https:\/\/archimedeskirent.com\/wp-content\/uploads\/2025\/07\/pexels-visitalmaty-848612.jpg","type":"image\/jpeg"}],"twitter_card":"summary_large_image","twitter_misc":{"Dur\u00e9e de lecture estim\u00e9e":"3 minutes"},"schema":{"@context":"https:\/\/schema.org","@graph":[{"@type":"WebPage","@id":"https:\/\/archimedeskirent.com\/fr\/servizi\/","url":"https:\/\/archimedeskirent.com\/fr\/servizi\/","name":"Servizi - Archimede SkiRent","isPartOf":{"@id":"https:\/\/archimedeskirent.com\/#website"},"primaryImageOfPage":{"@id":"https:\/\/archimedeskirent.com\/fr\/servizi\/#primaryimage"},"image":{"@id":"https:\/\/archimedeskirent.com\/fr\/servizi\/#primaryimage"},"thumbnailUrl":"https:\/\/archimedeskirent.com\/wp-content\/uploads\/2025\/07\/pexels-visitalmaty-848612.jpg","datePublished":"2025-07-21T11:21:33+00:00","dateModified":"2025-10-21T13:52:08+00:00","description":"Louez-nous skis et snowboards pour obtenir des carres et du fartage parfaits pour toutes les conditions, en laissant tout dans notre stockage","breadcrumb":{"@id":"https:\/\/archimedeskirent.com\/fr\/servizi\/#breadcrumb"},"inLanguage":"fr-FR","potentialAction":[{"@type":"ReadAction","target":["https:\/\/archimedeskirent.com\/fr\/servizi\/"]}]},{"@type":"ImageObject","inLanguage":"fr-FR","@id":"https:\/\/archimedeskirent.com\/fr\/servizi\/#primaryimage","url":"https:\/\/archimedeskirent.com\/wp-content\/uploads\/2025\/07\/pexels-visitalmaty-848612.jpg","contentUrl":"https:\/\/archimedeskirent.com\/wp-content\/uploads\/2025\/07\/pexels-visitalmaty-848612.jpg"},{"@type":"BreadcrumbList","@id":"https:\/\/archimedeskirent.com\/fr\/servizi\/#breadcrumb","itemListElement":[{"@type":"ListItem","position":1,"name":"Home","item":"https:\/\/archimedeskirent.com\/fr\/"},{"@type":"ListItem","position":2,"name":"Servizi"}]},{"@type":"WebSite","@id":"https:\/\/archimedeskirent.com\/#website","url":"https:\/\/archimedeskirent.com\/","name":"Archimede SkiRent","description":"","potentialAction":[{"@type":"SearchAction","target":{"@type":"EntryPoint","urlTemplate":"https:\/\/archimedeskirent.com\/?s={search_term_string}"},"query-input":{"@type":"PropertyValueSpecification","valueRequired":true,"valueName":"search_term_string"}}],"inLanguage":"fr-FR"}]}},"jetpack_sharing_enabled":true,"_links":{"self":[{"href":"https:\/\/archimedeskirent.com\/fr\/wp-json\/wp\/v2\/pages\/555","targetHints":{"allow":["GET"]}}],"collection":[{"href":"https:\/\/archimedeskirent.com\/fr\/wp-json\/wp\/v2\/pages"}],"about":[{"href":"https:\/\/archimedeskirent.com\/fr\/wp-json\/wp\/v2\/types\/page"}],"author":[{"embeddable":true,"href":"https:\/\/archimedeskirent.com\/fr\/wp-json\/wp\/v2\/users\/2"}],"replies":[{"embeddable":true,"href":"https:\/\/archimedeskirent.com\/fr\/wp-json\/wp\/v2\/comments?post=555"}],"version-history":[{"count":18,"href":"https:\/\/archimedeskirent.com\/fr\/wp-json\/wp\/v2\/pages\/555\/revisions"}],"predecessor-version":[{"id":1563,"href":"https:\/\/archimedeskirent.com\/fr\/wp-json\/wp\/v2\/pages\/555\/revisions\/1563"}],"wp:attachment":[{"href":"https:\/\/archimedeskirent.com\/fr\/wp-json\/wp\/v2\/media?parent=555"}],"curies":[{"name":"wp","href":"https:\/\/api.w.org\/{rel}","templated":true}]}}