{"id":437,"date":"2025-07-19T18:22:33","date_gmt":"2025-07-19T17:22:33","guid":{"rendered":"https:\/\/archimedeskirent.com\/?page_id=437"},"modified":"2025-10-21T14:43:32","modified_gmt":"2025-10-21T13:43:32","slug":"qui-sommes-nous","status":"publish","type":"page","link":"https:\/\/archimedeskirent.com\/fr\/qui-sommes-nous\/","title":{"rendered":"Chi siamo"},"content":{"rendered":"\n<div class=\"wp-block-cover is-light\" style=\"min-height:430px;aspect-ratio:unset;\"><img loading=\"lazy\" decoding=\"async\" width=\"1024\" height=\"681\" class=\"wp-block-cover__image-background wp-image-411 size-large\" alt=\"\" src=\"https:\/\/archimedeskirent.com\/wp-content\/uploads\/2025\/07\/Sci-fuori-pista-1024x681.jpg\" style=\"object-position:65% 60%\" data-object-fit=\"cover\" data-object-position=\"65% 60%\" srcset=\"https:\/\/archimedeskirent.com\/wp-content\/uploads\/2025\/07\/Sci-fuori-pista-1024x681.jpg 1024w, https:\/\/archimedeskirent.com\/wp-content\/uploads\/2025\/07\/Sci-fuori-pista-300x200.jpg 300w, https:\/\/archimedeskirent.com\/wp-content\/uploads\/2025\/07\/Sci-fuori-pista-768x511.jpg 768w, https:\/\/archimedeskirent.com\/wp-content\/uploads\/2025\/07\/Sci-fuori-pista-1536x1022.jpg 1536w, https:\/\/archimedeskirent.com\/wp-content\/uploads\/2025\/07\/Sci-fuori-pista-2048x1362.jpg 2048w, https:\/\/archimedeskirent.com\/wp-content\/uploads\/2025\/07\/Sci-fuori-pista-600x399.jpg 600w\" sizes=\"auto, (max-width: 1024px) 100vw, 1024px\" \/><span aria-hidden=\"true\" class=\"wp-block-cover__background has-background-dim-0 has-background-dim\" style=\"background-color:#95918f\"><\/span><div class=\"wp-block-cover__inner-container has-global-padding is-layout-constrained wp-block-cover-is-layout-constrained\">\n<p class=\"has-text-align-center ombra has-base-color has-text-color has-link-color has-xx-large-font-size wp-elements-e5431e122acf81eb9c4ed43c8457a65e\"><strong>QUI SOMMES NOUS<\/strong><\/p>\n<\/div><\/div>\n\n\n\n<p class=\"has-text-align-center has-contrast-color has-text-color has-link-color has-large-font-size wp-elements-6742214d4375f1b33730de4f1102f617\" style=\"margin-top:var(--wp--preset--spacing--20);margin-right:var(--wp--preset--spacing--80);margin-bottom:var(--wp--preset--spacing--20);margin-left:var(--wp--preset--spacing--80)\">\u00c0 quelques pas des pistes des montagnes olympiques de Sestri\u00e8res, Archimede depuis 20 ans offre les meilleures solutions pour rendre vos vacances d\u2019hiver parfaites.<\/p>\n\n\n\n<div class=\"wp-block-columns is-layout-flex wp-container-core-columns-is-layout-0111f410 wp-block-columns-is-layout-flex\" style=\"padding-right:var(--wp--preset--spacing--50);padding-left:var(--wp--preset--spacing--50)\">\n<div class=\"wp-block-column is-layout-flow wp-block-column-is-layout-flow\">\n<figure class=\"wp-block-image size-full has-custom-border\"><img loading=\"lazy\" decoding=\"async\" width=\"1009\" height=\"600\" src=\"https:\/\/archimedeskirent.com\/wp-content\/uploads\/2025\/07\/archimede-ski-rent-noleggio.jpg\" alt=\"\" class=\"wp-image-408\" style=\"border-radius:30px\" srcset=\"https:\/\/archimedeskirent.com\/wp-content\/uploads\/2025\/07\/archimede-ski-rent-noleggio.jpg 1009w, https:\/\/archimedeskirent.com\/wp-content\/uploads\/2025\/07\/archimede-ski-rent-noleggio-300x178.jpg 300w, https:\/\/archimedeskirent.com\/wp-content\/uploads\/2025\/07\/archimede-ski-rent-noleggio-768x457.jpg 768w, https:\/\/archimedeskirent.com\/wp-content\/uploads\/2025\/07\/archimede-ski-rent-noleggio-600x357.jpg 600w\" sizes=\"auto, (max-width: 1009px) 100vw, 1009px\" \/><\/figure>\n\n\n\n<p class=\"has-text-align-left has-medium-font-size\">Archimede est un magasin de&nbsp;<strong>location<\/strong>&nbsp;de mat\u00e9riel de&nbsp;<strong>ski et snowboard<\/strong>&nbsp;\u00e0 Sestri\u00e8res, qui a vu le jour il y a deux d\u00e9cennies et continue d\u2019\u00e9quiper les nouvelles g\u00e9n\u00e9rations de skieurs et surfeurs pour assurer que leurs vacances soient agr\u00e9ables et se passent en toute s\u00e9curit\u00e9.<\/p>\n\n\n\n<div class=\"wp-block-buttons is-content-justification-center is-layout-flex wp-container-core-buttons-is-layout-098cc607 wp-block-buttons-is-layout-flex\">\n<div class=\"wp-block-button btn\"><a class=\"wp-block-button__link wp-element-button\">Location<\/a><\/div>\n<\/div>\n<\/div>\n\n\n\n<div class=\"wp-block-column is-layout-flow wp-block-column-is-layout-flow\">\n<figure class=\"wp-block-image size-full has-custom-border\"><img loading=\"lazy\" decoding=\"async\" width=\"1009\" height=\"600\" src=\"https:\/\/archimedeskirent.com\/wp-content\/uploads\/2025\/07\/archimede-ski-rent-deposito-sci.jpg\" alt=\"\" class=\"wp-image-405\" style=\"border-radius:35px\" srcset=\"https:\/\/archimedeskirent.com\/wp-content\/uploads\/2025\/07\/archimede-ski-rent-deposito-sci.jpg 1009w, https:\/\/archimedeskirent.com\/wp-content\/uploads\/2025\/07\/archimede-ski-rent-deposito-sci-300x178.jpg 300w, https:\/\/archimedeskirent.com\/wp-content\/uploads\/2025\/07\/archimede-ski-rent-deposito-sci-768x457.jpg 768w, https:\/\/archimedeskirent.com\/wp-content\/uploads\/2025\/07\/archimede-ski-rent-deposito-sci-600x357.jpg 600w\" sizes=\"auto, (max-width: 1009px) 100vw, 1009px\" \/><\/figure>\n\n\n\n<p class=\"has-medium-font-size\">Apr\u00e8s une bonne journ\u00e9e de glisse, dur de porter ses skis !&nbsp;Archimede vous propose un&nbsp;<strong>service de consigne<\/strong>&nbsp;: votre mat\u00e9riel, lou\u00e9 ou propri\u00e9taire, y sera gard\u00e9 apr\u00e8s aseptisation en toute s\u00e9curit\u00e9&nbsp;; en plus, vos chaussures seront s\u00e9ch\u00e9es et chaudes le lendemain matin<\/p>\n\n\n\n<div class=\"wp-block-buttons is-content-justification-center is-layout-flex wp-container-core-buttons-is-layout-5b5683f2 wp-block-buttons-is-layout-flex\">\n<div class=\"wp-block-button btn\"><a class=\"wp-block-button__link wp-element-button\">Plus d&rsquo;info<\/a><\/div>\n<\/div>\n<\/div>\n<\/div>\n\n\n\n<div class=\"wp-block-columns is-layout-flex wp-container-core-columns-is-layout-0111f410 wp-block-columns-is-layout-flex\" style=\"padding-right:var(--wp--preset--spacing--50);padding-left:var(--wp--preset--spacing--50)\">\n<div class=\"wp-block-column is-layout-flow wp-block-column-is-layout-flow\">\n<figure class=\"wp-block-image size-full has-custom-border\"><img loading=\"lazy\" decoding=\"async\" width=\"1009\" height=\"600\" src=\"https:\/\/archimedeskirent.com\/wp-content\/uploads\/2025\/07\/archimede-ski-rent-manutenzione-laboratorio.jpg\" alt=\"\" class=\"wp-image-402\" style=\"border-radius:30px\" srcset=\"https:\/\/archimedeskirent.com\/wp-content\/uploads\/2025\/07\/archimede-ski-rent-manutenzione-laboratorio.jpg 1009w, https:\/\/archimedeskirent.com\/wp-content\/uploads\/2025\/07\/archimede-ski-rent-manutenzione-laboratorio-300x178.jpg 300w, https:\/\/archimedeskirent.com\/wp-content\/uploads\/2025\/07\/archimede-ski-rent-manutenzione-laboratorio-768x457.jpg 768w, https:\/\/archimedeskirent.com\/wp-content\/uploads\/2025\/07\/archimede-ski-rent-manutenzione-laboratorio-600x357.jpg 600w\" sizes=\"auto, (max-width: 1009px) 100vw, 1009px\" \/><\/figure>\n\n\n\n<p class=\"has-text-align-left has-medium-font-size\">Archimede est un&nbsp;<strong>atelier<\/strong>&nbsp;\u2013 point de r\u00e9f\u00e9rence pour toute la r\u00e9gion de Sestri\u00e8res \u2013 pour l\u2019<strong>entretien et la r\u00e9paration<\/strong>&nbsp;des skis et des snowboards \u2013 tant ceux qui sont disponibles \u00e0 la location que ceux que vous poss\u00e9dez et que vous souhaitez nous confier.<\/p>\n\n\n\n<div class=\"wp-block-buttons is-content-justification-center is-layout-flex wp-container-core-buttons-is-layout-098cc607 wp-block-buttons-is-layout-flex\">\n<div class=\"wp-block-button btn\"><a class=\"wp-block-button__link wp-element-button\">Plus d&rsquo;info<\/a><\/div>\n<\/div>\n<\/div>\n\n\n\n<div class=\"wp-block-column is-layout-flow wp-block-column-is-layout-flow\">\n<figure class=\"wp-block-image size-full has-custom-border\"><img loading=\"lazy\" decoding=\"async\" width=\"1009\" height=\"600\" src=\"https:\/\/archimedeskirent.com\/wp-content\/uploads\/2025\/07\/archimede-ski-rent-accessori-sci.jpg\" alt=\"\" class=\"wp-image-399\" style=\"border-radius:35px\" srcset=\"https:\/\/archimedeskirent.com\/wp-content\/uploads\/2025\/07\/archimede-ski-rent-accessori-sci.jpg 1009w, https:\/\/archimedeskirent.com\/wp-content\/uploads\/2025\/07\/archimede-ski-rent-accessori-sci-300x178.jpg 300w, https:\/\/archimedeskirent.com\/wp-content\/uploads\/2025\/07\/archimede-ski-rent-accessori-sci-768x457.jpg 768w, https:\/\/archimedeskirent.com\/wp-content\/uploads\/2025\/07\/archimede-ski-rent-accessori-sci-600x357.jpg 600w\" sizes=\"auto, (max-width: 1009px) 100vw, 1009px\" \/><\/figure>\n\n\n\n<p class=\"has-medium-font-size\">Archimede est un magasin d&rsquo;accessoires de ski. Vous \u00eates sur le point d&rsquo;aller skier et vous vous rendez compte que vous avez oubli\u00e9 vos gants ou votre masque \u00e0 la maison&nbsp;? Nous avons tout ce qu&rsquo;il vous faut pour vous prot\u00e9ger du soleil, du vent et du froid.<\/p>\n\n\n\n<div class=\"wp-block-buttons is-content-justification-center is-layout-flex wp-container-core-buttons-is-layout-5b5683f2 wp-block-buttons-is-layout-flex\">\n<div class=\"wp-block-button btn\"><a class=\"wp-block-button__link wp-element-button\">Plus d&rsquo;info<\/a><\/div>\n<\/div>\n<\/div>\n<\/div>\n","protected":false},"excerpt":{"rendered":"<p>\u00c0 quelques pas des pistes des montagnes olympiques de Sestri\u00e8res, Archimede depuis 20 ans offre les meilleures solutions pour rendre vos vacances d\u2019hiver parfaites. Archimede est un magasin de&nbsp;location&nbsp;de mat\u00e9riel de&nbsp;ski et snowboard&nbsp;\u00e0 Sestri\u00e8res, qui a vu le jour il y a deux d\u00e9cennies et continue d\u2019\u00e9quiper les nouvelles g\u00e9n\u00e9rations de skieurs et surfeurs pour [&hellip;]<\/p>\n","protected":false},"author":2,"featured_media":0,"parent":0,"menu_order":0,"comment_status":"closed","ping_status":"closed","template":"page-no-title","meta":{"footnotes":""},"class_list":["post-437","page","type-page","status-publish","hentry"],"yoast_head":"<!-- This site is optimized with the Yoast SEO plugin v26.6 - https:\/\/yoast.com\/wordpress\/plugins\/seo\/ -->\n<title>Chi siamo - Archimede SkiRent<\/title>\n<meta name=\"description\" content=\"Un atelier d&#039;entretien, de r\u00e9paration et de location de skis et de snowboards, \u00e0 quelques pas des pistes de ski olympiques de Sestri\u00e8res.\" \/>\n<meta name=\"robots\" content=\"index, follow, max-snippet:-1, max-image-preview:large, max-video-preview:-1\" \/>\n<link rel=\"canonical\" href=\"https:\/\/archimedeskirent.com\/fr\/qui-sommes-nous\/\" \/>\n<meta property=\"og:locale\" content=\"fr_FR\" \/>\n<meta property=\"og:type\" content=\"article\" \/>\n<meta property=\"og:title\" content=\"Chi siamo - Archimede SkiRent\" \/>\n<meta property=\"og:description\" content=\"Un atelier d&#039;entretien, de r\u00e9paration et de location de skis et de snowboards, \u00e0 quelques pas des pistes de ski olympiques de Sestri\u00e8res.\" \/>\n<meta property=\"og:url\" content=\"https:\/\/archimedeskirent.com\/fr\/qui-sommes-nous\/\" \/>\n<meta property=\"og:site_name\" content=\"Archimede SkiRent\" \/>\n<meta property=\"article:modified_time\" content=\"2025-10-21T13:43:32+00:00\" \/>\n<meta property=\"og:image\" content=\"https:\/\/archimedeskirent.com\/wp-content\/uploads\/2025\/07\/Sci-fuori-pista.jpg\" \/>\n\t<meta property=\"og:image:width\" content=\"2560\" \/>\n\t<meta property=\"og:image:height\" content=\"1703\" \/>\n\t<meta property=\"og:image:type\" content=\"image\/jpeg\" \/>\n<meta name=\"twitter:card\" content=\"summary_large_image\" \/>\n<meta name=\"twitter:label1\" content=\"Dur\u00e9e de lecture estim\u00e9e\" \/>\n\t<meta name=\"twitter:data1\" content=\"3 minutes\" \/>\n<script type=\"application\/ld+json\" class=\"yoast-schema-graph\">{\"@context\":\"https:\/\/schema.org\",\"@graph\":[{\"@type\":\"WebPage\",\"@id\":\"https:\/\/archimedeskirent.com\/fr\/qui-sommes-nous\/\",\"url\":\"https:\/\/archimedeskirent.com\/fr\/qui-sommes-nous\/\",\"name\":\"Chi siamo - Archimede SkiRent\",\"isPartOf\":{\"@id\":\"https:\/\/archimedeskirent.com\/#website\"},\"primaryImageOfPage\":{\"@id\":\"https:\/\/archimedeskirent.com\/fr\/qui-sommes-nous\/#primaryimage\"},\"image\":{\"@id\":\"https:\/\/archimedeskirent.com\/fr\/qui-sommes-nous\/#primaryimage\"},\"thumbnailUrl\":\"https:\/\/archimedeskirent.com\/wp-content\/uploads\/2025\/07\/Sci-fuori-pista-1024x681.jpg\",\"datePublished\":\"2025-07-19T17:22:33+00:00\",\"dateModified\":\"2025-10-21T13:43:32+00:00\",\"description\":\"Un atelier d'entretien, de r\u00e9paration et de location de skis et de snowboards, \u00e0 quelques pas des pistes de ski olympiques de Sestri\u00e8res.\",\"breadcrumb\":{\"@id\":\"https:\/\/archimedeskirent.com\/fr\/qui-sommes-nous\/#breadcrumb\"},\"inLanguage\":\"fr-FR\",\"potentialAction\":[{\"@type\":\"ReadAction\",\"target\":[\"https:\/\/archimedeskirent.com\/fr\/qui-sommes-nous\/\"]}]},{\"@type\":\"ImageObject\",\"inLanguage\":\"fr-FR\",\"@id\":\"https:\/\/archimedeskirent.com\/fr\/qui-sommes-nous\/#primaryimage\",\"url\":\"https:\/\/archimedeskirent.com\/wp-content\/uploads\/2025\/07\/Sci-fuori-pista-1024x681.jpg\",\"contentUrl\":\"https:\/\/archimedeskirent.com\/wp-content\/uploads\/2025\/07\/Sci-fuori-pista-1024x681.jpg\"},{\"@type\":\"BreadcrumbList\",\"@id\":\"https:\/\/archimedeskirent.com\/fr\/qui-sommes-nous\/#breadcrumb\",\"itemListElement\":[{\"@type\":\"ListItem\",\"position\":1,\"name\":\"Home\",\"item\":\"https:\/\/archimedeskirent.com\/fr\/\"},{\"@type\":\"ListItem\",\"position\":2,\"name\":\"Chi siamo\"}]},{\"@type\":\"WebSite\",\"@id\":\"https:\/\/archimedeskirent.com\/#website\",\"url\":\"https:\/\/archimedeskirent.com\/\",\"name\":\"Archimede SkiRent\",\"description\":\"\",\"potentialAction\":[{\"@type\":\"SearchAction\",\"target\":{\"@type\":\"EntryPoint\",\"urlTemplate\":\"https:\/\/archimedeskirent.com\/?s={search_term_string}\"},\"query-input\":{\"@type\":\"PropertyValueSpecification\",\"valueRequired\":true,\"valueName\":\"search_term_string\"}}],\"inLanguage\":\"fr-FR\"}]}<\/script>\n<!-- \/ Yoast SEO plugin. -->","yoast_head_json":{"title":"Chi siamo - Archimede SkiRent","description":"Un atelier d'entretien, de r\u00e9paration et de location de skis et de snowboards, \u00e0 quelques pas des pistes de ski olympiques de Sestri\u00e8res.","robots":{"index":"index","follow":"follow","max-snippet":"max-snippet:-1","max-image-preview":"max-image-preview:large","max-video-preview":"max-video-preview:-1"},"canonical":"https:\/\/archimedeskirent.com\/fr\/qui-sommes-nous\/","og_locale":"fr_FR","og_type":"article","og_title":"Chi siamo - Archimede SkiRent","og_description":"Un atelier d'entretien, de r\u00e9paration et de location de skis et de snowboards, \u00e0 quelques pas des pistes de ski olympiques de Sestri\u00e8res.","og_url":"https:\/\/archimedeskirent.com\/fr\/qui-sommes-nous\/","og_site_name":"Archimede SkiRent","article_modified_time":"2025-10-21T13:43:32+00:00","og_image":[{"width":2560,"height":1703,"url":"https:\/\/archimedeskirent.com\/wp-content\/uploads\/2025\/07\/Sci-fuori-pista.jpg","type":"image\/jpeg"}],"twitter_card":"summary_large_image","twitter_misc":{"Dur\u00e9e de lecture estim\u00e9e":"3 minutes"},"schema":{"@context":"https:\/\/schema.org","@graph":[{"@type":"WebPage","@id":"https:\/\/archimedeskirent.com\/fr\/qui-sommes-nous\/","url":"https:\/\/archimedeskirent.com\/fr\/qui-sommes-nous\/","name":"Chi siamo - Archimede SkiRent","isPartOf":{"@id":"https:\/\/archimedeskirent.com\/#website"},"primaryImageOfPage":{"@id":"https:\/\/archimedeskirent.com\/fr\/qui-sommes-nous\/#primaryimage"},"image":{"@id":"https:\/\/archimedeskirent.com\/fr\/qui-sommes-nous\/#primaryimage"},"thumbnailUrl":"https:\/\/archimedeskirent.com\/wp-content\/uploads\/2025\/07\/Sci-fuori-pista-1024x681.jpg","datePublished":"2025-07-19T17:22:33+00:00","dateModified":"2025-10-21T13:43:32+00:00","description":"Un atelier d'entretien, de r\u00e9paration et de location de skis et de snowboards, \u00e0 quelques pas des pistes de ski olympiques de Sestri\u00e8res.","breadcrumb":{"@id":"https:\/\/archimedeskirent.com\/fr\/qui-sommes-nous\/#breadcrumb"},"inLanguage":"fr-FR","potentialAction":[{"@type":"ReadAction","target":["https:\/\/archimedeskirent.com\/fr\/qui-sommes-nous\/"]}]},{"@type":"ImageObject","inLanguage":"fr-FR","@id":"https:\/\/archimedeskirent.com\/fr\/qui-sommes-nous\/#primaryimage","url":"https:\/\/archimedeskirent.com\/wp-content\/uploads\/2025\/07\/Sci-fuori-pista-1024x681.jpg","contentUrl":"https:\/\/archimedeskirent.com\/wp-content\/uploads\/2025\/07\/Sci-fuori-pista-1024x681.jpg"},{"@type":"BreadcrumbList","@id":"https:\/\/archimedeskirent.com\/fr\/qui-sommes-nous\/#breadcrumb","itemListElement":[{"@type":"ListItem","position":1,"name":"Home","item":"https:\/\/archimedeskirent.com\/fr\/"},{"@type":"ListItem","position":2,"name":"Chi siamo"}]},{"@type":"WebSite","@id":"https:\/\/archimedeskirent.com\/#website","url":"https:\/\/archimedeskirent.com\/","name":"Archimede SkiRent","description":"","potentialAction":[{"@type":"SearchAction","target":{"@type":"EntryPoint","urlTemplate":"https:\/\/archimedeskirent.com\/?s={search_term_string}"},"query-input":{"@type":"PropertyValueSpecification","valueRequired":true,"valueName":"search_term_string"}}],"inLanguage":"fr-FR"}]}},"jetpack_sharing_enabled":true,"_links":{"self":[{"href":"https:\/\/archimedeskirent.com\/fr\/wp-json\/wp\/v2\/pages\/437","targetHints":{"allow":["GET"]}}],"collection":[{"href":"https:\/\/archimedeskirent.com\/fr\/wp-json\/wp\/v2\/pages"}],"about":[{"href":"https:\/\/archimedeskirent.com\/fr\/wp-json\/wp\/v2\/types\/page"}],"author":[{"embeddable":true,"href":"https:\/\/archimedeskirent.com\/fr\/wp-json\/wp\/v2\/users\/2"}],"replies":[{"embeddable":true,"href":"https:\/\/archimedeskirent.com\/fr\/wp-json\/wp\/v2\/comments?post=437"}],"version-history":[{"count":5,"href":"https:\/\/archimedeskirent.com\/fr\/wp-json\/wp\/v2\/pages\/437\/revisions"}],"predecessor-version":[{"id":1465,"href":"https:\/\/archimedeskirent.com\/fr\/wp-json\/wp\/v2\/pages\/437\/revisions\/1465"}],"wp:attachment":[{"href":"https:\/\/archimedeskirent.com\/fr\/wp-json\/wp\/v2\/media?parent=437"}],"curies":[{"name":"wp","href":"https:\/\/api.w.org\/{rel}","templated":true}]}}