{"id":116,"date":"2025-06-18T15:10:21","date_gmt":"2025-06-18T14:10:21","guid":{"rendered":"https:\/\/archimedeskirent.com\/?page_id=116"},"modified":"2026-04-21T09:56:54","modified_gmt":"2026-04-21T08:56:54","slug":"no-title","status":"publish","type":"page","link":"https:\/\/archimedeskirent.com\/fr\/","title":{"rendered":"Home"},"content":{"rendered":"\n<div class=\"wp-block-cover is-light alignfull\" style=\"padding-top:var(--wp--preset--spacing--60);padding-right:0;padding-bottom:var(--wp--preset--spacing--60);padding-left:0;min-height:300px;aspect-ratio:unset;\"><img loading=\"lazy\" decoding=\"async\" width=\"2000\" height=\"1251\" class=\"wp-block-cover__image-background wp-image-211 size-full\" alt=\"\" src=\"https:\/\/archimedeskirent.com\/wp-content\/uploads\/2025\/07\/archimede-sci-2.jpg\" data-object-fit=\"cover\" srcset=\"https:\/\/archimedeskirent.com\/wp-content\/uploads\/2025\/07\/archimede-sci-2.jpg 2000w, https:\/\/archimedeskirent.com\/wp-content\/uploads\/2025\/07\/archimede-sci-2-300x188.jpg 300w, https:\/\/archimedeskirent.com\/wp-content\/uploads\/2025\/07\/archimede-sci-2-1024x641.jpg 1024w, https:\/\/archimedeskirent.com\/wp-content\/uploads\/2025\/07\/archimede-sci-2-768x480.jpg 768w, https:\/\/archimedeskirent.com\/wp-content\/uploads\/2025\/07\/archimede-sci-2-1536x961.jpg 1536w, https:\/\/archimedeskirent.com\/wp-content\/uploads\/2025\/07\/archimede-sci-2-600x375.jpg 600w\" sizes=\"auto, (max-width: 2000px) 100vw, 2000px\" \/><span aria-hidden=\"true\" class=\"wp-block-cover__background has-contrast-background-color has-background-dim-30 has-background-dim\"><\/span><div class=\"wp-block-cover__inner-container has-global-padding is-layout-constrained wp-container-core-cover-is-layout-c6787eed wp-block-cover-is-layout-constrained\">\n<div class=\"wp-block-group alignwide is-layout-flow wp-block-group-is-layout-flow\" style=\"margin-top:0;margin-bottom:0;padding-top:0;padding-right:0;padding-bottom:0;padding-left:0\">\n<div class=\"wp-block-columns is-layout-flex wp-container-core-columns-is-layout-28f84493 wp-block-columns-is-layout-flex\">\n<div class=\"wp-block-column is-vertically-aligned-bottom is-layout-flow wp-block-column-is-layout-flow\" style=\"flex-basis:60%\">\n<h2 class=\"wp-block-heading has-text-align-center has-base-color has-text-color has-link-color wp-elements-dbece65fdb20ae7e734cd6c5fe8be8a2\"><strong>Nous esp\u00e9rons vous revoir pour<\/strong><br><strong>la saison<\/strong> <strong>2026-2027<\/strong><\/h2>\n\n\n\n<h3 class=\"wp-block-heading has-text-align-center ombra has-base-color has-text-color has-link-color wp-elements-82fdefbea6aa4e95d2e20353b99a97ca\" id=\"a-due-passi\"><strong>\u00c0 DEUX PAS DES PISTES<\/strong><br><strong>OLYMPIQUES DE SESTRIERE!<\/strong><\/h3>\n\n\n\n<div class=\"wp-block-buttons is-layout-flex wp-block-buttons-is-layout-flex\">\n<div class=\"wp-block-button btn\"><a class=\"wp-block-button__link has-text-align-center wp-element-button\" href=\"https:\/\/archimedeskirent.com\/fr\/noleggio\/\">Tout ce qu&rsquo;il faut pour skier<\/a><\/div>\n<\/div>\n<\/div>\n\n\n\n<div class=\"wp-block-column is-vertically-aligned-top is-layout-flow wp-block-column-is-layout-flow\">\n<div class=\"wp-block-group has-global-padding is-layout-constrained wp-block-group-is-layout-constrained\">\n<h3 class=\"wp-block-heading has-text-align-center ombra has-base-color has-text-color has-link-color wp-elements-df12183768dc963b4a8146308e2601cd\" id=\"ils-parlent-de-nous\"><strong>Ils parlent de nous<\/strong><\/h3>\n\n\n<pre class=\"ti-widget\"><template id=\"trustindex-google-widget-html\"><div class=\" ti-widget  ti-goog ti-review-text-mode-readmore ti-text-align-left\" data-no-translation=\"true\" data-time-locale=\"%d %s fa|oggi|giorno|giorni|settimana|settimane|mese|mesi|anno|anni\" data-plugin-version=\"13.2.9\" data-layout-id=\"56\" data-layout-category=\"badge\" data-set-id=\"light-background\" data-pid=\"\" data-language=\"it\" data-close-locale=\"Vicino\" data-css-version=\"2\" data-size=\"1\"> <div class=\"ti-widget-container\"> <a href=\"https:\/\/admin.trustindex.io\/api\/googleReview?place-id=ChIJa9SajKLEiUcRykqMZB1clX8\" role=\"button\" target=\"_blank\" rel=\"noopener nofollow\" class=\"ti-header ti-header-grid source-Google\"> <div class=\"ti-fade-container\"> <div class=\"ti-large-logo\"> <div class=\"ti-v-center\"> <trustindex-image class=\"ti-logo-fb\" data-imgurl=\"https:\/\/cdn.trustindex.io\/assets\/platform\/Google\/logo.svg\" width=\"150\" height=\"25\" loading=\"lazy\" alt=\"Google\"><\/trustindex-image> <\/div> <\/div> <span class=\"ti-stars\"> <span class=\"ti-rating\">4.9<\/span> <trustindex-image class=\"ti-star\" data-imgurl=\"https:\/\/cdn.trustindex.io\/assets\/platform\/Google\/star\/f.svg\" alt=\"Google star 1\" width=\"17\" height=\"17\" loading=\"lazy\"><\/trustindex-image><trustindex-image class=\"ti-star\" data-imgurl=\"https:\/\/cdn.trustindex.io\/assets\/platform\/Google\/star\/f.svg\" alt=\"Google star 2\" width=\"17\" height=\"17\" loading=\"lazy\"><\/trustindex-image><trustindex-image class=\"ti-star\" data-imgurl=\"https:\/\/cdn.trustindex.io\/assets\/platform\/Google\/star\/f.svg\" alt=\"Google star 3\" width=\"17\" height=\"17\" loading=\"lazy\"><\/trustindex-image><trustindex-image class=\"ti-star\" data-imgurl=\"https:\/\/cdn.trustindex.io\/assets\/platform\/Google\/star\/f.svg\" alt=\"Google star 4\" width=\"17\" height=\"17\" loading=\"lazy\"><\/trustindex-image><trustindex-image class=\"ti-star\" data-imgurl=\"https:\/\/cdn.trustindex.io\/assets\/platform\/Google\/star\/f.svg\" alt=\"Google star 5\" width=\"17\" height=\"17\" loading=\"lazy\"><\/trustindex-image> <\/span> <div class=\"ti-text\"> <span class=\"nowrap\"><strong>73 recensioni<\/strong><\/span> <\/div> <\/div> <\/a> <\/div> <\/div> <\/template><\/pre><div data-src=\"https:\/\/cdn.trustindex.io\/loader.js?wp-widget\" data-template-id=\"trustindex-google-widget-html\" data-css-url=\"https:\/\/archimedeskirent.com\/wp-content\/uploads\/trustindex-google-widget.css?1776074330\"><\/div>\n<\/div>\n<\/div>\n<\/div>\n<\/div>\n<\/div><\/div>\n\n\n\n<div class=\"wp-block-columns is-layout-flex wp-container-core-columns-is-layout-1a2ddb66 wp-block-columns-is-layout-flex\" style=\"padding-right:var(--wp--preset--spacing--30);padding-left:var(--wp--preset--spacing--30)\">\n<div class=\"wp-block-column is-layout-flow wp-block-column-is-layout-flow\">\n<h2 class=\"wp-block-heading has-text-align-center\" id=\"tres-proche-des-pistes\">TR\u00c8S PROCHE DES PISTES<\/h2>\n\n\n\n<h3 class=\"wp-block-heading has-text-align-center\" id=\"location-de-materiel-et-accessoires-pour-skis-et-snowboards\">Location de mat\u00e9riel et accessoires pour skis et snowboards<\/h3>\n\n\n\n<div class=\"wp-block-columns is-layout-flex wp-container-core-columns-is-layout-28f84493 wp-block-columns-is-layout-flex\">\n<div class=\"wp-block-column is-vertically-aligned-center is-layout-flow wp-block-column-is-layout-flow\" style=\"flex-basis:33.33%\">\n<figure class=\"wp-block-image aligncenter size-large\"><img loading=\"lazy\" decoding=\"async\" width=\"1024\" height=\"681\" src=\"https:\/\/archimedeskirent.com\/wp-content\/uploads\/2025\/07\/ski-rent-sciatore-01-1024x681.jpg\" alt=\"\" class=\"wp-image-222\" srcset=\"https:\/\/archimedeskirent.com\/wp-content\/uploads\/2025\/07\/ski-rent-sciatore-01-1024x681.jpg 1024w, https:\/\/archimedeskirent.com\/wp-content\/uploads\/2025\/07\/ski-rent-sciatore-01-300x200.jpg 300w, https:\/\/archimedeskirent.com\/wp-content\/uploads\/2025\/07\/ski-rent-sciatore-01-768x511.jpg 768w, https:\/\/archimedeskirent.com\/wp-content\/uploads\/2025\/07\/ski-rent-sciatore-01-1536x1022.jpg 1536w, https:\/\/archimedeskirent.com\/wp-content\/uploads\/2025\/07\/ski-rent-sciatore-01-2048x1363.jpg 2048w, https:\/\/archimedeskirent.com\/wp-content\/uploads\/2025\/07\/ski-rent-sciatore-01-600x399.jpg 600w\" sizes=\"auto, (max-width: 1024px) 100vw, 1024px\" \/><\/figure>\n\n\n\n<div class=\"wp-block-buttons is-content-justification-center is-layout-flex wp-container-core-buttons-is-layout-a89b3969 wp-block-buttons-is-layout-flex\">\n<div class=\"wp-block-button btn\"><a class=\"wp-block-button__link wp-element-button\" href=\"https:\/\/archimedeskirent.com\/fr\/noleggio\/#noleggio-icone\">Location en ligne<\/a><\/div>\n<\/div>\n<\/div>\n\n\n\n<div class=\"wp-block-column is-layout-flow wp-block-column-is-layout-flow\" style=\"flex-basis:66.66%\">\n<p>A quelques pas des pistes de Sestri\u00e8res,&nbsp;<strong>Archimede loue du mat\u00e9riel des meilleures marques pour tous les besoins<\/strong>&nbsp;des passionn\u00e9s de ski et de snowboard. Des d\u00e9butants aux enfants, en passant par les skieurs et snowboardeurs les plus exigeants,&nbsp;<strong>chez Archimede il y a une solution pour tout le monde<\/strong>.<\/p>\n\n\n\n<p>En plus de la location, chez Archimede vous pouvez acheter toutes sortes d\u2019accessoires et utiliser le local \u00e0 skis, snowboard et chaussures pour avoir confortablement&nbsp;<strong>votre mat\u00e9riel au plus pr\u00e8s des pistes<\/strong>. Et vous pouvez profiter des services techniques de carres, de fond et de fartage, mais aussi de&nbsp;<em><strong>bootfitting<\/strong><\/em>: une personnalisation cibl\u00e9e de la chaussure pour \u00e9liminer l\u2019inconfort et toute douleur due \u00e0 des conformation particuli\u00e8res de la semelle, des os ou du cou-de-pied, pour un \u00abajustement parfait\u00bb et des performances optimales du d\u00e9butant au sportif de haut niveau.<\/p>\n\n\n\n<p><strong>Et pour la location de ski en ligne, les b\u00e2tons sont gratuits !<\/strong><\/p>\n<\/div>\n<\/div>\n<\/div>\n<\/div>\n\n\n\n<div style=\"height:20px\" aria-hidden=\"true\" class=\"wp-block-spacer\"><\/div>\n\n\n\n<div class=\"wp-block-columns is-layout-flex wp-container-core-columns-is-layout-2d7698b3 wp-block-columns-is-layout-flex\" style=\"padding-right:0;padding-left:0\">\n<div class=\"wp-block-column has-accent-1-background-color has-background is-layout-flow wp-block-column-is-layout-flow\">\n<p class=\"has-text-align-center\" style=\"margin-top:var(--wp--preset--spacing--20);margin-right:var(--wp--preset--spacing--20);margin-bottom:var(--wp--preset--spacing--20);margin-left:var(--wp--preset--spacing--20)\"><strong>D\u00e9couvrez le confort de nos casiers chauff\u00e9s pour votre \u00e9quipement<\/strong><\/p>\n\n\n\n<div class=\"wp-block-buttons is-content-justification-center is-layout-flex wp-container-core-buttons-is-layout-098cc607 wp-block-buttons-is-layout-flex\">\n<div class=\"wp-block-button btn\"><a class=\"wp-block-button__link wp-element-button\" href=\"https:\/\/archimedeskirent.com\/fr\/servizi\/#armadietto\">D\u00e9tails<\/a><\/div>\n<\/div>\n\n\n\n<div style=\"height:29px\" aria-hidden=\"true\" class=\"wp-block-spacer\"><\/div>\n<\/div>\n\n\n\n<div class=\"wp-block-column has-accent-4-background-color has-background is-layout-flow wp-block-column-is-layout-flow\">\n<p class=\"has-text-align-center\" style=\"margin-top:var(--wp--preset--spacing--20);margin-right:var(--wp--preset--spacing--20);margin-bottom:var(--wp--preset--spacing--20);margin-left:var(--wp--preset--spacing--20)\"><strong>R\u00e9duction en ligne jusqu&rsquo;\u00e0 20%<\/strong><\/p>\n\n\n\n<p class=\"has-text-align-center\" style=\"margin-top:var(--wp--preset--spacing--20);margin-right:var(--wp--preset--spacing--20);margin-bottom:var(--wp--preset--spacing--20);margin-left:var(--wp--preset--spacing--20)\">La r\u00e9duction sera appliqu\u00e9e sur la fiche produit apr\u00e8s avoir s\u00e9lectionn\u00e9 les jours dans le calendrier<\/p>\n\n\n\n<div class=\"wp-block-buttons is-content-justification-center is-layout-flex wp-container-core-buttons-is-layout-5b5683f2 wp-block-buttons-is-layout-flex\">\n<div class=\"wp-block-button btn\"><a class=\"wp-block-button__link has-text-align-center wp-element-button\" href=\"https:\/\/archimedeskirent.com\/fr\/noleggio\/\">Jetez un \u0153il aux articles en location<\/a><\/div>\n<\/div>\n\n\n\n<div style=\"height:20px\" aria-hidden=\"true\" class=\"wp-block-spacer\"><\/div>\n<\/div>\n\n\n\n<div class=\"wp-block-column has-accent-1-background-color has-background is-layout-flow wp-block-column-is-layout-flow\">\n<p class=\"has-text-align-center\" style=\"margin-top:var(--wp--preset--spacing--30);margin-right:var(--wp--preset--spacing--30);margin-bottom:var(--wp--preset--spacing--30);margin-left:var(--wp--preset--spacing--30)\"><strong>Location facile avec livraison \u00e0 domicile<\/strong><\/p>\n\n\n\n<p class=\"has-text-align-center\" style=\"margin-top:var(--wp--preset--spacing--20);margin-right:var(--wp--preset--spacing--20);margin-bottom:var(--wp--preset--spacing--20);margin-left:var(--wp--preset--spacing--20)\">R\u00e9servez en ligne et recevez votre \u00e9quipement directement \u00e0 votre h\u00e9bergement \u00e0 Sestri\u00e8res et dans les environs.<\/p>\n\n\n\n<div class=\"wp-block-buttons is-content-justification-center is-layout-flex wp-container-core-buttons-is-layout-098cc607 wp-block-buttons-is-layout-flex\">\n<div class=\"wp-block-button btn\"><a class=\"wp-block-button__link wp-element-button\" href=\"https:\/\/archimedeskirent.com\/fr\/contatti\/\">Contactez-nous pour tous les d\u00e9tails<\/a><\/div>\n<\/div>\n\n\n\n<div style=\"height:20px\" aria-hidden=\"true\" class=\"wp-block-spacer\"><\/div>\n<\/div>\n<\/div>\n\n\n\n<div class=\"wp-block-columns is-layout-flex wp-container-core-columns-is-layout-28f84493 wp-block-columns-is-layout-flex\">\n<div class=\"wp-block-column is-layout-flow wp-block-column-is-layout-flow\">\n<h2 class=\"wp-block-heading has-text-align-center\" id=\"au-dela-de-la-location\">AU-DEL\u00c0 DE LA LOCATION<\/h2>\n\n\n\n<h3 class=\"wp-block-heading has-text-align-center\" id=\"nos-services\">Nos services<br><\/h3>\n\n\n\n<div class=\"wp-block-columns is-layout-flex wp-container-core-columns-is-layout-1a2ddb66 wp-block-columns-is-layout-flex\" style=\"padding-right:var(--wp--preset--spacing--30);padding-left:var(--wp--preset--spacing--30)\">\n<div class=\"wp-block-column is-layout-flow wp-block-column-is-layout-flow\" style=\"flex-basis:66.66%\">\n<p>Archimede n\u2019est pas seulement une location, mais propose divers services \u00e0 ceux qui passent leurs vacances \u00e0 la neige \u00e0 Sestri\u00e8res.<\/p>\n\n\n\n<p><strong>Fond, carres et fart:<\/strong>&nbsp;que vous louiez votre mat\u00e9riel chez nous ou que vous souhaitiez nous confier le v\u00f4tre, son entretien est assur\u00e9 gr\u00e2ce \u00e0 la grande exp\u00e9rience de notre personnel de&nbsp;<strong>laboratoire<\/strong>, point de r\u00e9f\u00e9rence pour les passionn\u00e9s de ski et de planche et les professionnels de Sestri\u00e8res et alentours.<\/p>\n\n\n\n<p>Dans notre&nbsp;<strong>boutique<\/strong>, vous trouverez des accessoires, des cr\u00e8mes, des gants et tout ce qui peut \u00eatre utilis\u00e9 pour compl\u00e9ter votre journ\u00e9e de vacances, \u00e0 la fin de laquelle vous pourrez d\u00e9cider de laisser votre mat\u00e9riel \u2013 lou\u00e9 ou poss\u00e9d\u00e9 \u2013 dans notre&nbsp;<strong>stockage chauff\u00e9 et d\u00e9sinfect\u00e9<\/strong>, pour le trouver pr\u00eat \u00e0 porter le lendemain matin.<\/p>\n\n\n\n<p><strong>Et pour la location de ski en ligne, les b\u00e2tons sont gratuits !<\/strong><\/p>\n<\/div>\n\n\n\n<div class=\"wp-block-column is-vertically-aligned-center is-layout-flow wp-block-column-is-layout-flow\" style=\"flex-basis:33.33%\">\n<figure class=\"wp-block-image size-full\"><img loading=\"lazy\" decoding=\"async\" width=\"723\" height=\"604\" src=\"https:\/\/archimedeskirent.com\/wp-content\/uploads\/2025\/07\/ski-rent-noleggio-attrezzatura-sci.jpg\" alt=\"\" class=\"wp-image-219\" srcset=\"https:\/\/archimedeskirent.com\/wp-content\/uploads\/2025\/07\/ski-rent-noleggio-attrezzatura-sci.jpg 723w, https:\/\/archimedeskirent.com\/wp-content\/uploads\/2025\/07\/ski-rent-noleggio-attrezzatura-sci-300x251.jpg 300w, https:\/\/archimedeskirent.com\/wp-content\/uploads\/2025\/07\/ski-rent-noleggio-attrezzatura-sci-600x501.jpg 600w\" sizes=\"auto, (max-width: 723px) 100vw, 723px\" \/><\/figure>\n\n\n\n<div class=\"wp-block-buttons btn is-content-justification-center is-layout-flex wp-container-core-buttons-is-layout-5b5683f2 wp-block-buttons-is-layout-flex\">\n<div class=\"wp-block-button\"><a class=\"wp-block-button__link wp-element-button\" href=\"https:\/\/archimedeskirent.com\/fr\/servizi\/\">Tous les services<\/a><\/div>\n<\/div>\n<\/div>\n<\/div>\n<\/div>\n<\/div>\n\n\n\n<div style=\"height:20px\" aria-hidden=\"true\" class=\"wp-block-spacer\"><\/div>\n","protected":false},"excerpt":{"rendered":"<p>TR\u00c8S PROCHE DES PISTES Location de mat\u00e9riel et accessoires pour skis et snowboards A quelques pas des pistes de Sestri\u00e8res,&nbsp;Archimede loue du mat\u00e9riel des meilleures marques pour tous les besoins&nbsp;des passionn\u00e9s de ski et de snowboard. Des d\u00e9butants aux enfants, en passant par les skieurs et snowboardeurs les plus exigeants,&nbsp;chez Archimede il y a une [&hellip;]<\/p>\n","protected":false},"author":2,"featured_media":0,"parent":0,"menu_order":0,"comment_status":"closed","ping_status":"closed","template":"page-no-title","meta":{"footnotes":""},"class_list":["post-116","page","type-page","status-publish","hentry"],"yoast_head":"<!-- This site is optimized with the Yoast SEO plugin v27.4 - https:\/\/yoast.com\/product\/yoast-seo-wordpress\/ -->\n<title>Home - Archimede SkiRent<\/title>\n<meta name=\"description\" content=\"\u00c0 deux pas des pistes olympiques de Sestri\u00e8res. R\u00e9ductions sur la location de skis, snowboards et chaussures. Laboratoire hautement qualifi\u00e9.\" \/>\n<meta name=\"robots\" content=\"index, follow, max-snippet:-1, max-image-preview:large, max-video-preview:-1\" \/>\n<link rel=\"canonical\" href=\"https:\/\/archimedeskirent.com\/fr\/\" \/>\n<meta property=\"og:locale\" content=\"fr_FR\" \/>\n<meta property=\"og:type\" content=\"article\" \/>\n<meta property=\"og:title\" content=\"Home - Archimede SkiRent\" \/>\n<meta property=\"og:description\" content=\"\u00c0 deux pas des pistes olympiques de Sestri\u00e8res. R\u00e9ductions sur la location de skis, snowboards et chaussures. Laboratoire hautement qualifi\u00e9.\" \/>\n<meta property=\"og:url\" content=\"https:\/\/archimedeskirent.com\/fr\/\" \/>\n<meta property=\"og:site_name\" content=\"Archimede SkiRent\" \/>\n<meta property=\"article:modified_time\" content=\"2026-04-21T08:56:54+00:00\" \/>\n<meta property=\"og:image\" content=\"https:\/\/archimedeskirent.com\/wp-content\/uploads\/2025\/07\/archimede-sci-2.jpg\" \/>\n\t<meta property=\"og:image:width\" content=\"2000\" \/>\n\t<meta property=\"og:image:height\" content=\"1251\" \/>\n\t<meta property=\"og:image:type\" content=\"image\/jpeg\" \/>\n<meta name=\"twitter:card\" content=\"summary_large_image\" \/>\n<meta name=\"twitter:label1\" content=\"Dur\u00e9e de lecture estim\u00e9e\" \/>\n\t<meta name=\"twitter:data1\" content=\"3 minutes\" \/>\n<script type=\"application\/ld+json\" class=\"yoast-schema-graph\">{\"@context\":\"https:\\\/\\\/schema.org\",\"@graph\":[{\"@type\":\"WebPage\",\"@id\":\"https:\\\/\\\/archimedeskirent.com\\\/fr\\\/\",\"url\":\"https:\\\/\\\/archimedeskirent.com\\\/fr\\\/\",\"name\":\"Home - Archimede SkiRent\",\"isPartOf\":{\"@id\":\"https:\\\/\\\/archimedeskirent.com\\\/#website\"},\"primaryImageOfPage\":{\"@id\":\"https:\\\/\\\/archimedeskirent.com\\\/fr\\\/#primaryimage\"},\"image\":{\"@id\":\"https:\\\/\\\/archimedeskirent.com\\\/fr\\\/#primaryimage\"},\"thumbnailUrl\":\"https:\\\/\\\/archimedeskirent.com\\\/wp-content\\\/uploads\\\/2025\\\/07\\\/archimede-sci-2.jpg\",\"datePublished\":\"2025-06-18T14:10:21+00:00\",\"dateModified\":\"2026-04-21T08:56:54+00:00\",\"description\":\"\u00c0 deux pas des pistes olympiques de Sestri\u00e8res. R\u00e9ductions sur la location de skis, snowboards et chaussures. Laboratoire hautement qualifi\u00e9.\",\"breadcrumb\":{\"@id\":\"https:\\\/\\\/archimedeskirent.com\\\/fr\\\/#breadcrumb\"},\"inLanguage\":\"fr-FR\",\"potentialAction\":[{\"@type\":\"ReadAction\",\"target\":[\"https:\\\/\\\/archimedeskirent.com\\\/fr\\\/\"]}]},{\"@type\":\"ImageObject\",\"inLanguage\":\"fr-FR\",\"@id\":\"https:\\\/\\\/archimedeskirent.com\\\/fr\\\/#primaryimage\",\"url\":\"https:\\\/\\\/archimedeskirent.com\\\/wp-content\\\/uploads\\\/2025\\\/07\\\/archimede-sci-2.jpg\",\"contentUrl\":\"https:\\\/\\\/archimedeskirent.com\\\/wp-content\\\/uploads\\\/2025\\\/07\\\/archimede-sci-2.jpg\"},{\"@type\":\"BreadcrumbList\",\"@id\":\"https:\\\/\\\/archimedeskirent.com\\\/fr\\\/#breadcrumb\",\"itemListElement\":[{\"@type\":\"ListItem\",\"position\":1,\"name\":\"Home\",\"item\":\"https:\\\/\\\/archimedeskirent.com\\\/fr\\\/\"},{\"@type\":\"ListItem\",\"position\":2,\"name\":\"Home\"}]},{\"@type\":\"WebSite\",\"@id\":\"https:\\\/\\\/archimedeskirent.com\\\/#website\",\"url\":\"https:\\\/\\\/archimedeskirent.com\\\/\",\"name\":\"Archimede SkiRent\",\"description\":\"\",\"potentialAction\":[{\"@type\":\"SearchAction\",\"target\":{\"@type\":\"EntryPoint\",\"urlTemplate\":\"https:\\\/\\\/archimedeskirent.com\\\/?s={search_term_string}\"},\"query-input\":{\"@type\":\"PropertyValueSpecification\",\"valueRequired\":true,\"valueName\":\"search_term_string\"}}],\"inLanguage\":\"fr-FR\"}]}<\/script>\n<!-- \/ Yoast SEO plugin. -->","yoast_head_json":{"title":"Home - Archimede SkiRent","description":"\u00c0 deux pas des pistes olympiques de Sestri\u00e8res. R\u00e9ductions sur la location de skis, snowboards et chaussures. Laboratoire hautement qualifi\u00e9.","robots":{"index":"index","follow":"follow","max-snippet":"max-snippet:-1","max-image-preview":"max-image-preview:large","max-video-preview":"max-video-preview:-1"},"canonical":"https:\/\/archimedeskirent.com\/fr\/","og_locale":"fr_FR","og_type":"article","og_title":"Home - Archimede SkiRent","og_description":"\u00c0 deux pas des pistes olympiques de Sestri\u00e8res. R\u00e9ductions sur la location de skis, snowboards et chaussures. Laboratoire hautement qualifi\u00e9.","og_url":"https:\/\/archimedeskirent.com\/fr\/","og_site_name":"Archimede SkiRent","article_modified_time":"2026-04-21T08:56:54+00:00","og_image":[{"width":2000,"height":1251,"url":"https:\/\/archimedeskirent.com\/wp-content\/uploads\/2025\/07\/archimede-sci-2.jpg","type":"image\/jpeg"}],"twitter_card":"summary_large_image","twitter_misc":{"Dur\u00e9e de lecture estim\u00e9e":"3 minutes"},"schema":{"@context":"https:\/\/schema.org","@graph":[{"@type":"WebPage","@id":"https:\/\/archimedeskirent.com\/fr\/","url":"https:\/\/archimedeskirent.com\/fr\/","name":"Home - Archimede SkiRent","isPartOf":{"@id":"https:\/\/archimedeskirent.com\/#website"},"primaryImageOfPage":{"@id":"https:\/\/archimedeskirent.com\/fr\/#primaryimage"},"image":{"@id":"https:\/\/archimedeskirent.com\/fr\/#primaryimage"},"thumbnailUrl":"https:\/\/archimedeskirent.com\/wp-content\/uploads\/2025\/07\/archimede-sci-2.jpg","datePublished":"2025-06-18T14:10:21+00:00","dateModified":"2026-04-21T08:56:54+00:00","description":"\u00c0 deux pas des pistes olympiques de Sestri\u00e8res. R\u00e9ductions sur la location de skis, snowboards et chaussures. Laboratoire hautement qualifi\u00e9.","breadcrumb":{"@id":"https:\/\/archimedeskirent.com\/fr\/#breadcrumb"},"inLanguage":"fr-FR","potentialAction":[{"@type":"ReadAction","target":["https:\/\/archimedeskirent.com\/fr\/"]}]},{"@type":"ImageObject","inLanguage":"fr-FR","@id":"https:\/\/archimedeskirent.com\/fr\/#primaryimage","url":"https:\/\/archimedeskirent.com\/wp-content\/uploads\/2025\/07\/archimede-sci-2.jpg","contentUrl":"https:\/\/archimedeskirent.com\/wp-content\/uploads\/2025\/07\/archimede-sci-2.jpg"},{"@type":"BreadcrumbList","@id":"https:\/\/archimedeskirent.com\/fr\/#breadcrumb","itemListElement":[{"@type":"ListItem","position":1,"name":"Home","item":"https:\/\/archimedeskirent.com\/fr\/"},{"@type":"ListItem","position":2,"name":"Home"}]},{"@type":"WebSite","@id":"https:\/\/archimedeskirent.com\/#website","url":"https:\/\/archimedeskirent.com\/","name":"Archimede SkiRent","description":"","potentialAction":[{"@type":"SearchAction","target":{"@type":"EntryPoint","urlTemplate":"https:\/\/archimedeskirent.com\/?s={search_term_string}"},"query-input":{"@type":"PropertyValueSpecification","valueRequired":true,"valueName":"search_term_string"}}],"inLanguage":"fr-FR"}]}},"jetpack_sharing_enabled":true,"_links":{"self":[{"href":"https:\/\/archimedeskirent.com\/fr\/wp-json\/wp\/v2\/pages\/116","targetHints":{"allow":["GET"]}}],"collection":[{"href":"https:\/\/archimedeskirent.com\/fr\/wp-json\/wp\/v2\/pages"}],"about":[{"href":"https:\/\/archimedeskirent.com\/fr\/wp-json\/wp\/v2\/types\/page"}],"author":[{"embeddable":true,"href":"https:\/\/archimedeskirent.com\/fr\/wp-json\/wp\/v2\/users\/2"}],"replies":[{"embeddable":true,"href":"https:\/\/archimedeskirent.com\/fr\/wp-json\/wp\/v2\/comments?post=116"}],"version-history":[{"count":15,"href":"https:\/\/archimedeskirent.com\/fr\/wp-json\/wp\/v2\/pages\/116\/revisions"}],"predecessor-version":[{"id":3342,"href":"https:\/\/archimedeskirent.com\/fr\/wp-json\/wp\/v2\/pages\/116\/revisions\/3342"}],"wp:attachment":[{"href":"https:\/\/archimedeskirent.com\/fr\/wp-json\/wp\/v2\/media?parent=116"}],"curies":[{"name":"wp","href":"https:\/\/api.w.org\/{rel}","templated":true}]}}