{"id":1143,"date":"2025-07-28T10:01:51","date_gmt":"2025-07-28T09:01:51","guid":{"rendered":"https:\/\/archimedeskirent.com\/?page_id=1143"},"modified":"2025-07-28T11:05:01","modified_gmt":"2025-07-28T10:05:01","slug":"condizioni-generali","status":"publish","type":"page","link":"https:\/\/archimedeskirent.com\/fr\/condizioni-generali\/","title":{"rendered":"Condizioni generali"},"content":{"rendered":"\n<div class=\"wp-block-group alignfull has-global-padding is-layout-constrained wp-container-core-group-is-layout-bbfed3da wp-block-group-is-layout-constrained\" style=\"border-style:none;border-width:0px;padding-top:0;padding-right:0;padding-bottom:0;padding-left:0\">\n<h1 class=\"wp-block-heading has-text-align-center\" id=\"conditions-generales-de-location\" style=\"margin-top:var(--wp--preset--spacing--30);margin-bottom:var(--wp--preset--spacing--20)\">CONDITIONS G\u00c9N\u00c9RALES DE LOCATION<\/h1>\n\n\n\n<h3 class=\"wp-block-heading\" id=\"preambule\">PR\u00c9AMBULE<\/h3>\n\n\n\n<p>Les pr\u00e9sentes Conditions G\u00e9n\u00e9rales de Location (ci-apr\u00e8s d\u00e9nomm\u00e9es \u00ab CGL \u00bb) sont pr\u00e9par\u00e9es par le Magasin de Location dans le but de r\u00e9gler la relation contractuelle entre ce dernier et le Client.<\/p>\n\n\n\n<p>La confirmation par le Client d\u2019une R\u00e9servation sur notre Site Internet implique de sa part l\u2019acceptation totale et int\u00e9grale des CGL.<\/p>\n\n\n\n<h3 class=\"wp-block-heading\" id=\"art-1-capacite-de-contracter-un-contrat\">Art 1 : CAPACIT\u00c9 DE CONTRACTER UN CONTRAT<\/h3>\n\n\n\n<p>Le Client d\u00e9clare \u00eatre \u00e2g\u00e9 d\u2019au moins 18 ans et avoir la capacit\u00e9 juridique d\u2019acheter sur internet.<\/p>\n\n\n\n<h3 class=\"wp-block-heading\" id=\"art-2-materiel\">Art 2 : MAT\u00c9RIEL<\/h3>\n\n\n\n<p>Le mat\u00e9riel de ski disponible \u00e0 la R\u00e9servation est d\u00e9crit sur notre Site Internet, en pr\u00e9cisant que seules certaines cat\u00e9gories de mat\u00e9riel sont disponibles et non un mod\u00e8le en particulier. Le Client s\u00e9lectionne et r\u00e9serve une cat\u00e9gorie de mat\u00e9riel. Les exemples de mat\u00e9riel sont donn\u00e9s \u00e0 titre purement indicatif et n\u2019ont aucune valeur contractuelle.<\/p>\n\n\n\n<h3 class=\"wp-block-heading\" id=\"art-3-prix\">Art 3 : PRIX<\/h3>\n\n\n\n<p>Les prix de la Location, objet de la R\u00e9servation, sont uniquement ceux indiqu\u00e9s sur le Site au moment de la R\u00e9servation et sont d\u00e9termin\u00e9s en fonction de la cat\u00e9gorie de mat\u00e9riel R\u00e9serv\u00e9 par le Client, de la p\u00e9riode de location choisie et de la date \u00e0 laquelle la R\u00e9servation a \u00e9t\u00e9 effectu\u00e9e.<\/p>\n\n\n\n<h3 class=\"wp-block-heading\" id=\"art-4-modalites-de-reservation\">Art 4: MODALIT\u00c9S DE RESERVATION<\/h3>\n\n\n\n<p>La R\u00e9servation sur Internet peut \u00eatre effectu\u00e9e au maximum 1 jour avant le d\u00e9but de la p\u00e9riode de Location demand\u00e9e.<\/p>\n\n\n\n<p>Lors de la R\u00e9servation sur Internet, le Client s\u00e9lectionne le mat\u00e9riel qu\u2019il souhaite louer, puis la cat\u00e9gorie de mat\u00e9riel qu\u2019il souhaite r\u00e9server.<\/p>\n\n\n\n<p>Apr\u00e8s avoir s\u00e9lectionn\u00e9 le mat\u00e9riel, il sera demand\u00e9 au Client de confirmer sa R\u00e9servation.<\/p>\n\n\n\n<p>Un acompte de 20%&nbsp;est n\u00e9cessaire pour confirmer la R\u00e9servation que le client a s\u00e9lectionn\u00e9 sur le site.<\/p>\n\n\n\n<p>Ce n\u2019est qu\u2019apr\u00e8s avoir re\u00e7u la validation du r\u00e9seau central des cartes bancaires concernant le paiement de l\u2019acompte que la R\u00e9servation effectu\u00e9e par le client sur le site pourra \u00eatre accept\u00e9e.<\/p>\n\n\n\n<h3 class=\"wp-block-heading\" id=\"art-5-modalites-de-paiement\">Art 5 : MODALIT\u00c9S DE PAIEMENT<\/h3>\n\n\n\n<p>Le Client doit verser au Magasin de Location, \u00e0 titre d\u2019acompte sur le prix convenu, un montant \u00e9gal \u00e0 20% du montant total du prix de la Location. Le solde du Prix de la Location, objet de la R\u00e9servation, sera pay\u00e9 par le Client directement au Magasin Loueur au moment du retrait du mat\u00e9riel.<\/p>\n\n\n\n<h3 class=\"wp-block-heading\" id=\"art-6-modalites-de-paiement-de-l-acompte\">Art 6 : MODALIT\u00c9S DE PAIEMENT DE L\u2019ACOMPTE<\/h3>\n\n\n\n<p>La R\u00e9servation n\u2019est confirm\u00e9e qu\u2019apr\u00e8s le paiement de l\u2019Acompte.<\/p>\n\n\n\n<p>L\u2019acompte est payable exclusivement sur Internet par carte de cr\u00e9dit, par PayPal ou Satispay avec paiement s\u00e9curis\u00e9.<\/p>\n\n\n\n<p>Le Client devra suivre les indications du syst\u00e8me. Le paiement sera consid\u00e9r\u00e9 comme valable que lorsque le Magasin de Location re\u00e7oit la validation du r\u00e9seau central des cartes bancaires. En cas de non-acceptation du r\u00e9seau des cartes bancaires circuit des cartes de cr\u00e9dit, le Magasin de Location se r\u00e9serve le droit d\u2019annuler la R\u00e9servation pr\u00e9alablement enregistr\u00e9e. D\u00e8s r\u00e9ception de l\u2019accord du r\u00e9seau central des cartes bancaires concernant le paiement de l\u2019acompte, le Magasin de Location envoie un bon confirmant la r\u00e9servation enregistr\u00e9e au client avec les informations relatives au mat\u00e9riel r\u00e9serv\u00e9, le d\u00e9tail de la p\u00e9riode de location r\u00e9serv\u00e9e et le prix de location correspondant.<\/p>\n\n\n\n<p>Au moment du paiement, une connexion est automatiquement \u00e9tablie avec le serveur du centre de traitement des paiements. Les coordonn\u00e9es bancaires sont prot\u00e9g\u00e9es par des codes crypt\u00e9s et ne sont trait\u00e9es par le circuit que le temps n\u00e9cessaire au traitement de la transaction. Le Magasin de Location ne re\u00e7oit pas, ne traite pas et ne conserve en aucune fa\u00e7on les coordonn\u00e9es bancaires du Client, restant totalement \u00e9tranger au circuit s\u00e9curis\u00e9 de paiement.<\/p>\n\n\n\n<h3 class=\"wp-block-heading\" id=\"art-7-etablissement-du-contrat\">Art 7 : ETABLISSEMENT DU CONTRAT<\/h3>\n\n\n\n<p>La R\u00e9servation engage le Client et le Magasin de Location. Elle est conclue et ne devient effective qu\u2019avec le versement de l\u2019Acompte, qui pourra \u00eatre d\u00e9montr\u00e9 par le Client uniquement en pr\u00e9sentant le bon confirmant la confirmation du paiement de l\u2019Acompte et les donn\u00e9es de la R\u00e9servation.<\/p>\n\n\n\n<p>Une fois la R\u00e9servation finalis\u00e9e, le Magasin de Location s\u2019engage \u00e0 louer au Client le Mat\u00e9riel r\u00e9serv\u00e9 selon les modalit\u00e9s \u00e9tablies dans les pr\u00e9sentes CGL, tandis que le Client s\u2019engage \u00e0 retirer le Mat\u00e9riel r\u00e9serv\u00e9 selon les m\u00eames modalit\u00e9s.<\/p>\n\n\n\n<h3 class=\"wp-block-heading\" id=\"art-8-modifications-a-votre-reservation\">Art 8 : MODIFICATIONS \u00c0 VOTRE RESERVATION<\/h3>\n\n\n\n<p>Les modifications de la R\u00e9servation seront effectu\u00e9es, si elles sont li\u00e9es au type et \u00e0 la quantit\u00e9 du Mat\u00e9riel r\u00e9serv\u00e9.<\/p>\n\n\n\n<p>\u2013 Type de Mat\u00e9riel: Tous les changements de la cat\u00e9gorie et\/ou de taille du Mat\u00e9riel R\u00e9serv\u00e9 sont de la comp\u00e9tence exclusive du Magasin de Location. Pour toutes les modifications de cette nature, le Client s\u2019adressera directement au Magasin de Location avec le Magasin Loueur qui traitera lui-m\u00eame la demande de modification du Client. Le Magasin de Location acceptera la demande de modification du Client dans la mesure o\u00f9 le produit est disponible dans le magasin en question.<\/p>\n\n\n\n<p>L\u2019acceptation d\u2019une telle modification par le Magasin de Location n\u2019affectera pas l\u2019Acompte vers\u00e9. L\u2019effet de l\u2019acceptation des modifications sur le prix du Magasin de Location sera pris en compte lors du paiement du solde du Prix de Location.<\/p>\n\n\n\n<p>\u2013 Quantit\u00e9&nbsp;: La suppression d\u2019un article sera consid\u00e9r\u00e9e comme une annulation.<\/p>\n\n\n\n<p>Sur Internet, il n\u2019est pas possible d\u2019ajouter un article \u00e0 une R\u00e9servation apr\u00e8s son enregistrement, donc si le Client souhaite r\u00e9server un article suppl\u00e9mentaire, il doit effectuer une autre R\u00e9servation concernant l\u2019article suppl\u00e9mentaire qu\u2019il souhaite r\u00e9server en s\u2019adressant \u00e0 nouveau sur notre Site Internet.<\/p>\n\n\n\n<h3 class=\"wp-block-heading\" id=\"art-9-mise-a-disposition-du-materiel\">Art 9 : Mise \u00e0 disposition du mat\u00e9riel<\/h3>\n\n\n\n<p>Le mat\u00e9riel r\u00e9serv\u00e9 doit \u00eatre retir\u00e9 \u00e0 notre Magasin de location&nbsp;:<\/p>\n\n\n\n<p>\u2013 ARCHIMEDE SKI RENT Via Pinerolo 16 A, 10058 Sestriere (TO)<\/p>\n\n\n\n<p>Pour retirer le Mat\u00e9riel R\u00e9serv\u00e9, le Client pr\u00e9sentera au Magasin de Location le bon de confirmation de la R\u00e9servation.<\/p>\n\n\n\n<p>Le Mat\u00e9riel R\u00e9serv\u00e9 peut \u00eatre retir\u00e9 \u00e0 partir de 17h00 la veille du premier jour de location indiqu\u00e9 sur le bon de R\u00e9servation, si le Magasin de Location r\u00e9f\u00e9renc\u00e9 est ouvert apr\u00e8s cette heure et si le Mat\u00e9riel R\u00e9serv\u00e9 est disponible et en \u00e9tat d\u2019\u00eatre retir\u00e9.<\/p>\n\n\n\n<p>Le Client devra pr\u00e9senter sa carte d\u2019identit\u00e9 ou son passeport.<\/p>\n\n\n\n<p>Tout type de r\u00e9glage du Mat\u00e9riel Lou\u00e9 sera effectu\u00e9 exclusivement par le Magasin de Location. Si le Client sait qu\u2019il r\u00e9cup\u00e9rera le mat\u00e9riel en retard, il doit en informer le Magasin de Location Le Magasin de Location a l\u2019obligation de conserver le Mat\u00e9riel R\u00e9serv\u00e9 par le Client via Internet jusqu\u2019\u00e0 10h00 le lendemain du premier jour de location indiqu\u00e9 dans l\u2019e-mail de confirmation de la R\u00e9servation si la r\u00e9servation est sur plusieurs jours. Si la p\u00e9riode de location est d\u2019une seule journ\u00e9e, le Magasin a l\u2019obligation de conserver le Mat\u00e9riel R\u00e9serv\u00e9 jusqu\u2019\u00e0 13h00 le jour m\u00eame. Pass\u00e9 ce d\u00e9lai, la R\u00e9servation sera en fait consid\u00e9r\u00e9e comme nulle. Le Client perdra le b\u00e9n\u00e9fice de sa R\u00e9servation et le Mat\u00e9riel en question sera mis \u00e0 disposition pour la location et le Client n\u2019aura pas droit au remboursement de son acompte ou de tout autre type de remboursement.<\/p>\n\n\n\n<h3 class=\"wp-block-heading\" id=\"art-10-duree-de-la-location\">Art 10 : DUR\u00c9E DE LA LOCATION<\/h3>\n\n\n\n<p>La Location prend effet au moment o\u00f9 le Client r\u00e9cup\u00e8re le Mat\u00e9riel Lou\u00e9, pour la dur\u00e9e indiqu\u00e9e sur le Bon de Location et cessera automatiquement \u00e0 la date indiqu\u00e9e sur le Bon de Location.<\/p>\n\n\n\n<h3 class=\"wp-block-heading\" id=\"art-11-retour-du-materiel-loue\">Art 11 : RETOUR DU MAT\u00c9RIEL LOU\u00c9<\/h3>\n\n\n\n<p>Le mat\u00e9riel lou\u00e9 sera retourn\u00e9 \u00e0 la fin de la journ\u00e9e du jour indiqu\u00e9e sur le bon de location. Le client devra payer au Magasin de Location pour tout mat\u00e9riel restitu\u00e9 apr\u00e8s le jour de la date de retour indiqu\u00e9e sur le bon de location pour une journ\u00e9e de location suppl\u00e9mentaire aux prix communiqu\u00e9s en magasin. Le Client devra payer une journ\u00e9e de location pour chaque jour de retard.<\/p>\n\n\n\n<p>Le Mat\u00e9riel Lou\u00e9 doit \u00eatre retourn\u00e9 uniquement au Magasin de Location o\u00f9 il a \u00e9t\u00e9 lou\u00e9 et pendant les heures d\u2019ouverture du Magasin. Le retour du mat\u00e9riel lou\u00e9 est obligatoire \u00e0 la fin de la p\u00e9riode de location. Le d\u00e9faut de restitution du Mat\u00e9riel sera consid\u00e9r\u00e9 comme un d\u00e9tournement de fonds.<\/p>\n\n\n\n<h3 class=\"wp-block-heading\" id=\"art-12-disponibilite-du-materiel-loue\">Art 12 : DISPONIBILIT\u00c9 DU MAT\u00c9RIEL LOU\u00c9<\/h3>\n\n\n\n<p>En cas de force majeure, le Magasin de Location ne sera pas tenu responsable du retard dans la mise \u00e0 disposition du Mat\u00e9riel R\u00e9serv\u00e9. Sera consid\u00e9r\u00e9 comme cas de force majeure m\u00eame le fait des tiers Clients qui ont retard\u00e9 la restitution de mat\u00e9riel objet de locations pr\u00e9c\u00e9dentes.<\/p>\n\n\n\n<p>Toutefois, en cas d\u2019impossibilit\u00e9 pour le Magasin de Location de mettre \u00e0 la disposition du Client le Mat\u00e9riel R\u00e9serv\u00e9, le Magasin de Location fera tout son possible pour fournir au Client du mat\u00e9riel de qualit\u00e9 \u00e9gale ou sup\u00e9rieure, restant \u00e0 restituer au Client le montant pay\u00e9 pour le Mat\u00e9riel R\u00e9serv\u00e9.<\/p>\n\n\n\n<h3 class=\"wp-block-heading\" id=\"art-13-utilisation-du-materiel-loue\">Art 13 : UTILISATION DU MAT\u00c9RIEL LOU\u00c9<\/h3>\n\n\n\n<p>Le Mat\u00e9riel lou\u00e9 est destin\u00e9 \u00e0 l\u2019utilisation exclusive par les personnes qui retireront le mat\u00e9riel de Location, sans aucune possibilit\u00e9 de cession, sous-location ou de pr\u00eat, m\u00eame \u00e0 titre gratuit.<\/p>\n\n\n\n<p>Le Magasin de Location d\u00e9cline toute responsabilit\u00e9 quant \u00e0 l\u2019aptitude des personnes mentionn\u00e9es dans la R\u00e9servation \u00e0 utiliser correctement le Mat\u00e9riel Lou\u00e9.<\/p>\n\n\n\n<p>Le Client utilisera le Mat\u00e9riel Lou\u00e9 selon l\u2019usage normal, en prenant soin et en veillant \u00e0 ne pas nuire \u00e0 des tiers conform\u00e9ment \u00e0 la r\u00e9glementation en vigueur.<\/p>\n\n\n\n<p>Le mat\u00e9riel lou\u00e9 ne peut \u00eatre ni vendu ni utilis\u00e9 comme garantie. Le Client est responsable du mat\u00e9riel lou\u00e9 et ne doit en aucun cas b\u00e9n\u00e9ficier, en termes r\u00e9els ou autres, du Mat\u00e9riel Lou\u00e9 au profit de quiconque, susceptible d\u2019affecter la jouissance ou de limiter la disponibilit\u00e9 ou la pleine propri\u00e9t\u00e9 du Magasin de Location.<\/p>\n\n\n\n<h3 class=\"wp-block-heading\" id=\"art-14-responsabilite\">Art 14 : RESPONSABILIT\u00c9\u2019<\/h3>\n\n\n\n<p>Le Client assume l\u2019enti\u00e8re responsabilit\u00e9 du Mat\u00e9riel Lou\u00e9 au moment o\u00f9 il en prend possession. Il est responsable de la garde jusqu\u2019\u00e0 la restitution compl\u00e8te. Le Client en prendra soin et le conservera en toutes circonstances. A la fin de la dur\u00e9e de la Location pr\u00e9vue sur le Bon de Location, en cas de non-retour \u00e0 la date pr\u00e9vue, le Client restera seul responsable du Mat\u00e9riel qu\u2019il a en sa possession jusqu\u2019\u00e0 sa restitution effective. Le d\u00e9faut de restitution du Mat\u00e9riel Lou\u00e9, quelle qu\u2019en soit la raison, donnera lieu \u00e0 la facturation par le Magasin de Location au Client de la valeur int\u00e9grale du Mat\u00e9riel comme neuf au prix de vente au d\u00e9tail, en plus du montant total de la location. En cas de vol, le locataire est tenu de porter plainte aupr\u00e8s des autorit\u00e9s judiciaires comp\u00e9tentes.<\/p>\n\n\n\n<p>Toute r\u00e9serve sur le statut du Mat\u00e9riel Lou\u00e9 devra \u00eatre signal\u00e9e par le Client au moment du retrait du mat\u00e9riel au Magasin de Location et fera l\u2019objet d\u2019une note sur le formulaire. En l\u2019absence de toute r\u00e9clamation au moment du retrait, elles ne seront pas accept\u00e9es par la suite.<\/p>\n\n\n\n<p>Le mat\u00e9riel lou\u00e9, est num\u00e9rot\u00e9 ou marqu\u00e9, et doit \u00eatre rendu avec le m\u00eame num\u00e9ro et la m\u00eame \u00e9tiquette. Le Client s\u2019engage \u00e0 retourner le Mat\u00e9riel Lou\u00e9 propre et dans le m\u00eame \u00e9tat que celui dans lequel il l\u2019a pris, sauf d\u00e9t\u00e9rioration due \u00e0 l\u2019usure normale ou \u00e0 un vice non apparent ayant caus\u00e9 \u00e0 lui seul la d\u00e9t\u00e9rioration du mat\u00e9riel, \u00e9tant entendu que toute charge de preuve relative reste \u00e0 la charge du Client.<\/p>\n\n\n\n<p>Le client reste responsable de tout autre dommage subi par le mat\u00e9riel lou\u00e9, quelle qu\u2019en soit la cause. En vertu de cette responsabilit\u00e9, le paiement par le Client au Magasin de Location, au choix de ce dernier, des frais de r\u00e9paration dudit Mat\u00e9riel ou du remplacement int\u00e9gral du Mat\u00e9riel sera d\u00fb. Les r\u00e9parations seront en tout \u00e9tat de cause effectu\u00e9es exclusivement par le Magasin de Location ou par le personnel identifi\u00e9 par lui, \u00e0 l\u2019exclusion de toute facult\u00e9 du Client de prendre des mesures de r\u00e9paration. Si la r\u00e9paration du Mat\u00e9riels\u2019 av\u00e8re techniquement ou \u00e9conomiquement impossible, le Mat\u00e9riel sera sans aucun doute remplac\u00e9. Dans tous les cas, le remboursement d\u00fb par le Client sera contenu dans la limite maximale de la valeur de remplacement \u00e0 l\u2019\u00e9tat neuf du Mat\u00e9riel, \u00e9gale au prix de vente au public du Mat\u00e9riel. Tout remboursement d\u00e9termin\u00e9 conform\u00e9ment au pr\u00e9sent article sera d\u00fb par le Client, en plus du Prix de la Location. Le Client s\u2019engage \u00e0 payer ce remboursement au moment du retour du mat\u00e9riel lou\u00e9.<\/p>\n\n\n\n<h3 class=\"wp-block-heading\" id=\"art-15-conditions-d-annulation-de-reservation\">Art 15 : CONDITIONS D\u2019ANNULATION DE R\u00c9SERVATION<\/h3>\n\n\n\n<h4 class=\"wp-block-heading\" id=\"droit-de-retractation\">\u2013 Droit de r\u00e9tractation :<\/h4>\n\n\n\n<p>Le Client dispose d\u2019un droit de r\u00e9tractation de 7 jours \u00e0 compter de la date de confirmation de la R\u00e9servation. L\u2019enl\u00e8vement du Mat\u00e9riel R\u00e9serv\u00e9, si elle a eu lieu avant l\u2019accomplissement du d\u00e9lai de 7 jours indiqu\u00e9 ci-dessus, vaudra \u00e0 tout effet comme renonciation \u00e0 l\u2019exercice du droit de r\u00e9tractation. Toute demande d\u2019annulation doit \u00eatre effectu\u00e9e par e-mail \u00e0 l\u2019adresse suivante&nbsp;: info@archimedeskirent.com<\/p>\n\n\n\n<p>D\u00e8s r\u00e9ception de la demande d\u2019annulation d\u00fbment envoy\u00e9e sous la forme indiqu\u00e9e ci-dessus, les parties seront lib\u00e9r\u00e9es des obligations respectives d\u00e9coulant de la R\u00e9servation. Le remboursement de l\u2019Acompte sera effectu\u00e9, par le Magasin Loueur, dans un d\u00e9lai maximum de 30 jours \u00e0 compter de la date de r\u00e9ception de la demande d\u2019annulation.<\/p>\n\n\n\n<h4 class=\"wp-block-heading\" id=\"annulation-avant-la-prise-en-charge-du-materiel-reserve-et-apres-le-delai-de-retractation\">\u2013 Annulation avant la prise en charge du Mat\u00e9riel R\u00e9serv\u00e9 et apr\u00e8s le d\u00e9lai de r\u00e9tractation<\/h4>\n\n\n\n<p>Pour toute annulation de Location demand\u00e9e par le Client avant le retrait du Mat\u00e9riel R\u00e9serv\u00e9 et au-del\u00e0 du d\u00e9lai l\u00e9gal de r\u00e9tractation, l\u2019int\u00e9gralit\u00e9 de l\u2019Acompte sera retenue par le Magasin de Location \u00e0 titre de frais administratifs.<\/p>\n\n\n\n<h4 class=\"wp-block-heading\" id=\"annulation-apres-la-prise-du-materiel-reserve\">\u2013 Annulation apr\u00e8s la prise du Mat\u00e9riel r\u00e9serv\u00e9<\/h4>\n\n\n\n<p>La r\u00e9siliation anticip\u00e9e du contrat de location est possible par le retour du mat\u00e9riel sans aucune remboursement par le locataire<\/p>\n\n\n\n<h4 class=\"wp-block-heading\" id=\"annulation-en-raison-des-conditions-climatiques\">\u2013 Annulation en raison des conditions climatiques<\/h4>\n\n\n\n<p>En cas de fermeture totale du domaine skiable normalement accessibles depuis le Magasin de Location, n\u2019\u00e9tant pas de la responsabilit\u00e9 du loueur, les jours de location relatifs \u00e0 cette fermeture ne pourront pas \u00eatre rembours\u00e9s sauf accord contraire avec le Loueur.<\/p>\n\n\n\n<h4 class=\"wp-block-heading\" id=\"les-remboursements-du-materiel-loue-s-effectuent-exclusivement-en-cas-de-de-maladie-et-ou-d-accident-par-la-presentation-d-un-certificat-medical\">\u2013 Les remboursements du mat\u00e9riel lou\u00e9 s\u2019effectuent exclusivement en cas de de maladie et\/ou d\u2019accident par la pr\u00e9sentation d\u2019un certificat m\u00e9dical.<\/h4>\n\n\n\n<h3 class=\"wp-block-heading\" id=\"art-16-donnees-personelles\">Art 16 : DONN\u00c9ES PERSONELLES<\/h3>\n\n\n\n<p>Les donn\u00e9es personnelles du Client et des personnes indiqu\u00e9es par lui sont strictement n\u00e9cessaires au traitement de la R\u00e9servation. Le Magasin Loueur s\u2019engage \u00e0 traiter et \u00e0 prot\u00e9ger ces donn\u00e9es conform\u00e9ment \u00e0 la r\u00e9glementation en vigueur.<\/p>\n<\/div>\n","protected":false},"excerpt":{"rendered":"<p>CONDITIONS G\u00c9N\u00c9RALES DE LOCATION PR\u00c9AMBULE Les pr\u00e9sentes Conditions G\u00e9n\u00e9rales de Location (ci-apr\u00e8s d\u00e9nomm\u00e9es \u00ab CGL \u00bb) sont pr\u00e9par\u00e9es par le Magasin de Location dans le but de r\u00e9gler la relation contractuelle entre ce dernier et le Client. La confirmation par le Client d\u2019une R\u00e9servation sur notre Site Internet implique de sa part l\u2019acceptation totale et [&hellip;]<\/p>\n","protected":false},"author":2,"featured_media":0,"parent":0,"menu_order":0,"comment_status":"closed","ping_status":"closed","template":"page-no-title","meta":{"footnotes":""},"class_list":["post-1143","page","type-page","status-publish","hentry"],"yoast_head":"<!-- This site is optimized with the Yoast SEO plugin v26.6 - https:\/\/yoast.com\/wordpress\/plugins\/seo\/ -->\n<title>Condizioni generali - Archimede SkiRent<\/title>\n<meta name=\"robots\" content=\"index, follow, max-snippet:-1, max-image-preview:large, max-video-preview:-1\" \/>\n<link rel=\"canonical\" href=\"https:\/\/archimedeskirent.com\/condizioni-generali\/\" \/>\n<meta property=\"og:locale\" content=\"fr_FR\" \/>\n<meta property=\"og:type\" content=\"article\" \/>\n<meta property=\"og:title\" content=\"Condizioni generali - Archimede SkiRent\" \/>\n<meta property=\"og:description\" content=\"CONDITIONS G\u00c9N\u00c9RALES DE LOCATION PR\u00c9AMBULE Les pr\u00e9sentes Conditions G\u00e9n\u00e9rales de Location (ci-apr\u00e8s d\u00e9nomm\u00e9es \u00ab CGL \u00bb) sont pr\u00e9par\u00e9es par le Magasin de Location dans le but de r\u00e9gler la relation contractuelle entre ce dernier et le Client. La confirmation par le Client d\u2019une R\u00e9servation sur notre Site Internet implique de sa part l\u2019acceptation totale et [&hellip;]\" \/>\n<meta property=\"og:url\" content=\"https:\/\/archimedeskirent.com\/condizioni-generali\/\" \/>\n<meta property=\"og:site_name\" content=\"Archimede SkiRent\" \/>\n<meta property=\"article:modified_time\" content=\"2025-07-28T10:05:01+00:00\" \/>\n<meta name=\"twitter:card\" content=\"summary_large_image\" \/>\n<meta name=\"twitter:label1\" content=\"Dur\u00e9e de lecture estim\u00e9e\" \/>\n\t<meta name=\"twitter:data1\" content=\"13 minutes\" \/>\n<script type=\"application\/ld+json\" class=\"yoast-schema-graph\">{\"@context\":\"https:\/\/schema.org\",\"@graph\":[{\"@type\":\"WebPage\",\"@id\":\"https:\/\/archimedeskirent.com\/condizioni-generali\/\",\"url\":\"https:\/\/archimedeskirent.com\/condizioni-generali\/\",\"name\":\"Condizioni generali - Archimede SkiRent\",\"isPartOf\":{\"@id\":\"https:\/\/archimedeskirent.com\/#website\"},\"datePublished\":\"2025-07-28T09:01:51+00:00\",\"dateModified\":\"2025-07-28T10:05:01+00:00\",\"breadcrumb\":{\"@id\":\"https:\/\/archimedeskirent.com\/condizioni-generali\/#breadcrumb\"},\"inLanguage\":\"fr-FR\",\"potentialAction\":[{\"@type\":\"ReadAction\",\"target\":[\"https:\/\/archimedeskirent.com\/condizioni-generali\/\"]}]},{\"@type\":\"BreadcrumbList\",\"@id\":\"https:\/\/archimedeskirent.com\/condizioni-generali\/#breadcrumb\",\"itemListElement\":[{\"@type\":\"ListItem\",\"position\":1,\"name\":\"Home\",\"item\":\"https:\/\/archimedeskirent.com\/fr\/\"},{\"@type\":\"ListItem\",\"position\":2,\"name\":\"Condizioni generali\"}]},{\"@type\":\"WebSite\",\"@id\":\"https:\/\/archimedeskirent.com\/#website\",\"url\":\"https:\/\/archimedeskirent.com\/\",\"name\":\"Archimede SkiRent\",\"description\":\"\",\"potentialAction\":[{\"@type\":\"SearchAction\",\"target\":{\"@type\":\"EntryPoint\",\"urlTemplate\":\"https:\/\/archimedeskirent.com\/?s={search_term_string}\"},\"query-input\":{\"@type\":\"PropertyValueSpecification\",\"valueRequired\":true,\"valueName\":\"search_term_string\"}}],\"inLanguage\":\"fr-FR\"}]}<\/script>\n<!-- \/ Yoast SEO plugin. -->","yoast_head_json":{"title":"Condizioni generali - Archimede SkiRent","robots":{"index":"index","follow":"follow","max-snippet":"max-snippet:-1","max-image-preview":"max-image-preview:large","max-video-preview":"max-video-preview:-1"},"canonical":"https:\/\/archimedeskirent.com\/condizioni-generali\/","og_locale":"fr_FR","og_type":"article","og_title":"Condizioni generali - Archimede SkiRent","og_description":"CONDITIONS G\u00c9N\u00c9RALES DE LOCATION PR\u00c9AMBULE Les pr\u00e9sentes Conditions G\u00e9n\u00e9rales de Location (ci-apr\u00e8s d\u00e9nomm\u00e9es \u00ab CGL \u00bb) sont pr\u00e9par\u00e9es par le Magasin de Location dans le but de r\u00e9gler la relation contractuelle entre ce dernier et le Client. La confirmation par le Client d\u2019une R\u00e9servation sur notre Site Internet implique de sa part l\u2019acceptation totale et [&hellip;]","og_url":"https:\/\/archimedeskirent.com\/condizioni-generali\/","og_site_name":"Archimede SkiRent","article_modified_time":"2025-07-28T10:05:01+00:00","twitter_card":"summary_large_image","twitter_misc":{"Dur\u00e9e de lecture estim\u00e9e":"13 minutes"},"schema":{"@context":"https:\/\/schema.org","@graph":[{"@type":"WebPage","@id":"https:\/\/archimedeskirent.com\/condizioni-generali\/","url":"https:\/\/archimedeskirent.com\/condizioni-generali\/","name":"Condizioni generali - Archimede SkiRent","isPartOf":{"@id":"https:\/\/archimedeskirent.com\/#website"},"datePublished":"2025-07-28T09:01:51+00:00","dateModified":"2025-07-28T10:05:01+00:00","breadcrumb":{"@id":"https:\/\/archimedeskirent.com\/condizioni-generali\/#breadcrumb"},"inLanguage":"fr-FR","potentialAction":[{"@type":"ReadAction","target":["https:\/\/archimedeskirent.com\/condizioni-generali\/"]}]},{"@type":"BreadcrumbList","@id":"https:\/\/archimedeskirent.com\/condizioni-generali\/#breadcrumb","itemListElement":[{"@type":"ListItem","position":1,"name":"Home","item":"https:\/\/archimedeskirent.com\/fr\/"},{"@type":"ListItem","position":2,"name":"Condizioni generali"}]},{"@type":"WebSite","@id":"https:\/\/archimedeskirent.com\/#website","url":"https:\/\/archimedeskirent.com\/","name":"Archimede SkiRent","description":"","potentialAction":[{"@type":"SearchAction","target":{"@type":"EntryPoint","urlTemplate":"https:\/\/archimedeskirent.com\/?s={search_term_string}"},"query-input":{"@type":"PropertyValueSpecification","valueRequired":true,"valueName":"search_term_string"}}],"inLanguage":"fr-FR"}]}},"jetpack_sharing_enabled":true,"_links":{"self":[{"href":"https:\/\/archimedeskirent.com\/fr\/wp-json\/wp\/v2\/pages\/1143","targetHints":{"allow":["GET"]}}],"collection":[{"href":"https:\/\/archimedeskirent.com\/fr\/wp-json\/wp\/v2\/pages"}],"about":[{"href":"https:\/\/archimedeskirent.com\/fr\/wp-json\/wp\/v2\/types\/page"}],"author":[{"embeddable":true,"href":"https:\/\/archimedeskirent.com\/fr\/wp-json\/wp\/v2\/users\/2"}],"replies":[{"embeddable":true,"href":"https:\/\/archimedeskirent.com\/fr\/wp-json\/wp\/v2\/comments?post=1143"}],"version-history":[{"count":2,"href":"https:\/\/archimedeskirent.com\/fr\/wp-json\/wp\/v2\/pages\/1143\/revisions"}],"predecessor-version":[{"id":1145,"href":"https:\/\/archimedeskirent.com\/fr\/wp-json\/wp\/v2\/pages\/1143\/revisions\/1145"}],"wp:attachment":[{"href":"https:\/\/archimedeskirent.com\/fr\/wp-json\/wp\/v2\/media?parent=1143"}],"curies":[{"name":"wp","href":"https:\/\/api.w.org\/{rel}","templated":true}]}}